{"id":1015,"date":"2016-05-10T12:20:28","date_gmt":"2016-05-10T11:20:28","guid":{"rendered":"http:\/\/divadlomv.cz\/cs\/?page_id=1015"},"modified":"2016-08-02T14:58:49","modified_gmt":"2016-08-02T13:58:49","slug":"bobek-role","status":"publish","type":"page","link":"http:\/\/divadlomv.cz\/cs\/bobek-role\/","title":{"rendered":"Karel Bobek &#8211; divadeln\u00ed role"},"content":{"rendered":"<div id=\"pl-1015\"  class=\"panel-layout\" ><div id=\"pg-1015-0\"  class=\"panel-grid panel-no-style\" ><div id=\"pgc-1015-0-0\"  class=\"panel-grid-cell\" ><div id=\"panel-1015-0-0-0\" class=\"so-panel widget widget_black-studio-tinymce widget_black_studio_tinymce panel-first-child\" data-index=\"0\" ><div class=\"textwidget\"><table style=\"width: 100%; background-color: #5e5e5e;\">\n<tbody>\n<tr>\n<td style=\"border-color: white;\" align=\"center\"><span style=\"color: #ffffff;\"><strong>DIVADELN\u00cd ROLE<\/strong><\/span><\/td>\n<\/tr>\n<\/tbody>\n<\/table>\n<\/div><\/div><div id=\"panel-1015-0-0-1\" class=\"so-panel widget widget_black-studio-tinymce widget_black_studio_tinymce panel-last-child\" data-index=\"1\" ><div class=\"textwidget\"><p><span style=\"color: #800000;\"><strong>Divadeln\u00ed studio MV<\/strong><\/span><\/p>\n<table style=\"width: 100%; background-color: #ebebeb;\">\n<col style=\"width:50%;\" \/>\n<col style=\"width:50%;\" \/>\n<tbody>\n<tr>\n<td style=\"border-color: white;\"><span style=\"color: #000000;\"><a href= \"http:\/\/divadlomv.cz\/cs\/nebe-na-zemi\/\">Nebe na zemi<\/strong><\/td>\n<p><\/a><\/p>\n<td style=\"border-color: white;\"><span style=\"color: #000000;\">Jupiter<\/span><\/td>\n<\/tr>\n<tr>\n<td style=\"border-color: white;\"><span style=\"color: #000000;\"><a href= \"http:\/\/divadlomv.cz\/cs\/balada-z-hadru\/\">Balada z Hadr\u016f<\/span><\/td>\n<p><\/a><\/p>\n<td style=\"border-color: white;\"><span style=\"color: #000000;\">Hl\u00edda\u010d<\/span><\/td>\n<\/tr>\n<\/tbody>\n<p><\/span><\/table>\n<\/div><\/div><\/div><div id=\"pgc-1015-0-1\"  class=\"panel-grid-cell\" ><div id=\"panel-1015-0-1-0\" class=\"so-panel widget widget_black-studio-tinymce widget_black_studio_tinymce panel-first-child\" data-index=\"2\" ><div class=\"textwidget\"><p><img class=\" size-full wp-image-1021 aligncenter\" src=\"http:\/\/divadlomv.cz\/cs\/wp-content\/uploads\/2016\/05\/bobek_m2.jpg\" alt=\"bobek_m2\" width=\"235\" height=\"314\" \/><\/p>\n<\/div><\/div><div id=\"panel-1015-0-1-1\" class=\"so-panel widget widget_black-studio-tinymce widget_black_studio_tinymce\" data-index=\"3\" ><div class=\"textwidget\"><p><img class=\" size-full wp-image-1022 aligncenter\" src=\"http:\/\/divadlomv.cz\/cs\/wp-content\/uploads\/2016\/05\/bobek_m3.jpg\" alt=\"bobek_m3\" width=\"235\" height=\"314\" \/><\/p>\n<\/div><\/div><div id=\"panel-1015-0-1-2\" class=\"so-panel widget widget_black-studio-tinymce widget_black_studio_tinymce panel-last-child\" data-index=\"4\" ><div class=\"textwidget\"><p><img class=\" size-full wp-image-1023 aligncenter\" src=\"http:\/\/divadlomv.cz\/cs\/wp-content\/uploads\/2016\/05\/bobek_m4.jpg\" alt=\"bobek_m4\" width=\"235\" height=\"314\" \/><\/p>\n<\/div><\/div><\/div><\/div><\/div>","protected":false},"excerpt":{"rendered":"<p>DIVADELN\u00cd ROLE Divadeln\u00ed studio MV Nebe na zemi Jupiter Balada z Hadr\u016f Hl\u00edda\u010d<\/p>\n<p class=\"continue-reading-button\"> <a class=\"continue-reading-link\" href=\"http:\/\/divadlomv.cz\/cs\/bobek-role\/\">v\u00edce&#8230;<i class=\"crycon-right-dir\"><\/i><\/a><\/p>\n","protected":false},"author":2,"featured_media":0,"parent":0,"menu_order":0,"comment_status":"closed","ping_status":"closed","template":"","meta":[],"acf":[],"_links":{"self":[{"href":"http:\/\/divadlomv.cz\/cs\/wp-json\/wp\/v2\/pages\/1015"}],"collection":[{"href":"http:\/\/divadlomv.cz\/cs\/wp-json\/wp\/v2\/pages"}],"about":[{"href":"http:\/\/divadlomv.cz\/cs\/wp-json\/wp\/v2\/types\/page"}],"author":[{"embeddable":true,"href":"http:\/\/divadlomv.cz\/cs\/wp-json\/wp\/v2\/users\/2"}],"replies":[{"embeddable":true,"href":"http:\/\/divadlomv.cz\/cs\/wp-json\/wp\/v2\/comments?post=1015"}],"version-history":[{"count":19,"href":"http:\/\/divadlomv.cz\/cs\/wp-json\/wp\/v2\/pages\/1015\/revisions"}],"predecessor-version":[{"id":1043,"href":"http:\/\/divadlomv.cz\/cs\/wp-json\/wp\/v2\/pages\/1015\/revisions\/1043"}],"wp:attachment":[{"href":"http:\/\/divadlomv.cz\/cs\/wp-json\/wp\/v2\/media?parent=1015"}],"curies":[{"name":"wp","href":"https:\/\/api.w.org\/{rel}","templated":true}]}}