{"id":1046,"date":"2016-05-12T13:30:12","date_gmt":"2016-05-12T12:30:12","guid":{"rendered":"http:\/\/divadlomv.cz\/cs\/?page_id=1046"},"modified":"2016-05-13T11:05:53","modified_gmt":"2016-05-13T10:05:53","slug":"boorova","status":"publish","type":"page","link":"http:\/\/divadlomv.cz\/cs\/boorova\/","title":{"rendered":"Romana Boorov\u00e1"},"content":{"rendered":"<div id=\"pl-1046\"  class=\"panel-layout\" ><div id=\"pg-1046-0\"  class=\"panel-grid panel-no-style\" ><div id=\"pgc-1046-0-0\"  class=\"panel-grid-cell\" ><div id=\"panel-1046-0-0-0\" class=\"so-panel widget widget_black-studio-tinymce widget_black_studio_tinymce panel-first-child panel-last-child\" data-index=\"0\" ><div class=\"textwidget\"><p><img class=\" size-full wp-image-945 aligncenter\" src=\"http:\/\/divadlomv.cz\/cs\/wp-content\/uploads\/2016\/04\/boorova_p1.png\" alt=\"boorova_p1\" width=\"1000\" height=\"400\" \/><\/p>\n<\/div><\/div><\/div><\/div><div id=\"pg-1046-1\"  class=\"panel-grid panel-no-style\" ><div id=\"pgc-1046-1-0\"  class=\"panel-grid-cell panel-grid-cell-empty\" ><\/div><div id=\"pgc-1046-1-1\"  class=\"panel-grid-cell panel-grid-cell-mobile-last\" ><div id=\"panel-1046-1-1-0\" class=\"so-panel widget widget_black-studio-tinymce widget_black_studio_tinymce panel-first-child panel-last-child\" data-index=\"1\" ><div class=\"textwidget\"><hr \/>\n<p style=\"text-align: justify;\"><span style=\"color: #000000;\">Rom\u010da se narodila ve Znojm\u011b, kde i studuje na Gymn\u00e1ziu Dr. Karla Polesn\u00e9ho. Ve sv\u00e9m voln\u00e9m \u010dase sportuje, tr\u00e1v\u00ed \u010das se sv\u00fdmi p\u0159\u00e1teli, d\u011bl\u00e1 \u0161\u00edlen\u00e9 v\u011bci a samoz\u0159ejm\u011b chod\u00ed do hereck\u00e9ho oboru. Miluje v\u0161echny mo\u017en\u00e9 druhy sportu od snowboardu a\u017e po pot\u00e1p\u011bn\u00ed, pizzu s mozzarellou a su\u0161en\u00fdmi raj\u010daty, pozn\u00e1v\u00e1n\u00ed nov\u00fdch lid\u00ed a cizinc\u016f. Nejrad\u0161i m\u00e1 l\u00e9to, kdy cestuje po t\u00e1borech a zimu, kdy za\u017e\u00edv\u00e1 dobrodru\u017estv\u00ed na hor\u00e1ch. P\u0159itom j\u00ed v u\u0161\u00edch zn\u00ed grunge, rock, indie-punk, oldies a samoz\u0159ejm\u011b Nirvana - Rom\u010dina nejobl\u00edben\u011bj\u0161\u00ed kapela! Jej\u00ed nejobl\u00edben\u011bj\u0161\u00ed barva je v\u00ednov\u00e1. Tvrd\u00ed o sob\u011b, \u017ee je pra\u0161t\u011bn\u00e1.<br \/>\nPrvn\u00ed zku\u0161enosti na divadeln\u00edch prknech z\u00edskala na z\u00e1kladn\u00ed \u0161kole, kdy v 6. t\u0159\u00edd\u011b m\u011bli hodiny herectv\u00ed. N\u00e1sledovalo pak p\u0159edstaven\u00ed, kter\u00e9 ji natolik bavilo a inspirovalo, \u017ee se p\u0159ihl\u00e1sila do hereck\u00e9ho oboru k Martin\u011b V\u00fdhodov\u00e9 a tam p\u016fsob\u00ed dodnes. R. 2016 se p\u0159idala k Divadeln\u00edmu studiu MV, kter\u00e9 si naplno u\u017e\u00edv\u00e1.<\/span><\/p>\n<hr \/>\n<\/div><\/div><\/div><div id=\"pgc-1046-1-2\"  class=\"panel-grid-cell panel-grid-cell-empty\" ><\/div><\/div><div id=\"pg-1046-2\"  class=\"panel-grid panel-no-style\" ><div id=\"pgc-1046-2-0\"  class=\"panel-grid-cell panel-grid-cell-empty\" ><\/div><div id=\"pgc-1046-2-1\"  class=\"panel-grid-cell\" ><div id=\"panel-1046-2-1-0\" class=\"so-panel widget widget_black-studio-tinymce widget_black_studio_tinymce panel-first-child panel-last-child\" data-index=\"2\" ><div class=\"textwidget\"><table style=\"width: 100%; background-color: #ffffff;\">\n<col style=\"width:50%;\" \/>\n<col style=\"width:50%;\" \/>\n<tbody>\n<tr>\n<td style=\"border-color: white;\">\n<h5><strong><span style=\"color: #800000;\">CO NA SEBE PROZRADILA D\u00c1L?<\/span><\/strong><\/h5>\n<\/td>\n<td style=\"border-color: white;\"><\/td>\n<\/tr>\n<tr>\n<td style=\"border-color: white;\"><strong><\/strong><\/td>\n<td style=\"border-color: white;\"><\/td>\n<\/tr>\n<tr>\n<td style=\"border-color: white;\"><strong>Na co by cht\u011bla m\u00edt talent?<\/strong><\/td>\n<td style=\"border-color: white;\">Um\u011bt hr\u00e1t na n\u011bjak\u00fd hudebn\u00ed n\u00e1stroj.<\/td>\n<\/tr>\n<tr>\n<td style=\"border-color: white;\"><strong>Kde by nejrad\u011bji \u017eila?<\/strong><\/td>\n<td style=\"border-color: white;\">Ve sv\u011bt\u011b, kde si je ka\u017ed\u00fd rovn\u00fd a v\u0161ichni se maj\u00ed kr\u00e1sn\u011b.<\/td>\n<\/tr>\n<tr>\n<td style=\"border-color: white;\"><strong>Jak\u00fd film m\u016f\u017ee vid\u011bt kdykoliv znovu?<\/strong><\/td>\n<td style=\"border-color: white;\">Pir\u00e1ty z Karibiku.<\/td>\n<\/tr>\n<tr>\n<td style=\"border-color: white;\"><strong>Kter\u00e9 slovo \u010di v\u011btu pou\u017e\u00edv\u00e1 nej\u010dast\u011bji?<\/strong><\/td>\n<td style=\"border-color: white;\">Achso!<\/td>\n<\/tr>\n<tr>\n<td style=\"border-color: white;\"><strong>Nejobl\u00edben\u011bj\u0161\u00ed poh\u00e1dka?<\/strong><\/td>\n<td style=\"border-color: white;\">Poh\u00e1dky? V\u0161echny!<\/td>\n<\/tr>\n<tr>\n<td style=\"border-color: white;\"><strong>Rom\u010di motto?<\/strong><\/td>\n<td style=\"border-color: white;\">B\u011b\u017e, v\u011b\u0159 a dok\u00e1\u017ee\u0161!<\/td>\n<\/tr>\n<tr>\n<td style=\"border-color: white;\"><strong>Co m\u00e1 na divadle nejrad\u011bji?<\/strong><\/td>\n<td style=\"border-color: white;\">Na divadle m\u00e1 nejrad\u011bji, \u017ee pr\u00e1v\u011b tam se c\u00edt\u00ed sama sebou a m\u016f\u017ee tam p\u0159edv\u00e9st v\u0161e, co v n\u00ed je. \"Jednodu\u0161e m\u011b bav\u00ed, jak m\u011b bav\u00ed.\" \ud83d\ude42<\/td>\n<\/tr>\n<\/tbody>\n<\/table>\n<\/div><\/div><\/div><div id=\"pgc-1046-2-2\"  class=\"panel-grid-cell panel-grid-cell-mobile-last\" ><div id=\"panel-1046-2-2-0\" class=\"so-panel widget widget_black-studio-tinymce widget_black_studio_tinymce panel-first-child\" data-index=\"3\" ><div class=\"textwidget\"><\/div><\/div><div id=\"panel-1046-2-2-1\" class=\"so-panel widget widget_black-studio-tinymce widget_black_studio_tinymce panel-last-child\" data-index=\"4\" ><div class=\"textwidget\"><p style=\"text-align: center;\"><span class=\"\" style=\"display:block;clear:both;height: 0px;padding-top: 20px;border-top-width:0px;border-bottom-width:0px;\"><\/span><br \/>\n<a href=\"http:\/\/divadlomv.cz\/cs\/boorova-role\/\" class='button'>Divadeln\u00ed role<\/a><\/p>\n<style>\n.button {\n   border: 1px solid #080000;\n   background: #080000;\n   background: -webkit-gradient(linear, left top, left bottom, from(#800000), to(#080000));\n   background: -webkit-linear-gradient(top, #800000, #080000);\n   background: -moz-linear-gradient(top, #800000, #080000);\n   background: -ms-linear-gradient(top, #800000, #080000);\n   background: -o-linear-gradient(top, #800000, #080000);\n   background-image: -ms-linear-gradient(top, #800000 0%, #080000 100%);\n   padding: 12px 24px;\n   -webkit-border-radius: 0px;\n   -moz-border-radius: 0px;\n   border-radius: 0px;\n   -webkit-box-shadow: rgba(255,255,255,0.4) 0 1px 0, inset rgba(255,255,255,0.4) 0 1px 0;\n   -moz-box-shadow: rgba(255,255,255,0.4) 0 1px 0, inset rgba(255,255,255,0.4) 0 1px 0;\n   box-shadow: rgba(255,255,255,0.4) 0 1px 0, inset rgba(255,255,255,0.4) 0 1px 0;\n   text-shadow: #995a5a 0 1px 0;\n   color: #fcfeff;\n   font-size: 14px;\n   font-family: helvetica, serif;\n   text-decoration: none;\n   vertical-align: middle;\n   }\n.button:hover {\n   border: 1px solid #000000;\n   text-shadow: #995a5a 0 1px 0;\n   background: #525252;\n   background: -webkit-gradient(linear, left top, left bottom, from(#800000), to(#525252));\n   background: -webkit-linear-gradient(top, #800000, #525252);\n   background: -moz-linear-gradient(top, #800000, #525252);\n   background: -ms-linear-gradient(top, #800000, #525252);\n   background: -o-linear-gradient(top, #800000, #525252);\n   background-image: -ms-linear-gradient(top, #800000 0%, #525252 100%);\n   color: #fff;\n   }\n.button:active {\n   text-shadow: #995a5a 0 1px 0;\n   border: 1px solid #000000;\n   background: #b3b3b3;\n   background: -webkit-gradient(linear, left top, left bottom, from(#800000), to(#525252));\n   background: -webkit-linear-gradient(top, #800000, #b3b3b3);\n   background: -moz-linear-gradient(top, #800000, #b3b3b3);\n   background: -ms-linear-gradient(top, #800000, #b3b3b3);\n   background: -o-linear-gradient(top, #800000, #b3b3b3);\n   background-image: -ms-linear-gradient(top, #800000 0%, #b3b3b3 100%);\n   color: #fff;\n   }\n<\/style>\n<\/div><\/div><\/div><div id=\"pgc-1046-2-3\"  class=\"panel-grid-cell panel-grid-cell-empty\" ><\/div><\/div><\/div>","protected":false},"excerpt":{"rendered":"<p>Rom\u010da se narodila ve Znojm\u011b, kde i studuje na Gymn\u00e1ziu Dr. Karla Polesn\u00e9ho. Ve sv\u00e9m voln\u00e9m \u010dase sportuje, tr\u00e1v\u00ed \u010das se sv\u00fdmi p\u0159\u00e1teli, d\u011bl\u00e1 \u0161\u00edlen\u00e9 v\u011bci a samoz\u0159ejm\u011b chod\u00ed do hereck\u00e9ho oboru. Miluje v\u0161echny mo\u017en\u00e9 druhy sportu od snowboardu a\u017e po pot\u00e1p\u011bn\u00ed, pizzu s mozzarellou a su\u0161en\u00fdmi raj\u010daty, pozn\u00e1v\u00e1n\u00ed nov\u00fdch\u2026<\/p>\n<p class=\"continue-reading-button\"> <a class=\"continue-reading-link\" href=\"http:\/\/divadlomv.cz\/cs\/boorova\/\">v\u00edce&#8230;<i class=\"crycon-right-dir\"><\/i><\/a><\/p>\n","protected":false},"author":2,"featured_media":0,"parent":0,"menu_order":0,"comment_status":"closed","ping_status":"closed","template":"","meta":[],"acf":[],"_links":{"self":[{"href":"http:\/\/divadlomv.cz\/cs\/wp-json\/wp\/v2\/pages\/1046"}],"collection":[{"href":"http:\/\/divadlomv.cz\/cs\/wp-json\/wp\/v2\/pages"}],"about":[{"href":"http:\/\/divadlomv.cz\/cs\/wp-json\/wp\/v2\/types\/page"}],"author":[{"embeddable":true,"href":"http:\/\/divadlomv.cz\/cs\/wp-json\/wp\/v2\/users\/2"}],"replies":[{"embeddable":true,"href":"http:\/\/divadlomv.cz\/cs\/wp-json\/wp\/v2\/comments?post=1046"}],"version-history":[{"count":16,"href":"http:\/\/divadlomv.cz\/cs\/wp-json\/wp\/v2\/pages\/1046\/revisions"}],"predecessor-version":[{"id":1258,"href":"http:\/\/divadlomv.cz\/cs\/wp-json\/wp\/v2\/pages\/1046\/revisions\/1258"}],"wp:attachment":[{"href":"http:\/\/divadlomv.cz\/cs\/wp-json\/wp\/v2\/media?parent=1046"}],"curies":[{"name":"wp","href":"https:\/\/api.w.org\/{rel}","templated":true}]}}