{"id":1057,"date":"2016-05-12T13:36:52","date_gmt":"2016-05-12T12:36:52","guid":{"rendered":"http:\/\/divadlomv.cz\/cs\/?page_id=1057"},"modified":"2016-05-13T15:11:11","modified_gmt":"2016-05-13T14:11:11","slug":"boorova-role","status":"publish","type":"page","link":"http:\/\/divadlomv.cz\/cs\/boorova-role\/","title":{"rendered":"Romana Boorov\u00e1 &#8211; divadeln\u00ed role"},"content":{"rendered":"<div id=\"pl-1057\"  class=\"panel-layout\" ><div id=\"pg-1057-0\"  class=\"panel-grid panel-no-style\" ><div id=\"pgc-1057-0-0\"  class=\"panel-grid-cell\" ><div id=\"panel-1057-0-0-0\" class=\"so-panel widget widget_black-studio-tinymce widget_black_studio_tinymce panel-first-child\" data-index=\"0\" ><div class=\"textwidget\"><table style=\"width: 100%; background-color: #5e5e5e;\">\n<tbody>\n<tr>\n<td style=\"border-color: white;\" align=\"center\"><span style=\"color: #ffffff;\"><strong>DIVADELN\u00cd ROLE<\/strong><\/span><\/td>\n<\/tr>\n<\/tbody>\n<\/table>\n<\/div><\/div><div id=\"panel-1057-0-0-1\" class=\"so-panel widget widget_black-studio-tinymce widget_black_studio_tinymce\" data-index=\"1\" ><div class=\"textwidget\"><p><span style=\"color: #800000;\"><strong>Divadeln\u00ed studio MV<\/strong><\/span><\/p>\n<table style=\"width: 100%; background-color: #ebebeb;\">\n<col style=\"width:50%;\" \/>\n<col style=\"width:50%;\" \/>\n<tbody>\n<tr>\n<td style=\"border-color: white;\"><span style=\"color: #000000;\"><a href= \"http:\/\/divadlomv.cz\/cs\/balada-z-hadru\/\">Balada z Hadr\u016f<\/span><\/td>\n<p><\/a><\/p>\n<td style=\"border-color: white;\"><span style=\"color: #000000;\">Nezam\u011bstnan\u00ed, chudina<\/span><\/td>\n<\/tr>\n<\/tbody>\n<p><\/span><\/table>\n<\/div><\/div><div id=\"panel-1057-0-0-2\" class=\"so-panel widget widget_black-studio-tinymce widget_black_studio_tinymce panel-last-child\" data-index=\"2\" ><div class=\"textwidget\"><p><span style=\"color: #800000;\"><strong>Divadeln\u00ed studio MV<\/strong><\/span><\/p>\n<table style=\"width: 100%; background-color: #ebebeb;\">\n<col style=\"width:50%;\" \/>\n<col style=\"width:50%;\" \/>\n<tbody>\n<tr>\n<td style=\"border-color: white;\"><span style=\"color: #000000;\">Lesn\u00ed poh\u00e1dka<\/strong><\/td>\n<p><\/a><\/p>\n<td style=\"border-color: white;\"><span style=\"color: #000000;\">Vodn\u00edk<\/span><\/td>\n<\/tr>\n<tr>\n<td style=\"border-color: white;\"><span style=\"color: #000000;\">O lido\u017eroutech, d\u011btech a skunkovi<\/span><\/td>\n<td style=\"border-color: white;\"><span style=\"color: #000000;\">Indi\u00e1n Ahaj\u00fate<\/span><\/td>\n<\/tr>\n<\/tbody>\n<tr>\n<td style=\"border-color: white;\"><span style=\"color: #000000;\">Krakono\u0161ova poh\u00e1dka<\/span><\/td>\n<td style=\"border-color: white;\"><span style=\"color: #000000;\">Babice<\/span><\/td>\n<\/tr>\n<tr>\n<td style=\"border-color: white;\"><span style=\"color: #000000;\">Machr a \u0160ebestov\u00e1<\/span><\/td>\n<td style=\"border-color: white;\"><span style=\"color: #000000;\">D\u017eonatan<\/span><\/td>\n<\/tr>\n<tr>\n<td style=\"border-color: white;\"><span style=\"color: #000000;\">Olymp\u0161t\u00ed bohov\u00e9<\/span><\/td>\n<td style=\"border-color: white;\"><span style=\"color: #000000;\">H\u00e9ra<\/span><\/td>\n<\/tr>\n<tr>\n<td style=\"border-color: white;\"><span style=\"color: #000000;\">Zumba, samba, hej hola<\/span><\/td>\n<td style=\"border-color: white;\"><span style=\"color: #000000;\">\u0160a\u0161ek<\/span><\/td>\n<\/tr>\n<tr>\n<td style=\"border-color: white;\"><span style=\"color: #000000;\">O zelen\u00e9 Karkulce a sedmi state\u010dn\u00fdch trpasl\u00edc\u00edch<\/span><\/td>\n<td style=\"border-color: white;\"><span style=\"color: #000000;\">Chemie<\/span><\/td>\n<\/tr>\n<tr>\n<td style=\"border-color: white;\"><span style=\"color: #000000;\">Jak za\u010dala a skon\u010dila trojsk\u00e1 v\u00e1lka aneb Konec ku\u0159\u00edch ok na Olympu<\/span><\/td>\n<td style=\"border-color: white;\"><span style=\"color: #000000;\">Helena<\/span><\/td>\n<\/tr>\n<tr>\n<td style=\"border-color: white;\"><span style=\"color: #000000;\">Vodn\u00edci ve m\u011bst\u011b<\/span><\/td>\n<td style=\"border-color: white;\"><span style=\"color: #000000;\">Dav<\/span><\/td>\n<\/tr>\n<tr>\n<td style=\"border-color: white;\"><span style=\"color: #000000;\">Prodan\u00e9 nev\u011bst\u011b<\/span><\/td>\n<td style=\"border-color: white;\"><span style=\"color: #000000;\">Vesni\u010danka<\/span><\/td>\n<\/tr>\n<\/tbody>\n<p><\/span><\/table>\n<\/div><\/div><\/div><div id=\"pgc-1057-0-1\"  class=\"panel-grid-cell\" ><div id=\"panel-1057-0-1-0\" class=\"so-panel widget widget_black-studio-tinymce widget_black_studio_tinymce panel-first-child\" data-index=\"3\" ><div class=\"textwidget\"><p><img src=\"http:\/\/divadlomv.cz\/cs\/wp-content\/uploads\/2016\/05\/boorova_m1.jpg\" alt=\"boorova_m1\" width=\"235\" height=\"313\" class=\"aligncenter size-full wp-image-1063\" \/><\/p>\n<\/div><\/div><div id=\"panel-1057-0-1-1\" class=\"so-panel widget widget_black-studio-tinymce widget_black_studio_tinymce\" data-index=\"4\" ><div class=\"textwidget\"><p><img src=\"http:\/\/divadlomv.cz\/cs\/wp-content\/uploads\/2016\/05\/boorova_m2.jpg\" alt=\"boorova_m2\" width=\"235\" height=\"313\" class=\"aligncenter size-full wp-image-1064\" \/><\/p>\n<\/div><\/div><div id=\"panel-1057-0-1-2\" class=\"so-panel widget widget_black-studio-tinymce widget_black_studio_tinymce panel-last-child\" data-index=\"5\" ><div class=\"textwidget\"><p><img src=\"http:\/\/divadlomv.cz\/cs\/wp-content\/uploads\/2016\/05\/boorova_m3.jpg\" alt=\"boorova_m3\" width=\"235\" height=\"313\" class=\"aligncenter size-full wp-image-1065\" \/><\/p>\n<\/div><\/div><\/div><\/div><\/div>","protected":false},"excerpt":{"rendered":"<p>DIVADELN\u00cd ROLE Divadeln\u00ed studio MV Balada z Hadr\u016f Nezam\u011bstnan\u00ed, chudina Divadeln\u00ed studio MV Lesn\u00ed poh\u00e1dka Vodn\u00edk O lido\u017eroutech, d\u011btech a skunkovi Indi\u00e1n Ahaj\u00fate Krakono\u0161ova poh\u00e1dka Babice Machr a \u0160ebestov\u00e1 D\u017eonatan Olymp\u0161t\u00ed bohov\u00e9 H\u00e9ra Zumba, samba, hej hola \u0160a\u0161ek O zelen\u00e9 Karkulce a sedmi state\u010dn\u00fdch trpasl\u00edc\u00edch Chemie Jak za\u010dala a skon\u010dila\u2026<\/p>\n<p class=\"continue-reading-button\"> <a class=\"continue-reading-link\" href=\"http:\/\/divadlomv.cz\/cs\/boorova-role\/\">v\u00edce&#8230;<i class=\"crycon-right-dir\"><\/i><\/a><\/p>\n","protected":false},"author":2,"featured_media":0,"parent":0,"menu_order":0,"comment_status":"closed","ping_status":"closed","template":"","meta":[],"acf":[],"_links":{"self":[{"href":"http:\/\/divadlomv.cz\/cs\/wp-json\/wp\/v2\/pages\/1057"}],"collection":[{"href":"http:\/\/divadlomv.cz\/cs\/wp-json\/wp\/v2\/pages"}],"about":[{"href":"http:\/\/divadlomv.cz\/cs\/wp-json\/wp\/v2\/types\/page"}],"author":[{"embeddable":true,"href":"http:\/\/divadlomv.cz\/cs\/wp-json\/wp\/v2\/users\/2"}],"replies":[{"embeddable":true,"href":"http:\/\/divadlomv.cz\/cs\/wp-json\/wp\/v2\/comments?post=1057"}],"version-history":[{"count":5,"href":"http:\/\/divadlomv.cz\/cs\/wp-json\/wp\/v2\/pages\/1057\/revisions"}],"predecessor-version":[{"id":1197,"href":"http:\/\/divadlomv.cz\/cs\/wp-json\/wp\/v2\/pages\/1057\/revisions\/1197"}],"wp:attachment":[{"href":"http:\/\/divadlomv.cz\/cs\/wp-json\/wp\/v2\/media?parent=1057"}],"curies":[{"name":"wp","href":"https:\/\/api.w.org\/{rel}","templated":true}]}}