{"id":1118,"date":"2016-10-12T11:37:59","date_gmt":"2016-10-12T10:37:59","guid":{"rendered":"http:\/\/divadlomv.cz\/cs\/?page_id=1118"},"modified":"2016-10-12T11:37:59","modified_gmt":"2016-10-12T10:37:59","slug":"bastlova","status":"publish","type":"page","link":"http:\/\/divadlomv.cz\/cs\/bastlova\/","title":{"rendered":"Vlasta Bastlov\u00e1"},"content":{"rendered":"<div id=\"pl-1118\"  class=\"panel-layout\" ><div id=\"pg-1118-0\"  class=\"panel-grid panel-no-style\" ><div id=\"pgc-1118-0-0\"  class=\"panel-grid-cell\" ><div id=\"panel-1118-0-0-0\" class=\"so-panel widget widget_black-studio-tinymce widget_black_studio_tinymce panel-first-child panel-last-child\" data-index=\"0\" ><div class=\"textwidget\"><p><img class=\"aligncenter size-full wp-image-1419\" src=\"http:\/\/divadlomv.cz\/cs\/wp-content\/uploads\/2016\/10\/bastlova.jpg\" alt=\"bastlova\" width=\"1000\" height=\"400\" \/><\/p>\n<\/div><\/div><\/div><\/div><div id=\"pg-1118-1\"  class=\"panel-grid panel-no-style\" ><div id=\"pgc-1118-1-0\"  class=\"panel-grid-cell panel-grid-cell-empty\" ><\/div><div id=\"pgc-1118-1-1\"  class=\"panel-grid-cell panel-grid-cell-mobile-last\" ><div id=\"panel-1118-1-1-0\" class=\"so-panel widget widget_black-studio-tinymce widget_black_studio_tinymce panel-first-child panel-last-child\" data-index=\"1\" ><div class=\"textwidget\"><hr \/>\n<p style=\"text-align: justify;\"><span style=\"color: #000000;\">Vlasta se narodila v Moravsk\u00e9m Krumlov\u011b. Studovala ciz\u00ed jazyky (angli\u010dtinu a n\u011bm\u010dinu). Pracuje jako u\u010ditelka. Sv\u016fj voln\u00fd \u010das v\u011bnuje cestov\u00e1n\u00ed, \u010dten\u00ed, film\u016fm, scrapbookingu, ru\u010dn\u00edm prac\u00edm, j\u00edzd\u011b na kole a ekologii. M\u00e1 r\u00e1da st\u0159edomo\u0159skou kuchyni a krom ryb nej\u00ed maso.<br \/>\nPrvn\u00ed zku\u0161enosti na divadeln\u00edch prknech z\u00edskala na z\u00e1kladn\u00ed \u0161kole, kde chodila do divadeln\u00edho souboru \u0164apka, p\u0159i studiu na vysok\u00e9 \u0161kole pak hr\u00e1la divadlo v n\u011bm\u010din\u011b. V Divadeln\u00edm studiu Martiny V\u00fdhodov\u00e9 p\u016fsob\u00ed od ledna 2016.<br \/>\n<\/span><\/p>\n<hr \/>\n<\/div><\/div><\/div><div id=\"pgc-1118-1-2\"  class=\"panel-grid-cell panel-grid-cell-empty\" ><\/div><\/div><div id=\"pg-1118-2\"  class=\"panel-grid panel-no-style\" ><div id=\"pgc-1118-2-0\"  class=\"panel-grid-cell panel-grid-cell-empty\" ><\/div><div id=\"pgc-1118-2-1\"  class=\"panel-grid-cell\" ><div id=\"panel-1118-2-1-0\" class=\"so-panel widget widget_black-studio-tinymce widget_black_studio_tinymce panel-first-child panel-last-child\" data-index=\"2\" ><div class=\"textwidget\"><table style=\"width: 100%; background-color: #ffffff;\">\n<col style=\"width:50%;\" \/>\n<col style=\"width:50%;\" \/>\n<tbody>\n<tr>\n<td style=\"border-color: white;\">\n<h5><strong><span style=\"color: #800000;\">CO NA SEBE PROZRADILA D\u00c1L?<\/span><\/strong><\/h5>\n<\/td>\n<td style=\"border-color: white;\"><\/td>\n<\/tr>\n<tr>\n<td style=\"border-color: white;\"><strong><\/strong><\/td>\n<td style=\"border-color: white;\"><\/td>\n<\/tr>\n<tr>\n<td style=\"border-color: white;\"><strong>Na co by cht\u011bla m\u00edt talent?<\/strong><\/td>\n<td style=\"border-color: white;\">Z\u016fstat v\u017edy nad v\u011bc\u00ed.<\/td>\n<\/tr>\n<tr>\n<td style=\"border-color: white;\"><strong>Kde by nejrad\u011bji \u017eila?<\/strong><\/td>\n<td style=\"border-color: white;\">V p\u0159\u00edtomn\u00e9m okam\u017eiku.<\/td>\n<\/tr>\n<tr>\n<td style=\"border-color: white;\"><strong>Jak\u00fd film m\u016f\u017ee vid\u011bt kdykoliv znovu?<\/strong><\/td>\n<td style=\"border-color: white;\">Film, kter\u00fd se dotkl m\u00e9ho srdce - t\u011b\u017eko vybrat jen jeden.<\/td>\n<\/tr>\n<tr>\n<td style=\"border-color: white;\"><strong>Kter\u00e9 slovo \u010di v\u011btu pou\u017e\u00edv\u00e1 nej\u010dast\u011bji?<\/strong><\/td>\n<td style=\"border-color: white;\">Dobr\u00fd den.<\/td>\n<\/tr>\n<tr>\n<td style=\"border-color: white;\"><strong>Nejobl\u00edben\u011bj\u0161\u00ed poh\u00e1dka?<\/strong><\/td>\n<td style=\"border-color: white;\">T\u0159i o\u0159\u00ed\u0161ky pro Popelku.<\/td>\n<\/tr>\n<tr>\n<td style=\"border-color: white;\"><strong>Osobn\u00ed motto?<\/strong><\/td>\n<td style=\"border-color: white;\">Miluji to, co d\u011bl\u00e1m, a d\u011bl\u00e1m to, co miluji.<\/td>\n<\/tr>\n<tr>\n<td style=\"border-color: white;\"><strong>Co m\u00e1 na divadle nejrad\u011bji?<\/strong><\/td>\n<td style=\"border-color: white;\">Atmosf\u00e9ru, lidi, v\u00e1\u0161e\u0148, srandu.<\/td>\n<\/tr>\n<\/tbody>\n<\/table>\n<\/div><\/div><\/div><div id=\"pgc-1118-2-2\"  class=\"panel-grid-cell panel-grid-cell-mobile-last\" ><div id=\"panel-1118-2-2-0\" class=\"so-panel widget widget_black-studio-tinymce widget_black_studio_tinymce panel-first-child\" data-index=\"3\" ><div class=\"textwidget\"><\/div><\/div><div id=\"panel-1118-2-2-1\" class=\"so-panel widget widget_black-studio-tinymce widget_black_studio_tinymce panel-last-child\" data-index=\"4\" ><div class=\"textwidget\"><p style=\"text-align: center;\"><span class=\"\" style=\"display:block;clear:both;height: 0px;padding-top: 20px;border-top-width:0px;border-bottom-width:0px;\"><\/span><br \/>\n<a href=\"http:\/\/divadlomv.cz\/cs\/bastlova-role\/\" class='button'>Divadeln\u00ed role<\/a><\/p>\n<style>\n.button {\n   border: 1px solid #080000;\n   background: #080000;\n   background: -webkit-gradient(linear, left top, left bottom, from(#800000), to(#080000));\n   background: -webkit-linear-gradient(top, #800000, #080000);\n   background: -moz-linear-gradient(top, #800000, #080000);\n   background: -ms-linear-gradient(top, #800000, #080000);\n   background: -o-linear-gradient(top, #800000, #080000);\n   background-image: -ms-linear-gradient(top, #800000 0%, #080000 100%);\n   padding: 12px 24px;\n   -webkit-border-radius: 0px;\n   -moz-border-radius: 0px;\n   border-radius: 0px;\n   -webkit-box-shadow: rgba(255,255,255,0.4) 0 1px 0, inset rgba(255,255,255,0.4) 0 1px 0;\n   -moz-box-shadow: rgba(255,255,255,0.4) 0 1px 0, inset rgba(255,255,255,0.4) 0 1px 0;\n   box-shadow: rgba(255,255,255,0.4) 0 1px 0, inset rgba(255,255,255,0.4) 0 1px 0;\n   text-shadow: #995a5a 0 1px 0;\n   color: #fcfeff;\n   font-size: 14px;\n   font-family: helvetica, serif;\n   text-decoration: none;\n   vertical-align: middle;\n   }\n.button:hover {\n   border: 1px solid #000000;\n   text-shadow: #995a5a 0 1px 0;\n   background: #525252;\n   background: -webkit-gradient(linear, left top, left bottom, from(#800000), to(#525252));\n   background: -webkit-linear-gradient(top, #800000, #525252);\n   background: -moz-linear-gradient(top, #800000, #525252);\n   background: -ms-linear-gradient(top, #800000, #525252);\n   background: -o-linear-gradient(top, #800000, #525252);\n   background-image: -ms-linear-gradient(top, #800000 0%, #525252 100%);\n   color: #fff;\n   }\n.button:active {\n   text-shadow: #995a5a 0 1px 0;\n   border: 1px solid #000000;\n   background: #b3b3b3;\n   background: -webkit-gradient(linear, left top, left bottom, from(#800000), to(#525252));\n   background: -webkit-linear-gradient(top, #800000, #b3b3b3);\n   background: -moz-linear-gradient(top, #800000, #b3b3b3);\n   background: -ms-linear-gradient(top, #800000, #b3b3b3);\n   background: -o-linear-gradient(top, #800000, #b3b3b3);\n   background-image: -ms-linear-gradient(top, #800000 0%, #b3b3b3 100%);\n   color: #fff;\n   }\n<\/style>\n<\/div><\/div><\/div><div id=\"pgc-1118-2-3\"  class=\"panel-grid-cell panel-grid-cell-empty\" ><\/div><\/div><\/div>","protected":false},"excerpt":{"rendered":"<p>Vlasta se narodila v Moravsk\u00e9m Krumlov\u011b. Studovala ciz\u00ed jazyky (angli\u010dtinu a n\u011bm\u010dinu). Pracuje jako u\u010ditelka. Sv\u016fj voln\u00fd \u010das v\u011bnuje cestov\u00e1n\u00ed, \u010dten\u00ed, film\u016fm, scrapbookingu, ru\u010dn\u00edm prac\u00edm, j\u00edzd\u011b na kole a ekologii. M\u00e1 r\u00e1da st\u0159edomo\u0159skou kuchyni a krom ryb nej\u00ed maso. Prvn\u00ed zku\u0161enosti na divadeln\u00edch prknech z\u00edskala na z\u00e1kladn\u00ed \u0161kole, kde chodila\u2026<\/p>\n<p class=\"continue-reading-button\"> <a class=\"continue-reading-link\" href=\"http:\/\/divadlomv.cz\/cs\/bastlova\/\">v\u00edce&#8230;<i class=\"crycon-right-dir\"><\/i><\/a><\/p>\n","protected":false},"author":2,"featured_media":0,"parent":0,"menu_order":0,"comment_status":"closed","ping_status":"closed","template":"","meta":[],"acf":[],"_links":{"self":[{"href":"http:\/\/divadlomv.cz\/cs\/wp-json\/wp\/v2\/pages\/1118"}],"collection":[{"href":"http:\/\/divadlomv.cz\/cs\/wp-json\/wp\/v2\/pages"}],"about":[{"href":"http:\/\/divadlomv.cz\/cs\/wp-json\/wp\/v2\/types\/page"}],"author":[{"embeddable":true,"href":"http:\/\/divadlomv.cz\/cs\/wp-json\/wp\/v2\/users\/2"}],"replies":[{"embeddable":true,"href":"http:\/\/divadlomv.cz\/cs\/wp-json\/wp\/v2\/comments?post=1118"}],"version-history":[{"count":6,"href":"http:\/\/divadlomv.cz\/cs\/wp-json\/wp\/v2\/pages\/1118\/revisions"}],"predecessor-version":[{"id":1424,"href":"http:\/\/divadlomv.cz\/cs\/wp-json\/wp\/v2\/pages\/1118\/revisions\/1424"}],"wp:attachment":[{"href":"http:\/\/divadlomv.cz\/cs\/wp-json\/wp\/v2\/media?parent=1118"}],"curies":[{"name":"wp","href":"https:\/\/api.w.org\/{rel}","templated":true}]}}