{"id":1120,"date":"2016-10-12T11:38:20","date_gmt":"2016-10-12T10:38:20","guid":{"rendered":"http:\/\/divadlomv.cz\/cs\/?page_id=1120"},"modified":"2016-10-12T12:27:18","modified_gmt":"2016-10-12T11:27:18","slug":"bastlova-role","status":"publish","type":"page","link":"http:\/\/divadlomv.cz\/cs\/bastlova-role\/","title":{"rendered":"Vlasta Bastlov\u00e1 &#8211; divadeln\u00ed role"},"content":{"rendered":"<div id=\"pl-1120\"  class=\"panel-layout\" ><div id=\"pg-1120-0\"  class=\"panel-grid panel-no-style\" ><div id=\"pgc-1120-0-0\"  class=\"panel-grid-cell\" ><div id=\"panel-1120-0-0-0\" class=\"so-panel widget widget_black-studio-tinymce widget_black_studio_tinymce panel-first-child\" data-index=\"0\" ><div class=\"textwidget\"><table style=\"width: 100%; background-color: #5e5e5e;\">\n<tbody>\n<tr>\n<td style=\"border-color: white;\" align=\"center\"><span style=\"color: #ffffff;\"><strong>DIVADELN\u00cd ROLE<\/strong><\/span><\/td>\n<\/tr>\n<\/tbody>\n<\/table>\n<\/div><\/div><div id=\"panel-1120-0-0-1\" class=\"so-panel widget widget_black-studio-tinymce widget_black_studio_tinymce panel-last-child\" data-index=\"1\" ><div class=\"textwidget\"><p><span style=\"color: #800000;\"><strong>Divadeln\u00ed studio MV<\/strong><\/span><\/p>\n<table style=\"width: 100%; background-color: #ebebeb;\">\n<col style=\"width:50%;\" \/>\n<col style=\"width:50%;\" \/>\n<tbody>\n<tr>\n<td style=\"border-color: white;\"><span style=\"color: #000000;\"><a href= \"http:\/\/divadlomv.cz\/cs\/nebe-na-zemi\/\">Nebe na zemi<\/strong><\/td>\n<p><\/a><\/p>\n<td style=\"border-color: white;\"><span style=\"color: #000000;\">Sousedka<\/span><\/td>\n<\/tr>\n<tr>\n<td style=\"border-color: white;\"><span style=\"color: #000000;\"><a href= \"http:\/\/divadlomv.cz\/cs\/balada-z-hadru\/\"><\/span>Balada z hadr\u016f<\/td>\n<p><\/a><\/p>\n<td style=\"border-color: white;\"><span style=\"color: #000000;\"><\/span>Nezam\u011bstnan\u00e1, chudina<\/td>\n<\/tr>\n<\/tbody>\n<p><\/span><\/table>\n<\/div><\/div><\/div><div id=\"pgc-1120-0-1\"  class=\"panel-grid-cell\" ><div id=\"panel-1120-0-1-0\" class=\"so-panel widget widget_black-studio-tinymce widget_black_studio_tinymce panel-first-child\" data-index=\"2\" ><div class=\"textwidget\"><p><img class=\"aligncenter size-full wp-image-1441\" src=\"http:\/\/divadlomv.cz\/cs\/wp-content\/uploads\/2016\/10\/bastlova_1.jpg\" alt=\"bastlova_1\" width=\"235\" height=\"313\" \/><\/p>\n<\/div><\/div><div id=\"panel-1120-0-1-1\" class=\"so-panel widget widget_black-studio-tinymce widget_black_studio_tinymce\" data-index=\"3\" ><div class=\"textwidget\"><p><img class=\"aligncenter size-full wp-image-1442\" src=\"http:\/\/divadlomv.cz\/cs\/wp-content\/uploads\/2016\/10\/bastlova_2.jpg\" alt=\"bastlova_2\" width=\"235\" height=\"313\" \/><\/p>\n<\/div><\/div><div id=\"panel-1120-0-1-2\" class=\"so-panel widget widget_black-studio-tinymce widget_black_studio_tinymce panel-last-child\" data-index=\"4\" ><div class=\"textwidget\"><p><img class=\"aligncenter size-full wp-image-1443\" src=\"http:\/\/divadlomv.cz\/cs\/wp-content\/uploads\/2016\/10\/bastlova_3.jpg\" alt=\"bastlova_3\" width=\"235\" height=\"313\" \/><\/p>\n<\/div><\/div><\/div><\/div><\/div>","protected":false},"excerpt":{"rendered":"<p>DIVADELN\u00cd ROLE Divadeln\u00ed studio MV Nebe na zemi Sousedka Balada z hadr\u016f Nezam\u011bstnan\u00e1, chudina<\/p>\n<p class=\"continue-reading-button\"> <a class=\"continue-reading-link\" href=\"http:\/\/divadlomv.cz\/cs\/bastlova-role\/\">v\u00edce&#8230;<i class=\"crycon-right-dir\"><\/i><\/a><\/p>\n","protected":false},"author":2,"featured_media":0,"parent":0,"menu_order":0,"comment_status":"closed","ping_status":"closed","template":"","meta":[],"acf":[],"_links":{"self":[{"href":"http:\/\/divadlomv.cz\/cs\/wp-json\/wp\/v2\/pages\/1120"}],"collection":[{"href":"http:\/\/divadlomv.cz\/cs\/wp-json\/wp\/v2\/pages"}],"about":[{"href":"http:\/\/divadlomv.cz\/cs\/wp-json\/wp\/v2\/types\/page"}],"author":[{"embeddable":true,"href":"http:\/\/divadlomv.cz\/cs\/wp-json\/wp\/v2\/users\/2"}],"replies":[{"embeddable":true,"href":"http:\/\/divadlomv.cz\/cs\/wp-json\/wp\/v2\/comments?post=1120"}],"version-history":[{"count":3,"href":"http:\/\/divadlomv.cz\/cs\/wp-json\/wp\/v2\/pages\/1120\/revisions"}],"predecessor-version":[{"id":1450,"href":"http:\/\/divadlomv.cz\/cs\/wp-json\/wp\/v2\/pages\/1120\/revisions\/1450"}],"wp:attachment":[{"href":"http:\/\/divadlomv.cz\/cs\/wp-json\/wp\/v2\/media?parent=1120"}],"curies":[{"name":"wp","href":"https:\/\/api.w.org\/{rel}","templated":true}]}}