{"id":1211,"date":"2016-06-09T11:52:17","date_gmt":"2016-06-09T10:52:17","guid":{"rendered":"http:\/\/divadlomv.cz\/cs\/?page_id=1211"},"modified":"2016-06-09T11:57:16","modified_gmt":"2016-06-09T10:57:16","slug":"petr-florian-2","status":"publish","type":"page","link":"http:\/\/divadlomv.cz\/cs\/petr-florian-2\/","title":{"rendered":"Petr Flori\u00e1n"},"content":{"rendered":"<div id=\"pl-1211\"  class=\"panel-layout\" ><div id=\"pg-1211-0\"  class=\"panel-grid panel-no-style\" ><div id=\"pgc-1211-0-0\"  class=\"panel-grid-cell\" ><div id=\"panel-1211-0-0-0\" class=\"so-panel widget widget_black-studio-tinymce widget_black_studio_tinymce panel-first-child panel-last-child\" data-index=\"0\" ><div class=\"textwidget\"><p><img src=\"http:\/\/divadlomv.cz\/cs\/wp-content\/uploads\/2016\/06\/florian.jpg\" alt=\"florian\" width=\"1000\" height=\"400\" class=\"aligncenter size-full wp-image-1213\" \/><\/p>\n<\/div><\/div><\/div><\/div><div id=\"pg-1211-1\"  class=\"panel-grid panel-no-style\" ><div id=\"pgc-1211-1-0\"  class=\"panel-grid-cell panel-grid-cell-empty\" ><\/div><div id=\"pgc-1211-1-1\"  class=\"panel-grid-cell panel-grid-cell-mobile-last\" ><div id=\"panel-1211-1-1-0\" class=\"so-panel widget widget_black-studio-tinymce widget_black_studio_tinymce panel-first-child panel-last-child\" data-index=\"1\" ><div class=\"textwidget\"><hr \/>\n<p style=\"text-align: justify;\"><span style=\"color: #000000;\">Petr se narodil ve Znojm\u011b. Vystudoval VO\u0160 hereckou v Praze obor Dramatick\u00e9 um\u011bn\u00ed a moderov\u00e1n\u00ed v ro\u010dn\u00edku Michala Pavl\u00edka a Mileny Steinmasslov\u00e9. B\u011bhem studia hostoval v Divadle F. X. \u0160aldy v Liberci, d\u00e1le pak v Divadle na Vinohradech. Aktu\u00e1ln\u011b je hercem v anga\u017em\u00e1 Divadla Anton\u00edna Dvo\u0159\u00e1ka v P\u0159\u00edbrami. Zahr\u00e1l si i n\u011bkolik epizodn\u00edch rol\u00ed v seri\u00e1lech Ulice, Expozitura, Krimin\u00e1lka And\u011bl 2, Cyril a Metod\u011bj a dal\u0161\u00ed.<br \/>\n&nbsp;<br \/>\nPrvn\u00ed zku\u0161enosti na divadeln\u00edch prknech z\u00edskal v r\u00e1mci studia Liter\u00e1rn\u011b-dramatick\u00e9ho oboru na Z\u00e1kladn\u00ed um\u011bleck\u00e9 \u0161kole ve Znojm\u011b pod veden\u00edm Martiny V\u00fdhodov\u00e9.<br \/>\n&nbsp;<br \/>\nAktu\u00e1ln\u011b p\u016fsob\u00ed v Divadle Anton\u00edna Dvo\u0159\u00e1ka P\u0159\u00edbram, Divadle Puls, a v divadeln\u00edm spolku Formela. V Divadeln\u00edm studiu Martiny V\u00fdhodov\u00e9 je \u010destn\u00fdm \u010dlenem a pod\u00edlel se na jeho vzniku. Ve voln\u00e9m \u010dase se v\u011bnuje hlavn\u011b focen\u00ed.<\/span><\/p>\n<hr \/>\n<\/div><\/div><\/div><div id=\"pgc-1211-1-2\"  class=\"panel-grid-cell panel-grid-cell-empty\" ><\/div><\/div><div id=\"pg-1211-2\"  class=\"panel-grid panel-no-style\" ><div id=\"pgc-1211-2-0\"  class=\"panel-grid-cell panel-grid-cell-empty\" ><\/div><div id=\"pgc-1211-2-1\"  class=\"panel-grid-cell\" ><div id=\"panel-1211-2-1-0\" class=\"so-panel widget widget_black-studio-tinymce widget_black_studio_tinymce panel-first-child panel-last-child\" data-index=\"2\" ><div class=\"textwidget\"><table style=\"width: 100%; background-color: #ffffff;\">\n<col style=\"width:45%;\" \/>\n<col style=\"width:55%;\" \/>\n<tbody>\n<tr>\n<td style=\"border-color: white;\">\n<h5><strong><span style=\"color: #800000;\">CO NA SEBE PROZRADIL D\u00c1L?<\/span><\/strong><\/h5>\n<\/td>\n<td style=\"border-color: white;\"><\/td>\n<\/tr>\n<tr>\n<td style=\"border-color: white;\"><strong><\/strong><\/td>\n<td style=\"border-color: white;\"><\/td>\n<\/tr>\n<tr>\n<td style=\"border-color: white;\"><strong>Na co by cht\u011bl m\u00edt talent?<\/strong><\/td>\n<td style=\"border-color: white;\">Na herectv\u00ed. \ud83d\ude42<\/td>\n<\/tr>\n<tr>\n<td style=\"border-color: white;\"><strong>Kde by nejrad\u011bji \u017eil?<\/strong><\/td>\n<td style=\"border-color: white;\">N\u011bkde u mo\u0159e.<\/td>\n<\/tr>\n<tr>\n<td style=\"border-color: white;\"><strong>Jak\u00fd film m\u016f\u017ee vid\u011bt kdykoliv znovu?<\/strong><\/td>\n<td style=\"border-color: white;\">V\u0161echny dobr\u00e9 filmy.<\/td>\n<\/tr>\n<tr>\n<td style=\"border-color: white;\"><strong>Kter\u00e9 slovo \u010di v\u011btu pou\u017e\u00edv\u00e1 nej\u010dast\u011bji?<\/strong><\/td>\n<td style=\"border-color: white;\">Jasn\u011b. \ud83d\ude00<\/td>\n<\/tr>\n<tr>\n<td style=\"border-color: white;\"><strong>Nejobl\u00edben\u011bj\u0161\u00ed poh\u00e1dka?<\/strong><\/td>\n<td style=\"border-color: white;\">Popelka s Libu\u0161kou \u0160afr\u00e1nkovou.<\/td>\n<\/tr>\n<tr>\n<td style=\"border-color: white;\"><strong>Pe\u0165ovo motto?<\/strong><\/td>\n<td style=\"border-color: white;\">Kdy\u017e na to, co od \u017eivota chce\u0161, bude\u0161 po\u0159\u00e1d jenom \u010dekat, nikdy toho nedos\u00e1hne\u0161!<\/td>\n<\/tr>\n<tr>\n<td style=\"border-color: white;\"><strong>Co m\u00e1 na divadle nejrad\u011bji?<\/strong><\/td>\n<td style=\"border-color: white;\">Pr\u00e1zdniny! \ud83d\ude00<\/td>\n<\/tr>\n<\/tbody>\n<\/table>\n<\/div><\/div><\/div><div id=\"pgc-1211-2-2\"  class=\"panel-grid-cell panel-grid-cell-mobile-last\" ><div id=\"panel-1211-2-2-0\" class=\"so-panel widget widget_black-studio-tinymce widget_black_studio_tinymce panel-first-child\" data-index=\"3\" ><div class=\"textwidget\"><p style=\"text-align: center;\"><span class=\"\" style=\"display:block;clear:both;height: 0px;padding-top: 20px;border-top-width:0px;border-bottom-width:0px;\"><\/span><br \/>\n<a href=\"http:\/\/www.i-divadlo.cz\/profily\/petr-florian\/\" class='button'>Divadeln\u00ed role<\/a><\/p>\n<style>\n.button {\n   border: 1px solid #080000;\n   background: #080000;\n   background: -webkit-gradient(linear, left top, left bottom, from(#800000), to(#080000));\n   background: -webkit-linear-gradient(top, #800000, #080000);\n   background: -moz-linear-gradient(top, #800000, #080000);\n   background: -ms-linear-gradient(top, #800000, #080000);\n   background: -o-linear-gradient(top, #800000, #080000);\n   background-image: -ms-linear-gradient(top, #800000 0%, #080000 100%);\n   padding: 12px 24px;\n   -webkit-border-radius: 0px;\n   -moz-border-radius: 0px;\n   border-radius: 0px;\n   -webkit-box-shadow: rgba(255,255,255,0.4) 0 1px 0, inset rgba(255,255,255,0.4) 0 1px 0;\n   -moz-box-shadow: rgba(255,255,255,0.4) 0 1px 0, inset rgba(255,255,255,0.4) 0 1px 0;\n   box-shadow: rgba(255,255,255,0.4) 0 1px 0, inset rgba(255,255,255,0.4) 0 1px 0;\n   text-shadow: #995a5a 0 1px 0;\n   color: #fcfeff;\n   font-size: 14px;\n   font-family: helvetica, serif;\n   text-decoration: none;\n   vertical-align: middle;\n   }\n.button:hover {\n   border: 1px solid #000000;\n   text-shadow: #995a5a 0 1px 0;\n   background: #525252;\n   background: -webkit-gradient(linear, left top, left bottom, from(#800000), to(#525252));\n   background: -webkit-linear-gradient(top, #800000, #525252);\n   background: -moz-linear-gradient(top, #800000, #525252);\n   background: -ms-linear-gradient(top, #800000, #525252);\n   background: -o-linear-gradient(top, #800000, #525252);\n   background-image: -ms-linear-gradient(top, #800000 0%, #525252 100%);\n   color: #fff;\n   }\n.button:active {\n   text-shadow: #995a5a 0 1px 0;\n   border: 1px solid #000000;\n   background: #b3b3b3;\n   background: -webkit-gradient(linear, left top, left bottom, from(#800000), to(#525252));\n   background: -webkit-linear-gradient(top, #800000, #b3b3b3);\n   background: -moz-linear-gradient(top, #800000, #b3b3b3);\n   background: -ms-linear-gradient(top, #800000, #b3b3b3);\n   background: -o-linear-gradient(top, #800000, #b3b3b3);\n   background-image: -ms-linear-gradient(top, #800000 0%, #b3b3b3 100%);\n   color: #fff;\n   }\n<\/style>\n<\/div><\/div><div id=\"panel-1211-2-2-1\" class=\"so-panel widget widget_black-studio-tinymce widget_black_studio_tinymce\" data-index=\"4\" ><div class=\"textwidget\"><p style=\"text-align: center;\"><span class=\"\" style=\"display:block;clear:both;height: 0px;padding-top: 20px;border-top-width:0px;border-bottom-width:0px;\"><\/span><br \/>\n<a href=\"http:\/\/petrflorda.wix.com\/petr-florian-foto\" class='button'>Fotograf<\/a><\/p>\n<style>\n.button {\n   border: 1px solid #080000;\n   background: #080000;\n   background: -webkit-gradient(linear, left top, left bottom, from(#800000), to(#080000));\n   background: -webkit-linear-gradient(top, #800000, #080000);\n   background: -moz-linear-gradient(top, #800000, #080000);\n   background: -ms-linear-gradient(top, #800000, #080000);\n   background: -o-linear-gradient(top, #800000, #080000);\n   background-image: -ms-linear-gradient(top, #800000 0%, #080000 100%);\n   padding: 12px 24px;\n   -webkit-border-radius: 0px;\n   -moz-border-radius: 0px;\n   border-radius: 0px;\n   -webkit-box-shadow: rgba(255,255,255,0.4) 0 1px 0, inset rgba(255,255,255,0.4) 0 1px 0;\n   -moz-box-shadow: rgba(255,255,255,0.4) 0 1px 0, inset rgba(255,255,255,0.4) 0 1px 0;\n   box-shadow: rgba(255,255,255,0.4) 0 1px 0, inset rgba(255,255,255,0.4) 0 1px 0;\n   text-shadow: #995a5a 0 1px 0;\n   color: #fcfeff;\n   font-size: 14px;\n   font-family: helvetica, serif;\n   text-decoration: none;\n   vertical-align: middle;\n   }\n.button:hover {\n   border: 1px solid #000000;\n   text-shadow: #995a5a 0 1px 0;\n   background: #525252;\n   background: -webkit-gradient(linear, left top, left bottom, from(#800000), to(#525252));\n   background: -webkit-linear-gradient(top, #800000, #525252);\n   background: -moz-linear-gradient(top, #800000, #525252);\n   background: -ms-linear-gradient(top, #800000, #525252);\n   background: -o-linear-gradient(top, #800000, #525252);\n   background-image: -ms-linear-gradient(top, #800000 0%, #525252 100%);\n   color: #fff;\n   }\n.button:active {\n   text-shadow: #995a5a 0 1px 0;\n   border: 1px solid #000000;\n   background: #b3b3b3;\n   background: -webkit-gradient(linear, left top, left bottom, from(#800000), to(#525252));\n   background: -webkit-linear-gradient(top, #800000, #b3b3b3);\n   background: -moz-linear-gradient(top, #800000, #b3b3b3);\n   background: -ms-linear-gradient(top, #800000, #b3b3b3);\n   background: -o-linear-gradient(top, #800000, #b3b3b3);\n   background-image: -ms-linear-gradient(top, #800000 0%, #b3b3b3 100%);\n   color: #fff;\n   }\n<\/style>\n<\/div><\/div><div id=\"panel-1211-2-2-2\" class=\"so-panel widget widget_black-studio-tinymce widget_black_studio_tinymce panel-last-child\" data-index=\"5\" ><div class=\"textwidget\"><p style=\"text-align: center;\"><span class=\"\" style=\"display:block;clear:both;height: 0px;padding-top: 20px;border-top-width:0px;border-bottom-width:0px;\"><\/span><br \/>\n<a href=\"http:\/\/formela.cz\/o-nas\/\" class='button'>FORMELA z.s.<\/a><\/p>\n<style>\n.button {\n   border: 1px solid #080000;\n   background: #080000;\n   background: -webkit-gradient(linear, left top, left bottom, from(#800000), to(#080000));\n   background: -webkit-linear-gradient(top, #800000, #080000);\n   background: -moz-linear-gradient(top, #800000, #080000);\n   background: -ms-linear-gradient(top, #800000, #080000);\n   background: -o-linear-gradient(top, #800000, #080000);\n   background-image: -ms-linear-gradient(top, #800000 0%, #080000 100%);\n   padding: 12px 24px;\n   -webkit-border-radius: 0px;\n   -moz-border-radius: 0px;\n   border-radius: 0px;\n   -webkit-box-shadow: rgba(255,255,255,0.4) 0 1px 0, inset rgba(255,255,255,0.4) 0 1px 0;\n   -moz-box-shadow: rgba(255,255,255,0.4) 0 1px 0, inset rgba(255,255,255,0.4) 0 1px 0;\n   box-shadow: rgba(255,255,255,0.4) 0 1px 0, inset rgba(255,255,255,0.4) 0 1px 0;\n   text-shadow: #995a5a 0 1px 0;\n   color: #fcfeff;\n   font-size: 14px;\n   font-family: helvetica, serif;\n   text-decoration: none;\n   vertical-align: middle;\n   }\n.button:hover {\n   border: 1px solid #000000;\n   text-shadow: #995a5a 0 1px 0;\n   background: #525252;\n   background: -webkit-gradient(linear, left top, left bottom, from(#800000), to(#525252));\n   background: -webkit-linear-gradient(top, #800000, #525252);\n   background: -moz-linear-gradient(top, #800000, #525252);\n   background: -ms-linear-gradient(top, #800000, #525252);\n   background: -o-linear-gradient(top, #800000, #525252);\n   background-image: -ms-linear-gradient(top, #800000 0%, #525252 100%);\n   color: #fff;\n   }\n.button:active {\n   text-shadow: #995a5a 0 1px 0;\n   border: 1px solid #000000;\n   background: #b3b3b3;\n   background: -webkit-gradient(linear, left top, left bottom, from(#800000), to(#525252));\n   background: -webkit-linear-gradient(top, #800000, #b3b3b3);\n   background: -moz-linear-gradient(top, #800000, #b3b3b3);\n   background: -ms-linear-gradient(top, #800000, #b3b3b3);\n   background: -o-linear-gradient(top, #800000, #b3b3b3);\n   background-image: -ms-linear-gradient(top, #800000 0%, #b3b3b3 100%);\n   color: #fff;\n   }\n<\/style>\n<\/div><\/div><\/div><div id=\"pgc-1211-2-3\"  class=\"panel-grid-cell panel-grid-cell-empty\" ><\/div><\/div><\/div>","protected":false},"excerpt":{"rendered":"<p>Petr se narodil ve Znojm\u011b. Vystudoval VO\u0160 hereckou v Praze obor Dramatick\u00e9 um\u011bn\u00ed a moderov\u00e1n\u00ed v ro\u010dn\u00edku Michala Pavl\u00edka a Mileny Steinmasslov\u00e9. B\u011bhem studia hostoval v Divadle F. X. \u0160aldy v Liberci, d\u00e1le pak v Divadle na Vinohradech. Aktu\u00e1ln\u011b je hercem v anga\u017em\u00e1 Divadla Anton\u00edna Dvo\u0159\u00e1ka v P\u0159\u00edbrami. Zahr\u00e1l si\u2026<\/p>\n<p class=\"continue-reading-button\"> <a class=\"continue-reading-link\" href=\"http:\/\/divadlomv.cz\/cs\/petr-florian-2\/\">v\u00edce&#8230;<i class=\"crycon-right-dir\"><\/i><\/a><\/p>\n","protected":false},"author":2,"featured_media":0,"parent":0,"menu_order":0,"comment_status":"closed","ping_status":"closed","template":"","meta":[],"acf":[],"_links":{"self":[{"href":"http:\/\/divadlomv.cz\/cs\/wp-json\/wp\/v2\/pages\/1211"}],"collection":[{"href":"http:\/\/divadlomv.cz\/cs\/wp-json\/wp\/v2\/pages"}],"about":[{"href":"http:\/\/divadlomv.cz\/cs\/wp-json\/wp\/v2\/types\/page"}],"author":[{"embeddable":true,"href":"http:\/\/divadlomv.cz\/cs\/wp-json\/wp\/v2\/users\/2"}],"replies":[{"embeddable":true,"href":"http:\/\/divadlomv.cz\/cs\/wp-json\/wp\/v2\/comments?post=1211"}],"version-history":[{"count":11,"href":"http:\/\/divadlomv.cz\/cs\/wp-json\/wp\/v2\/pages\/1211\/revisions"}],"predecessor-version":[{"id":1224,"href":"http:\/\/divadlomv.cz\/cs\/wp-json\/wp\/v2\/pages\/1211\/revisions\/1224"}],"wp:attachment":[{"href":"http:\/\/divadlomv.cz\/cs\/wp-json\/wp\/v2\/media?parent=1211"}],"curies":[{"name":"wp","href":"https:\/\/api.w.org\/{rel}","templated":true}]}}