{"id":1232,"date":"2016-10-12T11:46:18","date_gmt":"2016-10-12T10:46:18","guid":{"rendered":"http:\/\/divadlomv.cz\/cs\/?page_id=1232"},"modified":"2016-10-12T11:55:43","modified_gmt":"2016-10-12T10:55:43","slug":"buchtova","status":"publish","type":"page","link":"http:\/\/divadlomv.cz\/cs\/buchtova\/","title":{"rendered":"Dita Buchtov\u00e1"},"content":{"rendered":"<div id=\"pl-1232\"  class=\"panel-layout\" ><div id=\"pg-1232-0\"  class=\"panel-grid panel-no-style\" ><div id=\"pgc-1232-0-0\"  class=\"panel-grid-cell\" ><div id=\"panel-1232-0-0-0\" class=\"so-panel widget widget_black-studio-tinymce widget_black_studio_tinymce panel-first-child panel-last-child\" data-index=\"0\" ><div class=\"textwidget\"><p><img class=\"aligncenter size-full wp-image-1426\" src=\"http:\/\/divadlomv.cz\/cs\/wp-content\/uploads\/2016\/10\/buchtova.jpg\" alt=\"buchtova\" width=\"1000\" height=\"400\" \/><\/p>\n<\/div><\/div><\/div><\/div><div id=\"pg-1232-1\"  class=\"panel-grid panel-no-style\" ><div id=\"pgc-1232-1-0\"  class=\"panel-grid-cell panel-grid-cell-empty\" ><\/div><div id=\"pgc-1232-1-1\"  class=\"panel-grid-cell panel-grid-cell-mobile-last\" ><div id=\"panel-1232-1-1-0\" class=\"so-panel widget widget_black-studio-tinymce widget_black_studio_tinymce panel-first-child panel-last-child\" data-index=\"1\" ><div class=\"textwidget\"><\/div><\/div><\/div><div id=\"pgc-1232-1-2\"  class=\"panel-grid-cell panel-grid-cell-empty\" ><\/div><\/div><div id=\"pg-1232-2\"  class=\"panel-grid panel-no-style\" ><div id=\"pgc-1232-2-0\"  class=\"panel-grid-cell panel-grid-cell-empty\" ><\/div><div id=\"pgc-1232-2-1\"  class=\"panel-grid-cell\" ><div id=\"panel-1232-2-1-0\" class=\"so-panel widget widget_black-studio-tinymce widget_black_studio_tinymce panel-first-child panel-last-child\" data-index=\"2\" ><div class=\"textwidget\"><table style=\"width: 100%; background-color: #ffffff;\">\n<col style=\"width:50%;\" \/>\n<col style=\"width:50%;\" \/>\n<tbody>\n<tr>\n<td style=\"border-color: white;\">\n<h5><strong><span style=\"color: #800000;\">CO NA SEBE PROZRADILA D\u00c1L?<\/span><\/strong><\/h5>\n<\/td>\n<td style=\"border-color: white;\"><\/td>\n<\/tr>\n<tr>\n<td style=\"border-color: white;\"><strong><\/strong><\/td>\n<td style=\"border-color: white;\"><\/td>\n<\/tr>\n<tr>\n<td style=\"border-color: white;\"><strong>Na co by cht\u011bla m\u00edt talent?<\/strong><\/td>\n<td style=\"border-color: white;\">Cht\u011bla bych m\u00edt talent usm\u00edvat se. Obzvl\u00e1\u0161\u0165 na lidi, kte\u0159\u00ed to zrovna pot\u0159ebuj\u00ed.<\/td>\n<\/tr>\n<tr>\n<td style=\"border-color: white;\"><strong>Kde by nejrad\u011bji \u017eila?<\/strong><\/td>\n<td style=\"border-color: white;\">Nejrad\u0161i bych \u017eila na rozkvetl\u00e9 louce.<\/td>\n<\/tr>\n<tr>\n<td style=\"border-color: white;\"><strong>Jak\u00fd film m\u016f\u017ee vid\u011bt kdykoliv znovu?<\/strong><\/td>\n<td style=\"border-color: white;\">Pel\u00ed\u0161ky.<\/td>\n<\/tr>\n<tr>\n<td style=\"border-color: white;\"><strong>Nejobl\u00edben\u011bj\u0161\u00ed poh\u00e1dka?<\/strong><\/td>\n<td style=\"border-color: white;\">Honza m\u00e1lem kr\u00e1lem s Ji\u0159\u00edm Kornem.<\/td>\n<\/tr>\n<tr>\n<td style=\"border-color: white;\"><strong>Ditino motto?<\/strong><\/td>\n<td style=\"border-color: white;\">Co zaseje\u0161, to sklidi\u0161.<\/td>\n<\/tr>\n<tr>\n<td style=\"border-color: white;\"><strong>Co m\u00e1 na divadle nejrad\u011bji?<\/strong><\/td>\n<td style=\"border-color: white;\">Divadlo se m\u016f\u017ee pochlubit propojen\u00edm slova, hudby, tance a v\u00fdtvarn\u00e9ho um\u011bn\u00ed. Je tak\u00e9 \u017eiv\u00fdm propojen\u00edm herc\u016f navz\u00e1jem a div\u00e1k\u016f\u2026 \u017div\u00fd organismus, kter\u00fdm se d\u00e1 sd\u011blit mnoho v\u011bc\u00ed. Zde se \u010dlov\u011bk s\u00e1m neust\u00e1le pozn\u00e1v\u00e1, je nekone\u010dnou studnic\u00ed tvo\u0159ivosti\u2026<\/td>\n<\/tr>\n<\/tbody>\n<\/table>\n<\/div><\/div><\/div><div id=\"pgc-1232-2-2\"  class=\"panel-grid-cell panel-grid-cell-mobile-last\" ><div id=\"panel-1232-2-2-0\" class=\"so-panel widget widget_black-studio-tinymce widget_black_studio_tinymce panel-first-child\" data-index=\"3\" ><div class=\"textwidget\"><\/div><\/div><div id=\"panel-1232-2-2-1\" class=\"so-panel widget widget_black-studio-tinymce widget_black_studio_tinymce panel-last-child\" data-index=\"4\" ><div class=\"textwidget\"><p style=\"text-align: center;\"><span class=\"\" style=\"display:block;clear:both;height: 0px;padding-top: 20px;border-top-width:0px;border-bottom-width:0px;\"><\/span><br \/>\n<a href=\"http:\/\/divadlomv.cz\/cs\/buchtova-role\/\" class='button'>Divadeln\u00ed role<\/a><\/p>\n<style>\n.button {\n   border: 1px solid #080000;\n   background: #080000;\n   background: -webkit-gradient(linear, left top, left bottom, from(#800000), to(#080000));\n   background: -webkit-linear-gradient(top, #800000, #080000);\n   background: -moz-linear-gradient(top, #800000, #080000);\n   background: -ms-linear-gradient(top, #800000, #080000);\n   background: -o-linear-gradient(top, #800000, #080000);\n   background-image: -ms-linear-gradient(top, #800000 0%, #080000 100%);\n   padding: 12px 24px;\n   -webkit-border-radius: 0px;\n   -moz-border-radius: 0px;\n   border-radius: 0px;\n   -webkit-box-shadow: rgba(255,255,255,0.4) 0 1px 0, inset rgba(255,255,255,0.4) 0 1px 0;\n   -moz-box-shadow: rgba(255,255,255,0.4) 0 1px 0, inset rgba(255,255,255,0.4) 0 1px 0;\n   box-shadow: rgba(255,255,255,0.4) 0 1px 0, inset rgba(255,255,255,0.4) 0 1px 0;\n   text-shadow: #995a5a 0 1px 0;\n   color: #fcfeff;\n   font-size: 14px;\n   font-family: helvetica, serif;\n   text-decoration: none;\n   vertical-align: middle;\n   }\n.button:hover {\n   border: 1px solid #000000;\n   text-shadow: #995a5a 0 1px 0;\n   background: #525252;\n   background: -webkit-gradient(linear, left top, left bottom, from(#800000), to(#525252));\n   background: -webkit-linear-gradient(top, #800000, #525252);\n   background: -moz-linear-gradient(top, #800000, #525252);\n   background: -ms-linear-gradient(top, #800000, #525252);\n   background: -o-linear-gradient(top, #800000, #525252);\n   background-image: -ms-linear-gradient(top, #800000 0%, #525252 100%);\n   color: #fff;\n   }\n.button:active {\n   text-shadow: #995a5a 0 1px 0;\n   border: 1px solid #000000;\n   background: #b3b3b3;\n   background: -webkit-gradient(linear, left top, left bottom, from(#800000), to(#525252));\n   background: -webkit-linear-gradient(top, #800000, #b3b3b3);\n   background: -moz-linear-gradient(top, #800000, #b3b3b3);\n   background: -ms-linear-gradient(top, #800000, #b3b3b3);\n   background: -o-linear-gradient(top, #800000, #b3b3b3);\n   background-image: -ms-linear-gradient(top, #800000 0%, #b3b3b3 100%);\n   color: #fff;\n   }\n<\/style>\n<\/div><\/div><\/div><div id=\"pgc-1232-2-3\"  class=\"panel-grid-cell panel-grid-cell-empty\" ><\/div><\/div><\/div>","protected":false},"excerpt":{"rendered":"<p>CO NA SEBE PROZRADILA D\u00c1L? Na co by cht\u011bla m\u00edt talent? Cht\u011bla bych m\u00edt talent usm\u00edvat se. Obzvl\u00e1\u0161\u0165 na lidi, kte\u0159\u00ed to zrovna pot\u0159ebuj\u00ed. Kde by nejrad\u011bji \u017eila? Nejrad\u0161i bych \u017eila na rozkvetl\u00e9 louce. Jak\u00fd film m\u016f\u017ee vid\u011bt kdykoliv znovu? Pel\u00ed\u0161ky. Nejobl\u00edben\u011bj\u0161\u00ed poh\u00e1dka? Honza m\u00e1lem kr\u00e1lem s Ji\u0159\u00edm Kornem. Ditino\u2026<\/p>\n<p class=\"continue-reading-button\"> <a class=\"continue-reading-link\" href=\"http:\/\/divadlomv.cz\/cs\/buchtova\/\">v\u00edce&#8230;<i class=\"crycon-right-dir\"><\/i><\/a><\/p>\n","protected":false},"author":2,"featured_media":0,"parent":0,"menu_order":0,"comment_status":"closed","ping_status":"closed","template":"","meta":[],"acf":[],"_links":{"self":[{"href":"http:\/\/divadlomv.cz\/cs\/wp-json\/wp\/v2\/pages\/1232"}],"collection":[{"href":"http:\/\/divadlomv.cz\/cs\/wp-json\/wp\/v2\/pages"}],"about":[{"href":"http:\/\/divadlomv.cz\/cs\/wp-json\/wp\/v2\/types\/page"}],"author":[{"embeddable":true,"href":"http:\/\/divadlomv.cz\/cs\/wp-json\/wp\/v2\/users\/2"}],"replies":[{"embeddable":true,"href":"http:\/\/divadlomv.cz\/cs\/wp-json\/wp\/v2\/comments?post=1232"}],"version-history":[{"count":5,"href":"http:\/\/divadlomv.cz\/cs\/wp-json\/wp\/v2\/pages\/1232\/revisions"}],"predecessor-version":[{"id":1428,"href":"http:\/\/divadlomv.cz\/cs\/wp-json\/wp\/v2\/pages\/1232\/revisions\/1428"}],"wp:attachment":[{"href":"http:\/\/divadlomv.cz\/cs\/wp-json\/wp\/v2\/media?parent=1232"}],"curies":[{"name":"wp","href":"https:\/\/api.w.org\/{rel}","templated":true}]}}