{"id":1240,"date":"2016-06-09T13:41:58","date_gmt":"2016-06-09T12:41:58","guid":{"rendered":"http:\/\/divadlomv.cz\/cs\/?page_id=1240"},"modified":"2017-03-20T11:49:34","modified_gmt":"2017-03-20T10:49:34","slug":"vyhodova","status":"publish","type":"page","link":"http:\/\/divadlomv.cz\/cs\/vyhodova\/","title":{"rendered":"Martina V\u00fdhodov\u00e1 Val\u00edkov\u00e1"},"content":{"rendered":"<div id=\"pl-1240\"  class=\"panel-layout\" ><div id=\"pg-1240-0\"  class=\"panel-grid panel-no-style\" ><div id=\"pgc-1240-0-0\"  class=\"panel-grid-cell\" ><div id=\"panel-1240-0-0-0\" class=\"so-panel widget widget_black-studio-tinymce widget_black_studio_tinymce panel-first-child panel-last-child\" data-index=\"0\" ><div class=\"textwidget\"><\/div><\/div><\/div><\/div><div id=\"pg-1240-1\"  class=\"panel-grid panel-no-style\" ><div id=\"pgc-1240-1-0\"  class=\"panel-grid-cell panel-grid-cell-empty\" ><\/div><div id=\"pgc-1240-1-1\"  class=\"panel-grid-cell panel-grid-cell-mobile-last\" ><div id=\"panel-1240-1-1-0\" class=\"so-panel widget widget_black-studio-tinymce widget_black_studio_tinymce panel-first-child panel-last-child\" data-index=\"1\" ><div class=\"textwidget\"><hr \/>\n<p style=\"text-align: justify;\"><span style=\"color: #000000;\">Martina vystudovala hudebn\u011b - dramatick\u00fd obor na Konzervato\u0159i v Brn\u011b a ji\u017e za dob studi\u00ed hostovala v Satirick\u00e9m divadle Ve\u010dern\u00ed Brno, kde pozd\u011bji z\u00edskala st\u00e1l\u00e9 anga\u017em\u00e1 a spolupracovala nap\u0159. s Miroslavem Horn\u00ed\u010dkem, Ivanem Vysko\u010dilem, Pavlem Dost\u00e1lem, Vlastimilem Pe\u0161kou, Pavlem Harv\u00e1nkem, Vladim\u00edrem Mor\u00e1vkem, Josefem Mor\u00e1vkem... Z\u00edskala mnoho cenn\u00fdch zku\u0161enost\u00ed p\u0159i pr\u00e1ci v Pragokoncertu v Praze, kde spolupracovala s \u0159adou vynikaj\u00edc\u00edch \u010desk\u00fdch i zahrani\u010dn\u00edch hudebn\u00edk\u016f v\u00e1\u017en\u00e9 i popul\u00e1rn\u00ed hudby.<br \/>\n18 let vede hereck\u00fd obor na ZU\u0160 Znojmo, b\u011bhem t\u011bchto let j\u00ed pod rukou pro\u0161la des\u00edtka \u017e\u00e1k\u016f, kte\u0159\u00ed dnes studuj\u00ed um\u011bleck\u00e9 \u0161koly, n\u011bkte\u0159\u00ed u\u017e jsou na profi prknech (nap\u0159. Ond\u0159ej Biravsk\u00fd, Petr Flori\u00e1n, Mirek Hrab\u011b, Pavel Gajdo\u0161, Kl\u00e1ra Mikulkov\u00e1 a dal\u0161\u00ed).<br \/>\n&nbsp;<br \/>\nAktu\u00e1ln\u011b p\u016fsob\u00ed jako re\u017eis\u00e9rka v Dob\u0161ick\u00e9m n\u00e1rodn\u00edm divadle (od 2006) a jako re\u017eis\u00e9rka a um\u011bleck\u00e1 vedouc\u00ed Divadeln\u00edho studia Martiny V\u00fdhodov\u00e9 (od 2013).<\/span><\/p>\n<hr \/>\n<\/div><\/div><\/div><div id=\"pgc-1240-1-2\"  class=\"panel-grid-cell panel-grid-cell-empty\" ><\/div><\/div><div id=\"pg-1240-2\"  class=\"panel-grid panel-no-style\" ><div id=\"pgc-1240-2-0\"  class=\"panel-grid-cell panel-grid-cell-empty\" ><\/div><div id=\"pgc-1240-2-1\"  class=\"panel-grid-cell\" ><div id=\"panel-1240-2-1-0\" class=\"so-panel widget widget_black-studio-tinymce widget_black_studio_tinymce panel-first-child panel-last-child\" data-index=\"2\" ><div class=\"textwidget\"><table style=\"width: 100%; background-color: #ffffff;\">\n<col style=\"width:45%;\" \/>\n<col style=\"width:55%;\" \/>\n<tbody>\n<tr>\n<td style=\"border-color: white;\">\n<h5><strong><span style=\"color: #800000;\">CO PROZRADILA D\u00c1L?<\/span><\/strong><\/h5>\n<\/td>\n<td style=\"border-color: white;\"><\/td>\n<\/tr>\n<tr>\n<td style=\"border-color: white;\"><strong><\/strong><\/td>\n<td style=\"border-color: white;\"><\/td>\n<\/tr>\n<tr>\n<td style=\"border-color: white;\"><strong>Na co by cht\u011bla m\u00edt talent?<\/strong><\/td>\n<td style=\"border-color: white;\">Na diplomacii.<\/td>\n<\/tr>\n<tr>\n<td style=\"border-color: white;\"><strong>Kde by nejrad\u011bji \u017eila?<\/strong><\/td>\n<td style=\"border-color: white;\">V divadle p\u0159\u00edmo na jevi\u0161ti.<\/td>\n<\/tr>\n<tr>\n<td style=\"border-color: white;\"><strong>Jak\u00fd film m\u016f\u017ee vid\u011bt kdykoliv znovu?<\/strong><\/td>\n<td style=\"border-color: white;\">Petrolejov\u00e9 lampy.<\/td>\n<\/tr>\n<tr>\n<td style=\"border-color: white;\"><strong>Kter\u00e9 slovo \u010di v\u011btu pou\u017e\u00edv\u00e1 nej\u010dast\u011bji?<\/strong><\/td>\n<td style=\"border-color: white;\">Nemohu zve\u0159ejnit. \ud83d\ude00<\/td>\n<\/tr>\n<tr>\n<td style=\"border-color: white;\"><strong>Nejobl\u00edben\u011bj\u0161\u00ed poh\u00e1dka?<\/strong><\/td>\n<td style=\"border-color: white;\">Popelka se \u0160t\u011bdron\u011bm a Hru\u0161kovou.<\/td>\n<\/tr>\n<tr>\n<td style=\"border-color: white;\"><strong>Martinino motto?<\/strong><\/td>\n<td style=\"border-color: white;\">\u017divot je kopec a j\u00e1 chci nahoru, o \u010dem sn\u00edm, to si p\u0159eji a co si p\u0159eji, to tak\u00e9 dok\u00e1\u017ei.<\/td>\n<\/tr>\n<tr>\n<td style=\"border-color: white;\"><strong>Co m\u00e1 na divadle nejrad\u011bji?<\/strong><\/td>\n<td style=\"border-color: white;\">Radost z herc\u016f a nem\u00e9n\u011b z div\u00e1k\u016f.<\/td>\n<\/tr>\n<\/tbody>\n<\/table>\n<\/div><\/div><\/div><div id=\"pgc-1240-2-2\"  class=\"panel-grid-cell panel-grid-cell-mobile-last\" ><div id=\"panel-1240-2-2-0\" class=\"so-panel widget widget_black-studio-tinymce widget_black_studio_tinymce panel-first-child\" data-index=\"3\" ><div class=\"textwidget\"><\/div><\/div><div id=\"panel-1240-2-2-1\" class=\"so-panel widget widget_black-studio-tinymce widget_black_studio_tinymce\" data-index=\"4\" ><div class=\"textwidget\"><p style=\"text-align: center;\"><span class=\"\" style=\"display:block;clear:both;height: 0px;padding-top: 20px;border-top-width:0px;border-bottom-width:0px;\"><\/span><br \/>\n<a href=\"http:\/\/divadlomv.cz\/cs\/vyhodova-role\/\" class='button'>Divadeln\u00ed role<\/a><\/p>\n<style>\n.button {\n   border: 1px solid #080000;\n   background: #080000;\n   background: -webkit-gradient(linear, left top, left bottom, from(#800000), to(#080000));\n   background: -webkit-linear-gradient(top, #800000, #080000);\n   background: -moz-linear-gradient(top, #800000, #080000);\n   background: -ms-linear-gradient(top, #800000, #080000);\n   background: -o-linear-gradient(top, #800000, #080000);\n   background-image: -ms-linear-gradient(top, #800000 0%, #080000 100%);\n   padding: 12px 24px;\n   -webkit-border-radius: 0px;\n   -moz-border-radius: 0px;\n   border-radius: 0px;\n   -webkit-box-shadow: rgba(255,255,255,0.4) 0 1px 0, inset rgba(255,255,255,0.4) 0 1px 0;\n   -moz-box-shadow: rgba(255,255,255,0.4) 0 1px 0, inset rgba(255,255,255,0.4) 0 1px 0;\n   box-shadow: rgba(255,255,255,0.4) 0 1px 0, inset rgba(255,255,255,0.4) 0 1px 0;\n   text-shadow: #995a5a 0 1px 0;\n   color: #fcfeff;\n   font-size: 14px;\n   font-family: helvetica, serif;\n   text-decoration: none;\n   vertical-align: middle;\n   }\n.button:hover {\n   border: 1px solid #000000;\n   text-shadow: #995a5a 0 1px 0;\n   background: #525252;\n   background: -webkit-gradient(linear, left top, left bottom, from(#800000), to(#525252));\n   background: -webkit-linear-gradient(top, #800000, #525252);\n   background: -moz-linear-gradient(top, #800000, #525252);\n   background: -ms-linear-gradient(top, #800000, #525252);\n   background: -o-linear-gradient(top, #800000, #525252);\n   background-image: -ms-linear-gradient(top, #800000 0%, #525252 100%);\n   color: #fff;\n   }\n.button:active {\n   text-shadow: #995a5a 0 1px 0;\n   border: 1px solid #000000;\n   background: #b3b3b3;\n   background: -webkit-gradient(linear, left top, left bottom, from(#800000), to(#525252));\n   background: -webkit-linear-gradient(top, #800000, #b3b3b3);\n   background: -moz-linear-gradient(top, #800000, #b3b3b3);\n   background: -ms-linear-gradient(top, #800000, #b3b3b3);\n   background: -o-linear-gradient(top, #800000, #b3b3b3);\n   background-image: -ms-linear-gradient(top, #800000 0%, #b3b3b3 100%);\n   color: #fff;\n   }\n<\/style>\n<\/div><\/div><div id=\"panel-1240-2-2-2\" class=\"so-panel widget widget_black-studio-tinymce widget_black_studio_tinymce panel-last-child\" data-index=\"5\" ><div class=\"textwidget\"><p style=\"text-align: center;\"><span class=\"\" style=\"display:block;clear:both;height: 0px;padding-top: 20px;border-top-width:0px;border-bottom-width:0px;\"><\/span><br \/>\n<a href=\"\" class='button'>Re\u017eie her<\/a><\/p>\n<style>\n.button {\n   border: 1px solid #080000;\n   background: #080000;\n   background: -webkit-gradient(linear, left top, left bottom, from(#800000), to(#080000));\n   background: -webkit-linear-gradient(top, #800000, #080000);\n   background: -moz-linear-gradient(top, #800000, #080000);\n   background: -ms-linear-gradient(top, #800000, #080000);\n   background: -o-linear-gradient(top, #800000, #080000);\n   background-image: -ms-linear-gradient(top, #800000 0%, #080000 100%);\n   padding: 12px 24px;\n   -webkit-border-radius: 0px;\n   -moz-border-radius: 0px;\n   border-radius: 0px;\n   -webkit-box-shadow: rgba(255,255,255,0.4) 0 1px 0, inset rgba(255,255,255,0.4) 0 1px 0;\n   -moz-box-shadow: rgba(255,255,255,0.4) 0 1px 0, inset rgba(255,255,255,0.4) 0 1px 0;\n   box-shadow: rgba(255,255,255,0.4) 0 1px 0, inset rgba(255,255,255,0.4) 0 1px 0;\n   text-shadow: #995a5a 0 1px 0;\n   color: #fcfeff;\n   font-size: 14px;\n   font-family: helvetica, serif;\n   text-decoration: none;\n   vertical-align: middle;\n   }\n.button:hover {\n   border: 1px solid #000000;\n   text-shadow: #995a5a 0 1px 0;\n   background: #525252;\n   background: -webkit-gradient(linear, left top, left bottom, from(#800000), to(#525252));\n   background: -webkit-linear-gradient(top, #800000, #525252);\n   background: -moz-linear-gradient(top, #800000, #525252);\n   background: -ms-linear-gradient(top, #800000, #525252);\n   background: -o-linear-gradient(top, #800000, #525252);\n   background-image: -ms-linear-gradient(top, #800000 0%, #525252 100%);\n   color: #fff;\n   }\n.button:active {\n   text-shadow: #995a5a 0 1px 0;\n   border: 1px solid #000000;\n   background: #b3b3b3;\n   background: -webkit-gradient(linear, left top, left bottom, from(#800000), to(#525252));\n   background: -webkit-linear-gradient(top, #800000, #b3b3b3);\n   background: -moz-linear-gradient(top, #800000, #b3b3b3);\n   background: -ms-linear-gradient(top, #800000, #b3b3b3);\n   background: -o-linear-gradient(top, #800000, #b3b3b3);\n   background-image: -ms-linear-gradient(top, #800000 0%, #b3b3b3 100%);\n   color: #fff;\n   }\n<\/style>\n<\/div><\/div><\/div><div id=\"pgc-1240-2-3\"  class=\"panel-grid-cell panel-grid-cell-empty\" ><\/div><\/div><\/div>","protected":false},"excerpt":{"rendered":"<p>Martina vystudovala hudebn\u011b &#8211; dramatick\u00fd obor na Konzervato\u0159i v Brn\u011b a ji\u017e za dob studi\u00ed hostovala v Satirick\u00e9m divadle Ve\u010dern\u00ed Brno, kde pozd\u011bji z\u00edskala st\u00e1l\u00e9 anga\u017em\u00e1 a spolupracovala nap\u0159. s Miroslavem Horn\u00ed\u010dkem, Ivanem Vysko\u010dilem, Pavlem Dost\u00e1lem, Vlastimilem Pe\u0161kou, Pavlem Harv\u00e1nkem, Vladim\u00edrem Mor\u00e1vkem, Josefem Mor\u00e1vkem&#8230; Z\u00edskala mnoho cenn\u00fdch zku\u0161enost\u00ed p\u0159i pr\u00e1ci\u2026<\/p>\n<p class=\"continue-reading-button\"> <a class=\"continue-reading-link\" href=\"http:\/\/divadlomv.cz\/cs\/vyhodova\/\">v\u00edce&#8230;<i class=\"crycon-right-dir\"><\/i><\/a><\/p>\n","protected":false},"author":2,"featured_media":0,"parent":0,"menu_order":0,"comment_status":"closed","ping_status":"closed","template":"","meta":[],"acf":[],"_links":{"self":[{"href":"http:\/\/divadlomv.cz\/cs\/wp-json\/wp\/v2\/pages\/1240"}],"collection":[{"href":"http:\/\/divadlomv.cz\/cs\/wp-json\/wp\/v2\/pages"}],"about":[{"href":"http:\/\/divadlomv.cz\/cs\/wp-json\/wp\/v2\/types\/page"}],"author":[{"embeddable":true,"href":"http:\/\/divadlomv.cz\/cs\/wp-json\/wp\/v2\/users\/2"}],"replies":[{"embeddable":true,"href":"http:\/\/divadlomv.cz\/cs\/wp-json\/wp\/v2\/comments?post=1240"}],"version-history":[{"count":9,"href":"http:\/\/divadlomv.cz\/cs\/wp-json\/wp\/v2\/pages\/1240\/revisions"}],"predecessor-version":[{"id":1523,"href":"http:\/\/divadlomv.cz\/cs\/wp-json\/wp\/v2\/pages\/1240\/revisions\/1523"}],"wp:attachment":[{"href":"http:\/\/divadlomv.cz\/cs\/wp-json\/wp\/v2\/media?parent=1240"}],"curies":[{"name":"wp","href":"https:\/\/api.w.org\/{rel}","templated":true}]}}