{"id":14,"date":"2015-10-26T13:56:36","date_gmt":"2015-10-26T12:56:36","guid":{"rendered":"http:\/\/divadlomv.cz\/cs\/?page_id=14"},"modified":"2022-03-20T21:30:28","modified_gmt":"2022-03-20T20:30:28","slug":"hudba","status":"publish","type":"page","link":"http:\/\/divadlomv.cz\/cs\/hudba\/","title":{"rendered":"Hudba"},"content":{"rendered":"<div id=\"pl-14\"  class=\"panel-layout\" ><div id=\"pg-14-0\"  class=\"panel-grid panel-no-style\" ><div id=\"pgc-14-0-0\"  class=\"panel-grid-cell\" ><div id=\"panel-14-0-0-0\" class=\"so-panel widget widget_black-studio-tinymce widget_black_studio_tinymce panel-first-child\" data-index=\"0\" ><div class=\"panel-widget-style panel-widget-style-for-14-0-0-0\" ><div class=\"textwidget\"><p style=\"text-align: center;\"><span style=\"color: #ffffff;\">PIANO<\/span><\/p>\n<\/div><\/div><\/div><div id=\"panel-14-0-0-1\" class=\"so-panel widget widget_black-studio-tinymce widget_black_studio_tinymce panel-last-child\" data-index=\"1\" ><div class=\"textwidget\"><p><img class=\" aligncenter\" src=\"http:\/\/divadlomv.cz\/cs\/wp-content\/uploads\/2015\/10\/Smrcka-Michal_1.jpg\" alt=\"smrcka\" \/><\/p>\n<p style=\"text-align: center;\"><span style=\"color: #800000;\"><strong>Michal Smr\u010dka<\/strong><\/span><\/p>\n<\/div><\/div><\/div><div id=\"pgc-14-0-1\"  class=\"panel-grid-cell\" ><div id=\"panel-14-0-1-0\" class=\"so-panel widget widget_black-studio-tinymce widget_black_studio_tinymce panel-first-child\" data-index=\"2\" ><div class=\"panel-widget-style panel-widget-style-for-14-0-1-0\" ><div class=\"textwidget\"><p style=\"text-align: center;\"><span style=\"color: #ffffff;\">BASA<\/span><\/p>\n<\/div><\/div><\/div><div id=\"panel-14-0-1-1\" class=\"so-panel widget widget_black-studio-tinymce widget_black_studio_tinymce panel-last-child\" data-index=\"3\" ><div class=\"textwidget\"><p><img class=\" aligncenter\" src=\"\" alt=\"\" \/><\/p>\n<p style=\"text-align: center;\"><span style=\"color: #800000;\"><strong>Jan Je\u0159\u00e1bek<\/strong><\/span><\/p>\n<\/div><\/div><\/div><div id=\"pgc-14-0-2\"  class=\"panel-grid-cell\" ><div id=\"panel-14-0-2-0\" class=\"so-panel widget widget_black-studio-tinymce widget_black_studio_tinymce panel-first-child\" data-index=\"4\" ><div class=\"panel-widget-style panel-widget-style-for-14-0-2-0\" ><div class=\"textwidget\"><p style=\"text-align: center;\"><span style=\"color: #ffffff;\">BIC\u00cd<\/span><\/p>\n<\/div><\/div><\/div><div id=\"panel-14-0-2-1\" class=\"so-panel widget widget_black-studio-tinymce widget_black_studio_tinymce panel-last-child\" data-index=\"5\" ><div class=\"textwidget\"><p><img class=\" aligncenter\" src=\"\" alt=\"\" \/><\/p>\n<p style=\"text-align: center;\"><span style=\"color: #800000;\"><strong>Zden\u011bk Novotn\u00fd<\/strong><\/span><\/p>\n<\/div><\/div><\/div><\/div><div id=\"pg-14-1\"  class=\"panel-grid panel-no-style\" ><div id=\"pgc-14-1-0\"  class=\"panel-grid-cell\" ><div id=\"panel-14-1-0-0\" class=\"so-panel widget widget_black-studio-tinymce widget_black_studio_tinymce panel-first-child\" data-index=\"6\" ><div class=\"panel-widget-style panel-widget-style-for-14-1-0-0\" ><div class=\"textwidget\"><p style=\"text-align: center;\"><span style=\"color: #ffffff;\">AKORDEON<\/span><\/p>\n<\/div><\/div><\/div><div id=\"panel-14-1-0-1\" class=\"so-panel widget widget_black-studio-tinymce widget_black_studio_tinymce panel-last-child\" data-index=\"7\" ><div class=\"textwidget\"><p><img class=\" aligncenter\" src=\"\" alt=\"\" \/><\/p>\n<p style=\"text-align: center;\"><span style=\"color: #800000;\"><strong>Milan \u017d\u00eddek<\/strong><\/span><\/p>\n<\/div><\/div><\/div><div id=\"pgc-14-1-1\"  class=\"panel-grid-cell\" ><div id=\"panel-14-1-1-0\" class=\"so-panel widget widget_black-studio-tinymce widget_black_studio_tinymce panel-first-child\" data-index=\"8\" ><div class=\"panel-widget-style panel-widget-style-for-14-1-1-0\" ><div class=\"textwidget\"><p style=\"text-align: center;\"><span style=\"color: #ffffff;\">HOUSLE<\/span><\/p>\n<\/div><\/div><\/div><div id=\"panel-14-1-1-1\" class=\"so-panel widget widget_black-studio-tinymce widget_black_studio_tinymce panel-last-child\" data-index=\"9\" ><div class=\"textwidget\"><p><img class=\" aligncenter\" src=\"\" alt=\"\" \/><\/p>\n<p style=\"text-align: center;\"><span style=\"color: #800000;\"><strong>Tereza Stromkov\u00e1<\/strong><\/span><\/p>\n<\/div><\/div><\/div><div id=\"pgc-14-1-2\"  class=\"panel-grid-cell\" ><div id=\"panel-14-1-2-0\" class=\"so-panel widget widget_black-studio-tinymce widget_black_studio_tinymce panel-first-child\" data-index=\"10\" ><div class=\"panel-widget-style panel-widget-style-for-14-1-2-0\" ><div class=\"textwidget\"><p style=\"text-align: center;\"><span style=\"color: #ffffff;\">HOUSLE<\/span><\/p>\n<\/div><\/div><\/div><div id=\"panel-14-1-2-1\" class=\"so-panel widget widget_black-studio-tinymce widget_black_studio_tinymce panel-last-child\" data-index=\"11\" ><div class=\"textwidget\"><p><img class=\" aligncenter\" src=\"\" alt=\"\" \/><\/p>\n<p style=\"text-align: center;\"><span style=\"color: #800000;\"><strong>Marie Kar\u0161ul\u00ednov\u00e1<\/strong><\/span><\/p>\n<\/div><\/div><\/div><\/div><div id=\"pg-14-2\"  class=\"panel-grid panel-no-style\" ><div id=\"pgc-14-2-0\"  class=\"panel-grid-cell\" ><div id=\"panel-14-2-0-0\" class=\"so-panel widget widget_black-studio-tinymce widget_black_studio_tinymce panel-first-child\" data-index=\"12\" ><div class=\"panel-widget-style panel-widget-style-for-14-2-0-0\" ><div class=\"textwidget\"><p style=\"text-align: center;\"><span style=\"color: #ffffff;\">VIOLONCELLO<\/span><\/p>\n<\/div><\/div><\/div><div id=\"panel-14-2-0-1\" class=\"so-panel widget widget_black-studio-tinymce widget_black_studio_tinymce panel-last-child\" data-index=\"13\" ><div class=\"textwidget\"><p><img class=\" aligncenter\" src=\"\" alt=\"\" \/><\/p>\n<p style=\"text-align: center;\"><span style=\"color: #800000;\"><strong>Nat\u00e1lie Barto\u0161\u00edkov\u00e1<\/strong><\/span><\/p>\n<\/div><\/div><\/div><div id=\"pgc-14-2-1\"  class=\"panel-grid-cell panel-grid-cell-mobile-last\" ><div id=\"panel-14-2-1-0\" class=\"so-panel widget widget_black-studio-tinymce widget_black_studio_tinymce panel-first-child\" data-index=\"14\" ><div class=\"panel-widget-style panel-widget-style-for-14-2-1-0\" ><div class=\"textwidget\"><p style=\"text-align: center;\"><span style=\"color: #ffffff;\">SAXOFON | KLARINET<\/span><\/p>\n<\/div><\/div><\/div><div id=\"panel-14-2-1-1\" class=\"so-panel widget widget_black-studio-tinymce widget_black_studio_tinymce panel-last-child\" data-index=\"15\" ><div class=\"textwidget\"><p><img class=\" aligncenter\" src=\"\" alt=\"\" \/><\/p>\n<p style=\"text-align: center;\"><span style=\"color: #800000;\"><strong>Jana Krahulov\u00e1<\/strong><\/span><\/p>\n<\/div><\/div><\/div><div id=\"pgc-14-2-2\"  class=\"panel-grid-cell panel-grid-cell-empty\" ><\/div><\/div><div id=\"pg-14-3\"  class=\"panel-grid panel-no-style\" ><div id=\"pgc-14-3-0\"  class=\"panel-grid-cell panel-grid-cell-empty\" ><\/div><div id=\"pgc-14-3-1\"  class=\"panel-grid-cell panel-grid-cell-empty panel-grid-cell-mobile-last\" ><\/div><div id=\"pgc-14-3-2\"  class=\"panel-grid-cell panel-grid-cell-empty\" ><\/div><\/div><div id=\"pg-14-4\"  class=\"panel-grid panel-no-style\" ><div id=\"pgc-14-4-0\"  class=\"panel-grid-cell panel-grid-cell-empty\" ><\/div><div id=\"pgc-14-4-1\"  class=\"panel-grid-cell panel-grid-cell-empty panel-grid-cell-mobile-last\" ><\/div><div id=\"pgc-14-4-2\"  class=\"panel-grid-cell panel-grid-cell-empty\" ><\/div><\/div><\/div>","protected":false},"excerpt":{"rendered":"<p>PIANO Michal Smr\u010dka BASA Jan Je\u0159\u00e1bek BIC\u00cd Zden\u011bk Novotn\u00fd AKORDEON Milan \u017d\u00eddek HOUSLE Tereza Stromkov\u00e1 HOUSLE Marie Kar\u0161ul\u00ednov\u00e1<\/p>\n<p class=\"continue-reading-button\"> <a class=\"continue-reading-link\" href=\"http:\/\/divadlomv.cz\/cs\/hudba\/\">v\u00edce&#8230;<i class=\"crycon-right-dir\"><\/i><\/a><\/p>\n","protected":false},"author":1,"featured_media":0,"parent":0,"menu_order":0,"comment_status":"closed","ping_status":"closed","template":"","meta":[],"acf":[],"_links":{"self":[{"href":"http:\/\/divadlomv.cz\/cs\/wp-json\/wp\/v2\/pages\/14"}],"collection":[{"href":"http:\/\/divadlomv.cz\/cs\/wp-json\/wp\/v2\/pages"}],"about":[{"href":"http:\/\/divadlomv.cz\/cs\/wp-json\/wp\/v2\/types\/page"}],"author":[{"embeddable":true,"href":"http:\/\/divadlomv.cz\/cs\/wp-json\/wp\/v2\/users\/1"}],"replies":[{"embeddable":true,"href":"http:\/\/divadlomv.cz\/cs\/wp-json\/wp\/v2\/comments?post=14"}],"version-history":[{"count":13,"href":"http:\/\/divadlomv.cz\/cs\/wp-json\/wp\/v2\/pages\/14\/revisions"}],"predecessor-version":[{"id":7639,"href":"http:\/\/divadlomv.cz\/cs\/wp-json\/wp\/v2\/pages\/14\/revisions\/7639"}],"wp:attachment":[{"href":"http:\/\/divadlomv.cz\/cs\/wp-json\/wp\/v2\/media?parent=14"}],"curies":[{"name":"wp","href":"https:\/\/api.w.org\/{rel}","templated":true}]}}