{"id":207,"date":"2015-10-29T15:43:11","date_gmt":"2015-10-29T14:43:11","guid":{"rendered":"http:\/\/divadlomv.cz\/cs\/?page_id=207"},"modified":"2024-03-06T11:53:06","modified_gmt":"2024-03-06T10:53:06","slug":"herecky-soubor","status":"publish","type":"page","link":"http:\/\/divadlomv.cz\/cs\/herecky-soubor\/","title":{"rendered":"Hereck\u00fd soubor"},"content":{"rendered":"<div id=\"pl-207\"  class=\"panel-layout\" ><div id=\"pg-207-0\"  class=\"panel-grid panel-has-style\" ><div class=\"siteorigin-panels-stretch panel-row-style panel-row-style-for-207-0\" data-stretch-type=\"full\" ><div id=\"pgc-207-0-0\"  class=\"panel-grid-cell\" ><div id=\"panel-207-0-0-0\" class=\"so-panel widget widget_black-studio-tinymce widget_black_studio_tinymce panel-first-child panel-last-child\" data-index=\"0\" ><div class=\"panel-widget-style panel-widget-style-for-207-0-0-0\" ><div class=\"textwidget\"><p style=\"text-align: center;\"><span style=\"color: #ffffff;\">HERECK\u00dd SOUBOR<\/span><\/p>\n<\/div><\/div><\/div><\/div><\/div><\/div><div id=\"pg-207-1\"  class=\"panel-grid panel-has-style\" ><div class=\"siteorigin-panels-stretch panel-row-style panel-row-style-for-207-1\" data-stretch-type=\"full\" ><div id=\"pgc-207-1-0\"  class=\"panel-grid-cell\" ><div id=\"panel-207-1-0-0\" class=\"so-panel widget widget_black-studio-tinymce widget_black_studio_tinymce panel-first-child panel-last-child\" data-index=\"1\" ><div class=\"textwidget\"><p><a href=\"http:\/\/divadlomv.cz\/cs\/bastlova\/\" target=\"_blank\"><img class=\" aligncenter\" src=\"http:\/\/divadlomv.cz\/cs\/wp-content\/uploads\/2015\/10\/Bastlova-Vlasta_1.jpg\" alt=\"bastlova\" \/><\/a><\/p>\n<p style=\"text-align: center;\"><span style=\"color: #800000;\"><strong>Vlasta Bastlov\u00e1<\/strong><\/span><\/p>\n<\/div><\/div><\/div><div id=\"pgc-207-1-1\"  class=\"panel-grid-cell\" ><div id=\"panel-207-1-1-0\" class=\"so-panel widget widget_black-studio-tinymce widget_black_studio_tinymce panel-first-child panel-last-child\" data-index=\"2\" ><div class=\"textwidget\"><p><a href=\"http:\/\/divadlomv.cz\/cs\/bobek\/\" target=\"_blank\"><img class=\" aligncenter\" src=\"http:\/\/divadlomv.cz\/cs\/wp-content\/uploads\/2015\/10\/Bobek-Karel_1.jpg\" alt=\"bobek\" \/><\/a><\/p>\n<p style=\"text-align: center;\"><span style=\"color: #800000;\"><strong>Karel Bobek<\/strong><\/span><\/p>\n<\/div><\/div><\/div><div id=\"pgc-207-1-2\"  class=\"panel-grid-cell\" ><div id=\"panel-207-1-2-0\" class=\"so-panel widget widget_black-studio-tinymce widget_black_studio_tinymce panel-first-child panel-last-child\" data-index=\"3\" ><div class=\"textwidget\"><p><a href=\"http:\/\/divadlomv.cz\/cs\/boorova\/\" target=\"_blank\"><img class=\" aligncenter\" src=\"http:\/\/divadlomv.cz\/cs\/wp-content\/uploads\/2015\/10\/Boorova-Romana_1.jpg\" alt=\"boorova\" \/><\/a><\/p>\n<p style=\"text-align: center;\"><span style=\"color: #800000;\"><strong>Romana Boorov\u00e1<\/strong><\/span><\/p>\n<\/div><\/div><\/div><div id=\"pgc-207-1-3\"  class=\"panel-grid-cell\" ><div id=\"panel-207-1-3-0\" class=\"so-panel widget widget_black-studio-tinymce widget_black_studio_tinymce panel-first-child panel-last-child\" data-index=\"4\" ><div class=\"textwidget\"><p><a href=\"http:\/\/divadlomv.cz\/cs\/wp-content\/uploads\/2021\/11\/jan\u010da-e1637179974858.jpg\" target=\"_blank\"><img class=\" aligncenter\" src=\"http:\/\/divadlomv.cz\/cs\/wp-content\/uploads\/2021\/11\/jan\u010da-e1637179974858.jpg\" alt=\"brezovska\" \/><\/a><\/p>\n<p style=\"text-align: center;\"><span style=\"color: #800000;\"><strong>Jana B\u0159ezovsk\u00e1<\/strong><\/span><\/p>\n<\/div><\/div><\/div><div id=\"pgc-207-1-4\"  class=\"panel-grid-cell\" ><div id=\"panel-207-1-4-0\" class=\"so-panel widget widget_black-studio-tinymce widget_black_studio_tinymce panel-first-child panel-last-child\" data-index=\"5\" ><div class=\"textwidget\"><p><img class=\" aligncenter\" src=\"http:\/\/divadlomv.cz\/cs\/wp-content\/uploads\/2015\/10\/Bulinova-Jitka_1.jpg\" alt=\"bulinova\" \/><\/p>\n<p style=\"text-align: center;\"><span style=\"color: #800000;\"><strong>Jitka Bul\u00ednov\u00e1<\/strong><\/span><\/p>\n<\/div><\/div><\/div><\/div><\/div><div id=\"pg-207-2\"  class=\"panel-grid panel-has-style\" ><div class=\"siteorigin-panels-stretch panel-row-style panel-row-style-for-207-2\" data-stretch-type=\"full\" ><div id=\"pgc-207-2-0\"  class=\"panel-grid-cell\" ><div id=\"panel-207-2-0-0\" class=\"so-panel widget widget_black-studio-tinymce widget_black_studio_tinymce panel-first-child panel-last-child\" data-index=\"6\" ><div class=\"textwidget\"><p><img class=\" aligncenter\" src=\"http:\/\/divadlomv.cz\/cs\/wp-content\/uploads\/2015\/10\/Culkova-Simona_1.jpg\" alt=\"culkova\" \/><\/p>\n<p style=\"text-align: center;\"><span style=\"color: #800000;\"><strong>Simona Culkov\u00e1<\/strong><\/span><\/p>\n<\/div><\/div><\/div><div id=\"pgc-207-2-1\"  class=\"panel-grid-cell\" ><div id=\"panel-207-2-1-0\" class=\"so-panel widget widget_black-studio-tinymce widget_black_studio_tinymce panel-first-child panel-last-child\" data-index=\"7\" ><div class=\"textwidget\"><p><img class=\" aligncenter\" src=\"http:\/\/divadlomv.cz\/cs\/wp-content\/uploads\/2015\/10\/Cabala-Vojtech_1.jpg\" alt=\"cabala\" \/><\/p>\n<p style=\"text-align: center;\"><span style=\"color: #800000;\"><strong>Vojt\u011bch \u010cabala<\/strong><\/span><\/p>\n<\/div><\/div><\/div><div id=\"pgc-207-2-2\"  class=\"panel-grid-cell\" ><div id=\"panel-207-2-2-0\" class=\"so-panel widget widget_black-studio-tinymce widget_black_studio_tinymce panel-first-child panel-last-child\" data-index=\"8\" ><div class=\"textwidget\"><p><a href=\"http:\/\/divadlomv.cz\/cs\/wp-content\/uploads\/2015\/10\/no_photo_1.jpg\" target=\"_blank\"><img class=\" aligncenter\" src=\"http:\/\/divadlomv.cz\/cs\/wp-content\/uploads\/2015\/10\/no_photo_1.jpg\" alt=\"fouckova\" \/><\/a><\/p>\n<p style=\"text-align: center;\"><span style=\"color: #800000;\"><strong>Simona Fou\u010dkov\u00e1<\/strong><\/span><\/p>\n<\/div><\/div><\/div><div id=\"pgc-207-2-3\"  class=\"panel-grid-cell\" ><div id=\"panel-207-2-3-0\" class=\"so-panel widget widget_black-studio-tinymce widget_black_studio_tinymce panel-first-child panel-last-child\" data-index=\"9\" ><div class=\"textwidget\"><p><a href=\"http:\/\/divadlomv.cz\/cs\/fromel\" target=\"_blank\"><img class=\"&quot; aligncenter\" src=\"http:\/\/divadlomv.cz\/cs\/wp-content\/uploads\/2015\/10\/Fromel-Petr_1.jpg\" alt=\"fromel\" \/><\/a><\/p>\n<p style=\"text-align: center;\"><span style=\"color: #800000;\"><strong>Petr Fr\u00f6mel<\/strong><\/span><\/p>\n<\/div><\/div><\/div><div id=\"pgc-207-2-4\"  class=\"panel-grid-cell\" ><div id=\"panel-207-2-4-0\" class=\"so-panel widget widget_black-studio-tinymce widget_black_studio_tinymce panel-first-child panel-last-child\" data-index=\"10\" ><div class=\"textwidget\"><p><a href=\"http:\/\/divadlomv.cz\/cs\/wp-content\/uploads\/2015\/10\/no_photo_1.jpg\" target=\"_blank\"><img class=\" aligncenter\" src=\"http:\/\/divadlomv.cz\/cs\/wp-content\/uploads\/2015\/10\/no_photo_1.jpg\" alt=\"hasprova\" \/><\/a><\/p>\n<p style=\"text-align: center;\"><span style=\"color: #800000;\"><strong>Dana Hasprov\u00e1<\/strong><\/span><\/p>\n<\/div><\/div><\/div><\/div><\/div><div id=\"pg-207-3\"  class=\"panel-grid panel-has-style\" ><div class=\"siteorigin-panels-stretch panel-row-style panel-row-style-for-207-3\" data-stretch-type=\"full\" ><div id=\"pgc-207-3-0\"  class=\"panel-grid-cell\" ><div id=\"panel-207-3-0-0\" class=\"so-panel widget widget_black-studio-tinymce widget_black_studio_tinymce panel-first-child panel-last-child\" data-index=\"11\" ><div class=\"textwidget\"><p><a href=\"http:\/\/divadlomv.cz\/cs\/wp-content\/uploads\/2015\/10\/no_photo_1.jpg\" target=\"_blank\"><img class=\" aligncenter\" src=\"http:\/\/divadlomv.cz\/cs\/wp-content\/uploads\/2015\/10\/no_photo_1.jpg\" alt=\"humpolik\" \/><\/a><\/p>\n<p style=\"text-align: center;\"><span style=\"color: #800000;\"><strong>Martin Humpol\u00edk<\/strong><\/span><\/p>\n<\/div><\/div><\/div><div id=\"pgc-207-3-1\"  class=\"panel-grid-cell\" ><div id=\"panel-207-3-1-0\" class=\"so-panel widget widget_black-studio-tinymce widget_black_studio_tinymce panel-first-child panel-last-child\" data-index=\"12\" ><div class=\"textwidget\"><p><img class=\" aligncenter\" src=\"http:\/\/divadlomv.cz\/cs\/wp-content\/uploads\/2015\/10\/no_photo_1.jpg\" alt=\"chaloupek\" \/><\/p>\n<p style=\"text-align: center;\"><span style=\"color: #800000;\"><strong>Petr Chaloupek<\/strong><\/span><\/p>\n<\/div><\/div><\/div><div id=\"pgc-207-3-2\"  class=\"panel-grid-cell\" ><div id=\"panel-207-3-2-0\" class=\"so-panel widget widget_black-studio-tinymce widget_black_studio_tinymce panel-first-child panel-last-child\" data-index=\"13\" ><div class=\"textwidget\"><p><img class=\" aligncenter\" src=\"http:\/\/divadlomv.cz\/cs\/wp-content\/uploads\/2015\/10\/Chaloupka-Kamil_1.jpg\" alt=\"chaloupka\" width=\"210\" height=\"314\" \/><\/p>\n<p style=\"text-align: center;\"><span style=\"color: #800000;\"><strong>Kamil Chaloupka<\/strong><\/span><\/p>\n<\/div><\/div><\/div><div id=\"pgc-207-3-3\"  class=\"panel-grid-cell\" ><div id=\"panel-207-3-3-0\" class=\"so-panel widget widget_black-studio-tinymce widget_black_studio_tinymce panel-first-child panel-last-child\" data-index=\"14\" ><div class=\"textwidget\"><p><a href=\"http:\/\/divadlomv.cz\/cs\/wp-content\/uploads\/2021\/11\/Ale\u0161-e1637179729326.jpg\" target=\"_blank\"><img class=\" aligncenter\" src=\"http:\/\/divadlomv.cz\/cs\/wp-content\/uploads\/2021\/11\/Ale\u0161-e1637179729326.jpg\" alt=\"chmelik\" \/><\/a><\/p>\n<p style=\"text-align: center;\"><span style=\"color: #800000;\"><strong>Ale\u0161 Chmel\u00edk<\/strong><\/span><\/p>\n<\/div><\/div><\/div><div id=\"pgc-207-3-4\"  class=\"panel-grid-cell\" ><div id=\"panel-207-3-4-0\" class=\"so-panel widget widget_black-studio-tinymce widget_black_studio_tinymce panel-first-child panel-last-child\" data-index=\"15\" ><div class=\"textwidget\"><p><a href=\"http:\/\/divadlomv.cz\/cs\/wp-content\/uploads\/2015\/10\/no_photo_1.jpg\" target=\"_blank\"><img class=\" aligncenter\" src=\"http:\/\/divadlomv.cz\/cs\/wp-content\/uploads\/2015\/10\/no_photo_1.jpg\" alt=\"chmelikova\" \/><\/a><\/p>\n<p style=\"text-align: center;\"><span style=\"color: #800000;\"><strong>Jolana Chmel\u00edkov\u00e1<\/strong><\/span><\/p>\n<\/div><\/div><\/div><\/div><\/div><div id=\"pg-207-4\"  class=\"panel-grid panel-has-style\" ><div class=\"siteorigin-panels-stretch panel-row-style panel-row-style-for-207-4\" data-stretch-type=\"full\" ><div id=\"pgc-207-4-0\"  class=\"panel-grid-cell\" ><div id=\"panel-207-4-0-0\" class=\"so-panel widget widget_black-studio-tinymce widget_black_studio_tinymce panel-first-child panel-last-child\" data-index=\"16\" ><div class=\"textwidget\"><p><img class=\" aligncenter\" src=\"http:\/\/divadlomv.cz\/cs\/wp-content\/uploads\/2015\/10\/Koukalova-Marie_1.jpg\" alt=\"juraskova\" \/><\/p>\n<p style=\"text-align: center;\"><span style=\"color: #800000;\"><strong>Marie Jur\u00e1skov\u00e1<\/strong><\/span><\/p>\n<\/div><\/div><\/div><div id=\"pgc-207-4-1\"  class=\"panel-grid-cell\" ><div id=\"panel-207-4-1-0\" class=\"so-panel widget widget_black-studio-tinymce widget_black_studio_tinymce panel-first-child panel-last-child\" data-index=\"17\" ><div class=\"textwidget\"><p><img class=\" aligncenter\" src=\"http:\/\/divadlomv.cz\/cs\/wp-content\/uploads\/2015\/10\/no_photo_1.jpg\" alt=\"kindlerov\u00e1\" \/><\/p>\n<p style=\"text-align: center;\"><span style=\"color: #800000;\"><strong>Krist\u00fdna Kindlerov\u00e1<\/strong><\/span><\/p>\n<\/div><\/div><\/div><div id=\"pgc-207-4-2\"  class=\"panel-grid-cell\" ><div id=\"panel-207-4-2-0\" class=\"so-panel widget widget_black-studio-tinymce widget_black_studio_tinymce panel-first-child panel-last-child\" data-index=\"18\" ><div class=\"textwidget\"><p><a href=\"http:\/\/divadlomv.cz\/cs\/wp-content\/uploads\/2015\/10\/no_photo_1.jpg\" target=\"_blank\"><img class=\" aligncenter\" src=\"http:\/\/divadlomv.cz\/cs\/wp-content\/uploads\/2015\/10\/no_photo_1.jpg\" alt=\"krainer\" \/><\/a><\/p>\n<p style=\"text-align: center;\"><span style=\"color: #800000;\"><strong>Jakub Krainer<\/strong><\/span><\/p>\n<\/div><\/div><\/div><div id=\"pgc-207-4-3\"  class=\"panel-grid-cell\" ><div id=\"panel-207-4-3-0\" class=\"so-panel widget widget_black-studio-tinymce widget_black_studio_tinymce panel-first-child panel-last-child\" data-index=\"19\" ><div class=\"textwidget\"><p><a href=\"http:\/\/divadlomv.cz\/cs\/wp-content\/uploads\/2015\/10\/no_photo_1.jpg\" target=\"_blank\"><img class=\" aligncenter\" src=\"http:\/\/divadlomv.cz\/cs\/wp-content\/uploads\/2015\/10\/no_photo_1.jpg\" alt=\"kroutil\" \/><\/a><\/p>\n<p style=\"text-align: center;\"><span style=\"color: #800000;\"><strong>Jakub Kroutil<\/strong><\/span><\/p>\n<\/div><\/div><\/div><div id=\"pgc-207-4-4\"  class=\"panel-grid-cell\" ><div id=\"panel-207-4-4-0\" class=\"so-panel widget widget_black-studio-tinymce widget_black_studio_tinymce panel-first-child panel-last-child\" data-index=\"20\" ><div class=\"textwidget\"><p><a href=\"http:\/\/divadlomv.cz\/cs\/wp-content\/uploads\/2015\/10\/no_photo_1.jpg\" target=\"_blank\"><img class=\" aligncenter\" src=\"http:\/\/divadlomv.cz\/cs\/wp-content\/uploads\/2015\/10\/no_photo_1.jpg\" alt=\"kupka\" \/><\/a><\/p>\n<p style=\"text-align: center;\"><span style=\"color: #800000;\"><strong>Jan Kupka<\/strong><\/span><\/p>\n<\/div><\/div><\/div><\/div><\/div><div id=\"pg-207-5\"  class=\"panel-grid panel-has-style\" ><div class=\"siteorigin-panels-stretch panel-row-style panel-row-style-for-207-5\" data-stretch-type=\"full\" ><div id=\"pgc-207-5-0\"  class=\"panel-grid-cell\" ><div id=\"panel-207-5-0-0\" class=\"so-panel widget widget_black-studio-tinymce widget_black_studio_tinymce panel-first-child panel-last-child\" data-index=\"21\" ><div class=\"textwidget\"><p><img class=\" aligncenter\" src=\"http:\/\/divadlomv.cz\/cs\/wp-content\/uploads\/2015\/10\/Macova-Emilie_1.jpg\" alt=\"macova\" \/><\/p>\n<p style=\"text-align: center;\"><span style=\"color: #800000;\"><strong>Emilie M\u00e1cov\u00e1<\/strong><\/span><\/p>\n<\/div><\/div><\/div><div id=\"pgc-207-5-1\"  class=\"panel-grid-cell\" ><div id=\"panel-207-5-1-0\" class=\"so-panel widget widget_black-studio-tinymce widget_black_studio_tinymce panel-first-child panel-last-child\" data-index=\"22\" ><div class=\"textwidget\"><p><a href=\"http:\/\/divadlomv.cz\/cs\/wp-content\/uploads\/2015\/10\/no_photo_1.jpg\" target=\"_blank\"><img class=\" aligncenter\" src=\"http:\/\/divadlomv.cz\/cs\/wp-content\/uploads\/2015\/10\/no_photo_1.jpg\" alt=\"miklovicova\" \/><\/a><\/p>\n<p style=\"text-align: center;\"><span style=\"color: #800000;\"><strong>Eli\u0161ka Miklovicov\u00e1<\/strong><\/span><\/p>\n<\/div><\/div><\/div><div id=\"pgc-207-5-2\"  class=\"panel-grid-cell\" ><div id=\"panel-207-5-2-0\" class=\"so-panel widget widget_black-studio-tinymce widget_black_studio_tinymce panel-first-child panel-last-child\" data-index=\"23\" ><div class=\"textwidget\"><p><img class=\" aligncenter\" src=\"http:\/\/divadlomv.cz\/cs\/wp-content\/uploads\/2015\/10\/Minich-Marek_1.jpg\" alt=\"minich\" \/><\/p>\n<p style=\"text-align: center;\"><span style=\"color: #800000;\"><strong>Marek Minich<\/strong><\/span><\/p>\n<\/div><\/div><\/div><div id=\"pgc-207-5-3\"  class=\"panel-grid-cell\" ><div id=\"panel-207-5-3-0\" class=\"so-panel widget widget_black-studio-tinymce widget_black_studio_tinymce panel-first-child panel-last-child\" data-index=\"24\" ><div class=\"textwidget\"><p><a href=\"http:\/\/divadlomv.cz\/cs\/wp-content\/uploads\/2015\/10\/no_photo_1.jpg\" target=\"_blank\"><img class=\" aligncenter\" src=\"http:\/\/divadlomv.cz\/cs\/wp-content\/uploads\/2015\/10\/no_photo_1.jpg\" alt=\"novakova\" \/><\/a><\/p>\n<p style=\"text-align: center;\"><span style=\"color: #800000;\"><strong>\u017daneta Nov\u00e1kov\u00e1<\/strong><\/span><\/p>\n<\/div><\/div><\/div><div id=\"pgc-207-5-4\"  class=\"panel-grid-cell\" ><div id=\"panel-207-5-4-0\" class=\"so-panel widget widget_black-studio-tinymce widget_black_studio_tinymce panel-first-child panel-last-child\" data-index=\"25\" ><div class=\"textwidget\"><p><a href=\"http:\/\/divadlomv.cz\/cs\/wp-content\/uploads\/2015\/10\/no_photo_1.jpg\" target=\"_blank\"><img class=\" aligncenter\" src=\"http:\/\/divadlomv.cz\/cs\/wp-content\/uploads\/2015\/10\/no_photo_1.jpg\" alt=\"ondrova\" \/><\/a><\/p>\n<p style=\"text-align: center;\"><span style=\"color: #800000;\"><strong>Kate\u0159ina Ondrov\u00e1<\/strong><\/span><\/p>\n<\/div><\/div><\/div><\/div><\/div><div id=\"pg-207-6\"  class=\"panel-grid panel-has-style\" ><div class=\"siteorigin-panels-stretch panel-row-style panel-row-style-for-207-6\" data-stretch-type=\"full\" ><div id=\"pgc-207-6-0\"  class=\"panel-grid-cell\" ><div id=\"panel-207-6-0-0\" class=\"so-panel widget widget_black-studio-tinymce widget_black_studio_tinymce panel-first-child panel-last-child\" data-index=\"26\" ><div class=\"textwidget\"><p><img class=\" aligncenter\" src=\"http:\/\/divadlomv.cz\/cs\/wp-content\/uploads\/2015\/10\/Paul-Oto_1.jpg\" alt=\"paul\" \/><\/p>\n<p style=\"text-align: center;\"><span style=\"color: #800000;\"><strong>Oto Paul<\/strong><\/span><\/p>\n<\/div><\/div><\/div><div id=\"pgc-207-6-1\"  class=\"panel-grid-cell\" ><div id=\"panel-207-6-1-0\" class=\"so-panel widget widget_black-studio-tinymce widget_black_studio_tinymce panel-first-child panel-last-child\" data-index=\"27\" ><div class=\"textwidget\"><p><img class=\"&quot; aligncenter\" src=\"http:\/\/divadlomv.cz\/cs\/wp-content\/uploads\/2015\/10\/Fucikova-Lucie_1.jpg\" alt=\"fucikova\" \/><\/p>\n<p style=\"text-align: center;\"><span style=\"color: #800000;\"><strong>Lucie Pikolov\u00e1<\/strong><\/span><\/p>\n<\/div><\/div><\/div><div id=\"pgc-207-6-2\"  class=\"panel-grid-cell\" ><div id=\"panel-207-6-2-0\" class=\"so-panel widget widget_black-studio-tinymce widget_black_studio_tinymce panel-first-child panel-last-child\" data-index=\"28\" ><div class=\"textwidget\"><p><a href=\"http:\/\/divadlomv.cz\/cs\/wp-content\/uploads\/2015\/10\/no_photo_1.jpg\" target=\"_blank\"><img class=\" aligncenter\" src=\"http:\/\/divadlomv.cz\/cs\/wp-content\/uploads\/2015\/10\/no_photo_1.jpg\" alt=\"ruzickova\" \/><\/a><\/p>\n<p style=\"text-align: center;\"><span style=\"color: #800000;\"><strong>Linda R\u016f\u017ei\u010dkov\u00e1<\/strong><\/span><\/p>\n<\/div><\/div><\/div><div id=\"pgc-207-6-3\"  class=\"panel-grid-cell\" ><div id=\"panel-207-6-3-0\" class=\"so-panel widget widget_black-studio-tinymce widget_black_studio_tinymce panel-first-child panel-last-child\" data-index=\"29\" ><div class=\"textwidget\"><p><a href=\"http:\/\/divadlomv.cz\/cs\/wp-content\/uploads\/2015\/10\/no_photo_1.jpg\" target=\"_blank\"><img class=\" aligncenter\" src=\"http:\/\/divadlomv.cz\/cs\/wp-content\/uploads\/2015\/10\/no_photo_1.jpg\" alt=\"slana\" \/><\/a><\/p>\n<p style=\"text-align: center;\"><span style=\"color: #800000;\"><strong>Hana Slan\u00e1<\/strong><\/span><\/p>\n<\/div><\/div><\/div><div id=\"pgc-207-6-4\"  class=\"panel-grid-cell\" ><div id=\"panel-207-6-4-0\" class=\"so-panel widget widget_black-studio-tinymce widget_black_studio_tinymce panel-first-child panel-last-child\" data-index=\"30\" ><div class=\"textwidget\"><p><a href=\"http:\/\/divadlomv.cz\/cs\/wp-content\/uploads\/2015\/10\/no_photo_1.jpg\" target=\"_blank\"><img class=\" aligncenter\" src=\"http:\/\/divadlomv.cz\/cs\/wp-content\/uploads\/2015\/10\/no_photo_1.jpg\" alt=\"strakova\" \/><\/a><\/p>\n<p style=\"text-align: center;\"><span style=\"color: #800000;\"><strong>Ad\u00e9la Strakov\u00e1<\/strong><\/span><\/p>\n<\/div><\/div><\/div><\/div><\/div><div id=\"pg-207-7\"  class=\"panel-grid panel-has-style\" ><div class=\"siteorigin-panels-stretch panel-row-style panel-row-style-for-207-7\" data-stretch-type=\"full\" ><div id=\"pgc-207-7-0\"  class=\"panel-grid-cell\" ><div id=\"panel-207-7-0-0\" class=\"so-panel widget widget_black-studio-tinymce widget_black_studio_tinymce panel-first-child panel-last-child\" data-index=\"31\" ><div class=\"textwidget\"><p><a href=\"http:\/\/divadlomv.cz\/cs\/wp-content\/uploads\/2015\/10\/no_photo_1.jpg\" target=\"_blank\"><img class=\" aligncenter\" src=\"http:\/\/divadlomv.cz\/cs\/wp-content\/uploads\/2015\/10\/no_photo_1.jpg\" alt=\"simkova\" \/><\/a><\/p>\n<p style=\"text-align: center;\"><span style=\"color: #800000;\"><strong>Nat\u00e1lie \u0160imkov\u00e1<\/strong><\/span><\/p>\n<\/div><\/div><\/div><div id=\"pgc-207-7-1\"  class=\"panel-grid-cell\" ><div id=\"panel-207-7-1-0\" class=\"so-panel widget widget_black-studio-tinymce widget_black_studio_tinymce panel-first-child panel-last-child\" data-index=\"32\" ><div class=\"textwidget\"><p><a href=\"http:\/\/divadlomv.cz\/cs\/wp-content\/uploads\/2015\/10\/no_photo_1.jpg\" target=\"_blank\"><img class=\" aligncenter\" src=\"http:\/\/divadlomv.cz\/cs\/wp-content\/uploads\/2015\/10\/no_photo_1.jpg\" alt=\"spackova\" \/><\/a><\/p>\n<p style=\"text-align: center;\"><span style=\"color: #800000;\"><strong>Marie \u0160pa\u010dkov\u00e1<\/strong><\/span><\/p>\n<\/div><\/div><\/div><div id=\"pgc-207-7-2\"  class=\"panel-grid-cell\" ><div id=\"panel-207-7-2-0\" class=\"so-panel widget widget_black-studio-tinymce widget_black_studio_tinymce panel-first-child panel-last-child\" data-index=\"33\" ><div class=\"textwidget\"><p><a href=\"http:\/\/divadlomv.cz\/cs\/wp-content\/uploads\/2015\/10\/no_photo_1.jpg\" target=\"_blank\"><img class=\" aligncenter\" src=\"http:\/\/divadlomv.cz\/cs\/wp-content\/uploads\/2015\/10\/no_photo_1.jpg\" alt=\"ulcnikova\" \/><\/a><\/p>\n<p style=\"text-align: center;\"><span style=\"color: #800000;\"><strong>Mark\u00e9ta Ul\u010dnikov\u00e1<\/strong><\/span><\/p>\n<\/div><\/div><\/div><div id=\"pgc-207-7-3\"  class=\"panel-grid-cell\" ><div id=\"panel-207-7-3-0\" class=\"so-panel widget widget_black-studio-tinymce widget_black_studio_tinymce panel-first-child panel-last-child\" data-index=\"34\" ><div class=\"textwidget\"><p><a href=\"http:\/\/divadlomv.cz\/cs\/wp-content\/uploads\/2015\/10\/no_photo_1.jpg\" target=\"_blank\"><img class=\" aligncenter\" src=\"http:\/\/divadlomv.cz\/cs\/wp-content\/uploads\/2015\/10\/no_photo_1.jpg\" alt=\"vesela\" \/><\/a><\/p>\n<p style=\"text-align: center;\"><span style=\"color: #800000;\"><strong>Barbora Vesel\u00e1<\/strong><\/span><\/p>\n<\/div><\/div><\/div><div id=\"pgc-207-7-4\"  class=\"panel-grid-cell\" ><div id=\"panel-207-7-4-0\" class=\"so-panel widget widget_black-studio-tinymce widget_black_studio_tinymce panel-first-child panel-last-child\" data-index=\"35\" ><div class=\"textwidget\"><p><a href=\"http:\/\/divadlomv.cz\/cs\/wp-content\/uploads\/2015\/10\/no_photo_1.jpg\" target=\"_blank\"><img class=\" aligncenter\" src=\"http:\/\/divadlomv.cz\/cs\/wp-content\/uploads\/2015\/10\/no_photo_1.jpg\" alt=\"vodak\" \/><\/a><\/p>\n<p style=\"text-align: center;\"><span style=\"color: #800000;\"><strong>Marek Vod\u00e1k<\/strong><\/span><\/p>\n<\/div><\/div><\/div><\/div><\/div><div id=\"pg-207-8\"  class=\"panel-grid panel-has-style\" ><div class=\"siteorigin-panels-stretch panel-row-style panel-row-style-for-207-8\" data-stretch-type=\"full\" ><div id=\"pgc-207-8-0\"  class=\"panel-grid-cell\" ><div id=\"panel-207-8-0-0\" class=\"so-panel widget widget_black-studio-tinymce widget_black_studio_tinymce panel-first-child panel-last-child\" data-index=\"36\" ><div class=\"textwidget\"><p><a href=\"http:\/\/divadlomv.cz\/cs\/wp-content\/uploads\/2015\/10\/no_photo_1.jpg\" target=\"_blank\"><img class=\" aligncenter\" src=\"\" alt=\"vystrcil\" \/><\/a><\/p>\n<p style=\"text-align: center;\"><span style=\"color: #800000;\"><strong>Jan Vystr\u010dil<\/strong><\/span><\/p>\n<\/div><\/div><\/div><div id=\"pgc-207-8-1\"  class=\"panel-grid-cell\" ><div id=\"panel-207-8-1-0\" class=\"so-panel widget widget_black-studio-tinymce widget_black_studio_tinymce panel-first-child panel-last-child\" data-index=\"37\" ><div class=\"textwidget\"><p><a href=\"http:\/\/divadlomv.cz\/cs\/wp-content\/uploads\/2015\/10\/no_photo_1.jpg\" target=\"_blank\"><img class=\" aligncenter\" src=\"\" alt=\"walla\" \/><\/a><\/p>\n<p style=\"text-align: center;\"><span style=\"color: #800000;\"><strong>Petr Walla<\/strong><\/span><\/p>\n<\/div><\/div><\/div><div id=\"pgc-207-8-2\"  class=\"panel-grid-cell\" ><div id=\"panel-207-8-2-0\" class=\"so-panel widget widget_black-studio-tinymce widget_black_studio_tinymce panel-first-child panel-last-child\" data-index=\"38\" ><div class=\"textwidget\"><p><a href=\"http:\/\/divadlomv.cz\/cs\/wp-content\/uploads\/2015\/10\/no_photo_1.jpg\" target=\"_blank\"><img class=\" aligncenter\" src=\"\" alt=\"zamecnikova\" \/><\/a><\/p>\n<p style=\"text-align: center;\"><span style=\"color: #800000;\"><strong>Stella Z\u00e1me\u010dn\u00edkov\u00e1<\/strong><\/span><\/p>\n<\/div><\/div><\/div><div id=\"pgc-207-8-3\"  class=\"panel-grid-cell panel-grid-cell-mobile-last\" ><div id=\"panel-207-8-3-0\" class=\"so-panel widget widget_black-studio-tinymce widget_black_studio_tinymce panel-first-child panel-last-child\" data-index=\"39\" ><div class=\"textwidget\"><p><img class=\" aligncenter\" src=\"http:\/\/divadlomv.cz\/cs\/wp-content\/uploads\/2015\/10\/Ziacek-Tomas_1.jpg\" alt=\"ziacek\" \/><\/p>\n<p style=\"text-align: center;\"><span style=\"color: #800000;\"><strong>Tom\u00e1\u0161 \u017dia\u010dek<\/strong><\/span><\/p>\n<\/div><\/div><\/div><div id=\"pgc-207-8-4\"  class=\"panel-grid-cell panel-grid-cell-empty\" ><\/div><\/div><\/div><div id=\"pg-207-9\"  class=\"panel-grid panel-has-style\" ><div class=\"siteorigin-panels-stretch panel-row-style panel-row-style-for-207-9\" data-stretch-type=\"full\" ><div id=\"pgc-207-9-0\"  class=\"panel-grid-cell panel-grid-cell-empty\" ><\/div><div id=\"pgc-207-9-1\"  class=\"panel-grid-cell panel-grid-cell-empty\" ><\/div><div id=\"pgc-207-9-2\"  class=\"panel-grid-cell panel-grid-cell-empty\" ><\/div><div id=\"pgc-207-9-3\"  class=\"panel-grid-cell panel-grid-cell-empty panel-grid-cell-mobile-last\" ><\/div><div id=\"pgc-207-9-4\"  class=\"panel-grid-cell panel-grid-cell-empty\" ><\/div><\/div><\/div><\/div>","protected":false},"excerpt":{"rendered":"<p>HERECK\u00dd SOUBOR Vlasta Bastlov\u00e1 Karel Bobek Romana Boorov\u00e1 Jana B\u0159ezovsk\u00e1 Jitka Bul\u00ednov\u00e1<\/p>\n<p class=\"continue-reading-button\"> <a class=\"continue-reading-link\" href=\"http:\/\/divadlomv.cz\/cs\/herecky-soubor\/\">v\u00edce&#8230;<i class=\"crycon-right-dir\"><\/i><\/a><\/p>\n","protected":false},"author":2,"featured_media":0,"parent":0,"menu_order":0,"comment_status":"closed","ping_status":"closed","template":"","meta":[],"acf":[],"_links":{"self":[{"href":"http:\/\/divadlomv.cz\/cs\/wp-json\/wp\/v2\/pages\/207"}],"collection":[{"href":"http:\/\/divadlomv.cz\/cs\/wp-json\/wp\/v2\/pages"}],"about":[{"href":"http:\/\/divadlomv.cz\/cs\/wp-json\/wp\/v2\/types\/page"}],"author":[{"embeddable":true,"href":"http:\/\/divadlomv.cz\/cs\/wp-json\/wp\/v2\/users\/2"}],"replies":[{"embeddable":true,"href":"http:\/\/divadlomv.cz\/cs\/wp-json\/wp\/v2\/comments?post=207"}],"version-history":[{"count":70,"href":"http:\/\/divadlomv.cz\/cs\/wp-json\/wp\/v2\/pages\/207\/revisions"}],"predecessor-version":[{"id":7722,"href":"http:\/\/divadlomv.cz\/cs\/wp-json\/wp\/v2\/pages\/207\/revisions\/7722"}],"wp:attachment":[{"href":"http:\/\/divadlomv.cz\/cs\/wp-json\/wp\/v2\/media?parent=207"}],"curies":[{"name":"wp","href":"https:\/\/api.w.org\/{rel}","templated":true}]}}