{"id":265,"date":"2015-11-09T17:18:27","date_gmt":"2015-11-09T16:18:27","guid":{"rendered":"http:\/\/divadlomv.cz\/cs\/?page_id=265"},"modified":"2026-01-18T21:38:43","modified_gmt":"2026-01-18T20:38:43","slug":"program","status":"publish","type":"page","link":"http:\/\/divadlomv.cz\/cs\/program\/","title":{"rendered":"Program"},"content":{"rendered":"<div id=\"pl-265\"  class=\"panel-layout\" ><div id=\"pg-265-0\"  class=\"panel-grid panel-no-style\" ><div id=\"pgc-265-0-0\"  class=\"panel-grid-cell\" ><div id=\"panel-265-0-0-0\" class=\"so-panel widget widget_sow-editor panel-first-child panel-last-child\" data-index=\"0\" ><div\n\t\t\t\n\t\t\tclass=\"so-widget-sow-editor so-widget-sow-editor-base\"\n\t\t\t\n\t\t>\n<div class=\"siteorigin-widget-tinymce textwidget\">\n\t<table style=\"width: 100%;\">\n<tbody>\n<tr>\n<td style=\"border-color: white; background-color: #ffffff; text-align: center;\">\n<h2><span style=\"color: #000000;\"><strong>2026<\/strong><\/span><\/h2>\n<\/td>\n<\/tr>\n<\/tbody>\n<\/table>\n<table style=\"width: 100%;\">\n<tbody>\n<tr>\n<td style=\"color: #ffffff; border-color: #582707; background-color: #0B3266;\" align=\"center\">P\u0158EDSTAVEN\u00cd<\/td>\n<td style=\"color: #ffffff; border-color: #582707; background-color: #0B3266;\" align=\"center\">DATUM<\/td>\n<td style=\"color: #ffffff; border-color: #582707; background-color: #0B3266;\" align=\"center\">ZA\u010c\u00c1TEK<\/td>\n<td style=\"color: #ffffff; border-color: #582707; background-color: #0B3266;\" align=\"center\">M\u00cdSTO<\/td>\n<td style=\"color: #ffffff; border-color: #582707; background-color: #0B3266;\" align=\"center\">CENA<\/td>\n<\/tr>\n<tr>\n<td style=\"border-color: #582707; background-color: #ffffff\" align=\"center\"><a><span style=\"color: #000000;\"><strong>Vizion\u00e1\u0159 | Z\u00e1skok<\/strong><\/span><\/a><\/td>\n<td style=\"border-color: #582707; background-color: #ffffff\" align=\"center\">13. 3.<\/td>\n<td style=\"border-color: #582707; background-color: #ffffff\" align=\"center\">18.00<\/td>\n<td style=\"border-color: #582707; background-color: #ffffff\" align=\"center\">M\u011bstsk\u00e9 divadlo Znojmo<\/td>\n<td style=\"border-color: #582707; background-color: #ffffff\" align=\"center\">320 K\u010d<\/td>\n<\/tr>\n<tr>\n<td style=\"border-color: #582707; background-color: #ffffff\" align=\"center\"><a><span style=\"color: #000000;\"><strong>Krys\u00ed d\u016fm<\/strong><\/span><\/a><\/td>\n<td style=\"border-color: #582707; background-color: #ffffff\" align=\"center\">20. 3.<\/td>\n<td style=\"border-color: #582707; background-color: #ffffff\" align=\"center\">18.00<\/td>\n<td style=\"border-color: #582707; background-color: #ffffff\" align=\"center\">M\u011bstsk\u00e9 divadlo Znojmo<\/td>\n<td style=\"border-color: #582707; background-color: #ffffff\" align=\"center\">360 K\u010d<\/td>\n<\/tr>\n<tr>\n<td style=\"border-color: #582707; background-color: #ffffff\" align=\"center\"><a><span style=\"color: #000000;\"><strong>Nebe na zemi<\/strong><\/span><\/a><\/td>\n<td style=\"border-color: #582707; background-color: #ffffff\" align=\"center\">10. 4.<\/td>\n<td style=\"border-color: #582707; background-color: #ffffff\" align=\"center\">18.00<\/td>\n<td style=\"border-color: #582707; background-color: #ffffff\" align=\"center\">M\u011bstsk\u00e9 divadlo Znojmo<\/td>\n<td style=\"border-color: #582707; background-color: #ffffff\" align=\"center\">360 K\u010d<\/td>\n<\/tr>\n<\/tbody>\n<\/table>\n<table style=\"width: 100%; background-color: #0B3266;\">\n<tbody>\n<tr>\n<td style=\"border-color: white;\" align=\"center\"><span style=\"color: #ffffff;\">REZERVACE VSTUPENEK: <a href=\"mailto:predprodej@dsmv.cz\">vstupenky@dsmv.cz<\/a><\/span><\/td>\n<\/tr>\n<\/tbody>\n<\/table>\n<\/div>\n<\/div><\/div><\/div><\/div><div id=\"pg-265-1\"  class=\"panel-grid panel-no-style\" ><div id=\"pgc-265-1-0\"  class=\"panel-grid-cell panel-grid-cell-empty\" ><\/div><\/div><\/div>","protected":false},"excerpt":{"rendered":"<p>2026 P\u0158EDSTAVEN\u00cd DATUM ZA\u010c\u00c1TEK M\u00cdSTO CENA Vizion\u00e1\u0159 | Z\u00e1skok 13. 3. 18.00 M\u011bstsk\u00e9 divadlo Znojmo 320 K\u010d Krys\u00ed d\u016fm 20. 3. 18.00 M\u011bstsk\u00e9 divadlo Znojmo 360 K\u010d Nebe na zemi 10. 4. 18.00 M\u011bstsk\u00e9 divadlo Znojmo 360 K\u010d REZERVACE VSTUPENEK: vstupenky@dsmv.cz<\/p>\n<p class=\"continue-reading-button\"> <a class=\"continue-reading-link\" href=\"http:\/\/divadlomv.cz\/cs\/program\/\">v\u00edce&#8230;<i class=\"crycon-right-dir\"><\/i><\/a><\/p>\n","protected":false},"author":2,"featured_media":0,"parent":0,"menu_order":0,"comment_status":"closed","ping_status":"closed","template":"","meta":[],"acf":[],"_links":{"self":[{"href":"http:\/\/divadlomv.cz\/cs\/wp-json\/wp\/v2\/pages\/265"}],"collection":[{"href":"http:\/\/divadlomv.cz\/cs\/wp-json\/wp\/v2\/pages"}],"about":[{"href":"http:\/\/divadlomv.cz\/cs\/wp-json\/wp\/v2\/types\/page"}],"author":[{"embeddable":true,"href":"http:\/\/divadlomv.cz\/cs\/wp-json\/wp\/v2\/users\/2"}],"replies":[{"embeddable":true,"href":"http:\/\/divadlomv.cz\/cs\/wp-json\/wp\/v2\/comments?post=265"}],"version-history":[{"count":228,"href":"http:\/\/divadlomv.cz\/cs\/wp-json\/wp\/v2\/pages\/265\/revisions"}],"predecessor-version":[{"id":7852,"href":"http:\/\/divadlomv.cz\/cs\/wp-json\/wp\/v2\/pages\/265\/revisions\/7852"}],"wp:attachment":[{"href":"http:\/\/divadlomv.cz\/cs\/wp-json\/wp\/v2\/media?parent=265"}],"curies":[{"name":"wp","href":"https:\/\/api.w.org\/{rel}","templated":true}]}}