{"id":27,"date":"2015-10-26T14:27:11","date_gmt":"2015-10-26T13:27:11","guid":{"rendered":"http:\/\/divadlomv.cz\/cs\/?page_id=27"},"modified":"2016-08-02T14:12:52","modified_gmt":"2016-08-02T13:12:52","slug":"vzkaznik","status":"publish","type":"page","link":"http:\/\/divadlomv.cz\/cs\/vzkaznik\/","title":{"rendered":"Vzkazn\u00edk"},"content":{"rendered":"<div class=\"gwolle-gb\"><div class=\"gwolle_gb_messages_top_container\"><\/div>\n\t\t\t<div class=\"gwolle-gb-write-button\">\n\t\t\t\t<input type=\"button\" name=\"gwolle-gb-write-button\" class=\"button btn btn-default \" value=\"Write a new entry.\" \/>\n\t\t\t<\/div>\n\t\t\t<form action=\"#\" method=\"POST\" class=\"gwolle-gb-write gwolle-gb-hide gwolle-gb-float gwolle_gb_form_ajax gwolle-gb-form-ajax gwolle-gb-ajax gwolle-gb-not-logged-in\">\n\t\t\t\t<h3>Napi\u0161t\u011b nov\u00fd z\u00e1znam do knihy n\u00e1v\u0161t\u011bv<\/h3>\n\t\t\t\t<button type=\"button\" class=\"gb-notice-dismiss\">x<span class=\"screen-reader-text\">Hide this form.<\/span><\/button>\n\t\t\t\n\t\t\t\t<input type=\"hidden\" name=\"gwolle_gb_function\" class=\"gwolle_gb_function\" value=\"add_entry\" \/><input type=\"hidden\" name=\"gwolle_gb_book_id\" class=\"gwolle_gb_book_id\" value=\"1\" \/><div class=\"gwolle_gb_92d803f3135fee6f6bb3c23e596ddfeb\">\n\t\t\t\t<div class=\"label\"><label for=\"gwolle_gb_92d803f3135fee6f6bb3c23e596ddfeb\" class=\"text-info\">Name <span class=\"required\">*<\/span><\/label><\/div>\n\t\t\t\t<div class=\"input\"><input class=\"wp-exclude-emoji gwolle_gb_92d803f3135fee6f6bb3c23e596ddfeb\" value=\"\" type=\"text\" name=\"gwolle_gb_92d803f3135fee6f6bb3c23e596ddfeb\" required \/><\/div>\n\t\t\t\t<div class=\"clearBoth\">&nbsp;<\/div>\n\t\t\t<\/div><div class=\"gwolle_gb_0795f36e41007d6bba15d4c290c98f33\">\n\t\t\t\t<div class=\"label\"><label for=\"gwolle_gb_0795f36e41007d6bba15d4c290c98f33\" class=\"text-info\">Email<\/label><\/div>\n\t\t\t\t<div class=\"input\"><input class=\"gwolle_gb_0795f36e41007d6bba15d4c290c98f33\" value=\"\" type=\"email\" name=\"gwolle_gb_0795f36e41007d6bba15d4c290c98f33\" \/><\/div>\n\t\t\t\t<div class=\"clearBoth\">&nbsp;<\/div>\n\t\t\t<\/div>\n\t\t\t<div class=\"gwolle_gb_166a3ea60ac32103750db37944fa20f8\" style=\"display:none;overflow:hidden;\">\n\t\t\t\t<div class=\"label\">\n\t\t\t\t\t<label for=\"gwolle_gb_166a3ea60ac32103750db37944fa20f8\" class=\"text-primary\">Do not touch this<\/label>\n\t\t\t\t\t<label for=\"gwolle_gb_2d8ac84eeab4ac70804e7d1bd2521a7e\" class=\"text-primary\">Do not touch this<\/label>\n\t\t\t\t<\/div>\n\t\t\t\t<div class=\"input\">\n\t\t\t\t\t<input value=\"77\" type=\"text\" name=\"gwolle_gb_166a3ea60ac32103750db37944fa20f8\" class=\"gwolle_gb_166a3ea60ac32103750db37944fa20f8\" style=\"transform: translateY(10000px);\" \/>\n\t\t\t\t\t<input value=\"\" type=\"text\" name=\"gwolle_gb_2d8ac84eeab4ac70804e7d1bd2521a7e\" class=\"gwolle_gb_2d8ac84eeab4ac70804e7d1bd2521a7e\" style=\"transform: translateY(10000px);\" \/>\n\t\t\t\t<\/div>\n\t\t\t\t<div class=\"clearBoth\"><\/div>\n\t\t\t<\/div>\n\t\t\t<div class=\"gwolle_gb_a7bc2ea66c1e701d016b0c4cfa842aa2\" style=\"display:none;overflow:hidden;\">\n\t\t\t\t<div class=\"label\">\n\t\t\t\t\t<label for=\"gwolle_gb_a7bc2ea66c1e701d016b0c4cfa842aa2\" class=\"text-primary\">Do not touch this<\/label>\n\t\t\t\t\t<label for=\"gwolle_gb_d418e4865085f572d28cec70f5393dcc\" class=\"text-primary\">Do not touch this<\/label>\n\t\t\t\t<\/div>\n\t\t\t\t<div class=\"input\">\n\t\t\t\t\t<input value=\"51250\" type=\"text\" name=\"gwolle_gb_a7bc2ea66c1e701d016b0c4cfa842aa2\" class=\"gwolle_gb_a7bc2ea66c1e701d016b0c4cfa842aa2\" style=\"transform: translateY(10000px);\" \/>\n\t\t\t\t\t<input value=\"51250\" type=\"text\" name=\"gwolle_gb_d418e4865085f572d28cec70f5393dcc\" class=\"gwolle_gb_d418e4865085f572d28cec70f5393dcc\" style=\"transform: translateY(10000px);\" \/>\n\t\t\t\t<\/div>\n\t\t\t\t<div class=\"clearBoth\"><\/div>\n\t\t\t<\/div><div class=\"gwolle_gb_content\">\n\t\t\t\t<div class=\"label\"><label for=\"gwolle_gb_content\" class=\"text-info\">Guestbook entry <span class=\"required\">*<\/span><\/label><\/div>\n\t\t\t\t<div class=\"input\"><textarea name=\"gwolle_gb_content\" class=\"gwolle_gb_content wp-exclude-emoji\" required ><\/textarea><\/div>\n\t\t\t\t\t<div class=\"clearBoth\">&nbsp;<\/div>\n\t\t\t\t<\/div><input type=\"hidden\" class=\"gwolle_gb_fdf65b922a5ecc6c2733d8aa3299caeb\" name=\"gwolle_gb_fdf65b922a5ecc6c2733d8aa3299caeb\" value=\"2e4e613a9b\" \/>\n\t\t\t<div class=\"gwolle_gb_messages_bottom_container\"><\/div>\n\n\t\t\t<noscript><div class=\"no-js\">Warning: This form can only be used if JavaScript is enabled in your browser.<\/div><\/noscript>\n\n\t\t\t<div class=\"gwolle_gb_submit\">\n\t\t\t\t<div class=\"label gwolle-gb-invisible text-muted\">&nbsp;<\/div>\n\t\t\t\t<div class=\"input\">\n\t\t\t\t\t<input type=\"submit\" name=\"gwolle_gb_submit\" class=\"gwolle_gb_submit button btn btn-primary \" value=\"Submit\" \/>\n\t\t\t\t\t<span class=\"gwolle_gb_submit_ajax_icon\"><\/span>\n\t\t\t\n\t\t\t\t<\/div>\n\t\t\t\t<div class=\"clearBoth\">&nbsp;<\/div>\n\t\t\t<\/div>\n\n\t\t\t<div class=\"gwolle_gb_notice\">\n\t\t\t\tPole ozna\u010den\u00e1 * jsou povinn\u00e1.<br \/>\r\nVa\u0161e E-mailov\u00e1 adresa nebude zve\u0159ejn\u011bna.\n\t\t\t<\/div><\/form><div class=\"gwolle-gb-read gwolle-gb-ajax gwolle-gb-entries-list\" data-book_id=\"1\" data-page_id=\"1\">\n\t\t<div id=\"gwolle-gb-total\" class=\"gwolle-gb-total\">3 entries.<\/div><!-- Gwolle-GB Entry: Default Template Loaded -->\n\t\t\t\t<div class=\"gb-entry gb-entry_4 gb-entry-count_1 gwolle_gb_uneven gwolle-gb-uneven gwolle-gb-first\" data-entry_id=\"4\">\n\t\t\t\t<article>\n\t\t\t\t\t<div class=\"gb-author-info\">\n\t\t\t\t\t\t<span class=\"gb-author-name\">Ver\u010da\n\t\t\t\t\t\t<\/span>\n\t\t\t\t\t\t<span class=\"gb-datetime\">\n\t\t\t\t\t\t\t<span class=\"gb-date\"><span class=\"gb-date-wrote-text\"> wrote on<\/span><span class=\"gb-date-text\"> 28.11.2015<\/span>\n\t\t\t\t\t\t\t<\/span><span class=\"gb-time\">\n\t\t\t\t\t\t\t\t\t<span class=\"gb-time-at-text\"> at<\/span>\n\t\t\t\t\t\t\t\t\t<span class=\"gb-time-text\"> 17:36<\/span>\n\t\t\t\t\t\t\t\t<\/span>\n\t\t\t\t\t\t<\/span> \n\t\t\t\t\t<\/div>\n\t\t\t\t\t<div class=\"gb-entry-content\">\n\t\t\t\t\t\t<div class=\"gb-entry-excerpt\">Evidentn\u011b se divadlo na to vyka\u0161lalo.<\/div>\n\t\t\t\t\t\t<div class=\"gb-entry-full-content gwolle-gb-hide\">Evidentn\u011b se divadlo na to vyka\u0161lalo.... <a href=\"#\" class=\"gwolle-gb-readless\" title=\"Collapse this entry again\">Collapse<\/a><\/div>\n\t\t\t\t\t<\/div>\n\t\t\t\t<\/article>\n\t\t\t<\/div>\n\t\t\t<div class=\"gb-entry gb-entry_3 gb-entry-count_2 gwolle_gb_even gwolle-gb-even\" data-entry_id=\"3\">\n\t\t\t\t<article>\n\t\t\t\t\t<div class=\"gb-author-info\">\n\t\t\t\t\t\t<span class=\"gb-author-name\">Ver\u010da\n\t\t\t\t\t\t<\/span>\n\t\t\t\t\t\t<span class=\"gb-datetime\">\n\t\t\t\t\t\t\t<span class=\"gb-date\"><span class=\"gb-date-wrote-text\"> wrote on<\/span><span class=\"gb-date-text\"> 28.11.2015<\/span>\n\t\t\t\t\t\t\t<\/span><span class=\"gb-time\">\n\t\t\t\t\t\t\t\t\t<span class=\"gb-time-at-text\"> at<\/span>\n\t\t\t\t\t\t\t\t\t<span class=\"gb-time-text\"> 13:20<\/span>\n\t\t\t\t\t\t\t\t<\/span>\n\t\t\t\t\t\t<\/span> \n\t\t\t\t\t<\/div>\n\t\t\t\t\t<div class=\"gb-entry-content\">\n\t\t\t\t\t\t<div class=\"gb-entry-excerpt\">Velk\u00e1 \u0161koda a ka\u0148ka na cel\u00e9m ur\u010dit\u011b kr\u00e1sn\u00e1m p\u0159edstaven\u00ed je, \u017ee na plak\u00e1tech byla jin\u00e1 doba za\u010d\u00e1tku a nena\u0161el se nikdo, kdo by to napravil (p\u0159elepil plak\u00e1t v divadle ve vitr\u00edn\u011b, na str\u00e1nk\u00e1ch besedy znojmo-divadlo a tak\u00e9 ve Znojemsk\u00fdch listech vy\u0161el za\u010d\u00e1tek od 19.00. To jste snad v\u011bd\u011bli ji\u017e 1.listopadu kdy se plak\u00e1ty objevily. I na Va\u0161em facebook p\u00ed\u0161ete upozorn\u011bn\u00ed 23.listopadu. Velk\u00e1 \u0161koda \u0161li jsme 4 holky na jistotu, \u017ee l\u00edstky koup\u00edme na m\u00edst\u011b a p\u0159edstaven\u00ed ji\u017e p\u016fl hodiny b\u011b\u017eelo.... <a href=\"#\" class=\"gwolle-gb-readmore\" title=\"Expand this entry and read more\">Read more<\/a><\/div>\n\t\t\t\t\t\t<div class=\"gb-entry-full-content gwolle-gb-hide\">Velk\u00e1 \u0161koda a ka\u0148ka na cel\u00e9m ur\u010dit\u011b kr\u00e1sn\u00e1m p\u0159edstaven\u00ed je, \u017ee na plak\u00e1tech byla jin\u00e1 doba za\u010d\u00e1tku a nena\u0161el se nikdo, kdo by to napravil (p\u0159elepil plak\u00e1t v divadle ve vitr\u00edn\u011b, na str\u00e1nk\u00e1ch besedy znojmo-divadlo a tak\u00e9 ve Znojemsk\u00fdch listech vy\u0161el za\u010d\u00e1tek od 19.00. To jste snad v\u011bd\u011bli ji\u017e 1.listopadu kdy se plak\u00e1ty objevily. I na Va\u0161em facebook p\u00ed\u0161ete upozorn\u011bn\u00ed 23.listopadu. Velk\u00e1 \u0161koda \u0161li jsme 4 holky na jistotu, \u017ee l\u00edstky koup\u00edme na m\u00edst\u011b a p\u0159edstaven\u00ed ji\u017e p\u016fl hodiny b\u011b\u017eelo. Je\u0161t\u011b \u017ee s n\u00e1mi ne\u0161li rodinn\u00ed p\u0159\u00edslu\u0161n\u00edci asi by n\u00e1s ukamenovali. P\u0159ejeme hodn\u011b dal\u0161\u00edch kr\u00e1sn\u00fdch p\u0159edstaven\u00ed. Tfuj tfuj.... <a href=\"#\" class=\"gwolle-gb-readless\" title=\"Collapse this entry again\">Collapse<\/a><\/div>\n\t\t\t\t\t<\/div>\n\t\t\t\t\t<div class=\"gb-entry-admin_reply\">\n\t\t\t\t\t\t<div class=\"gb-admin_reply_uid gb-admin-reply-uid\">\n\t\t\t\t\t\t\t<em>Admin Reply by: Lucie Pikolov\u00e1<\/em>\n\t\t\t\t\t\t<\/div> \n\t\t\t\t\t\t<div class=\"gb-admin_reply-excerpt\">Moc n\u00e1s to mrz\u00ed, ale bohu\u017eel tuto v\u011bc jsme nemohli ovlivnit. Divadlo jsme si pronajali a na v\u0161echny na\u0161e ofici\u00e1ln\u00ed plak\u00e1ty jsme uvedli spr\u00e1vn\u00fd \u010das. Co se t\u00fd\u010de plak\u00e1t\u016f divadla a program\u016f, tak to nen\u00ed v na\u0161\u00ed moci. Jakmile jsme si chyby na jejich plak\u00e1tech v\u0161imli, okam\u017eit\u011b jsme veden\u00ed divadla kontaktovali a byla p\u0159isl\u00edbena oprava. Repr\u00edza je pl\u00e1nov\u00e1na 5. 2. 2016 v 18:00. Sledujte n\u00e1\u0161 web a facebook, kter\u00fd si spravujeme sami a jsou zde v\u017edy spr\u00e1vn\u00e9 \u00fadaje.<\/div>\n\t\t\t\t\t\t<div class=\"gb-admin_reply-full-content gwolle-gb-hide\">\n\t\t\t\t\t\tMoc n\u00e1s to mrz\u00ed, ale bohu\u017eel tuto v\u011bc jsme nemohli ovlivnit. Divadlo jsme si pronajali a na v\u0161echny na\u0161e ofici\u00e1ln\u00ed plak\u00e1ty jsme uvedli spr\u00e1vn\u00fd \u010das. Co se t\u00fd\u010de plak\u00e1t\u016f divadla a program\u016f, tak to nen\u00ed v na\u0161\u00ed moci. Jakmile jsme si chyby na jejich plak\u00e1tech v\u0161imli, okam\u017eit\u011b jsme veden\u00ed divadla kontaktovali a byla p\u0159isl\u00edbena oprava. Repr\u00edza je pl\u00e1nov\u00e1na 5. 2. 2016 v 18:00. Sledujte n\u00e1\u0161 web a facebook, kter\u00fd si spravujeme sami a jsou zde v\u017edy spr\u00e1vn\u00e9 \u00fadaje.... <a href=\"#\" class=\"gwolle-gb-readless\" title=\"Collapse this entry again\">Collapse<\/a>\n\t\t\t\t\t\t<\/div>\n\t\t\t\t\t<\/div>\n\t\t\t\t<\/article>\n\t\t\t<\/div>\n\t\t\t<div class=\"gb-entry gb-entry_2 gb-entry-count_3 gwolle_gb_uneven gwolle-gb-uneven\" data-entry_id=\"2\">\n\t\t\t\t<article>\n\t\t\t\t\t<div class=\"gb-author-info\">\n\t\t\t\t\t\t<span class=\"gb-author-name\">Fanda \ud83d\ude42\n\t\t\t\t\t\t<\/span>\n\t\t\t\t\t\t<span class=\"gb-datetime\">\n\t\t\t\t\t\t\t<span class=\"gb-date\"><span class=\"gb-date-wrote-text\"> wrote on<\/span><span class=\"gb-date-text\"> 17.11.2015<\/span>\n\t\t\t\t\t\t\t<\/span><span class=\"gb-time\">\n\t\t\t\t\t\t\t\t\t<span class=\"gb-time-at-text\"> at<\/span>\n\t\t\t\t\t\t\t\t\t<span class=\"gb-time-text\"> 19:11<\/span>\n\t\t\t\t\t\t\t\t<\/span>\n\t\t\t\t\t\t<\/span> \n\t\t\t\t\t<\/div>\n\t\t\t\t\t<div class=\"gb-entry-content\">\n\t\t\t\t\t\t<div class=\"gb-entry-excerpt\">Webov\u00e9 str\u00e1nky m\u00e1te moc p\u011bkn\u00e9. P\u0159edstaven\u00ed Balada z hadr\u016f bylo perfektn\u00ed, u\u017e se t\u011b\u0161\u00edm na premi\u00e9ru Nebe na zemi.<\/div>\n\t\t\t\t\t\t<div class=\"gb-entry-full-content gwolle-gb-hide\">Webov\u00e9 str\u00e1nky m\u00e1te moc p\u011bkn\u00e9. P\u0159edstaven\u00ed Balada z hadr\u016f bylo perfektn\u00ed, u\u017e se t\u011b\u0161\u00edm na premi\u00e9ru Nebe na zemi.... <a href=\"#\" class=\"gwolle-gb-readless\" title=\"Collapse this entry again\">Collapse<\/a><\/div>\n\t\t\t\t\t<\/div>\n\t\t\t\t<\/article>\n\t\t\t<\/div>\n\t\t\t<\/div><\/div>\n","protected":false},"excerpt":{"rendered":"<p class=\"continue-reading-button\"> <a class=\"continue-reading-link\" href=\"http:\/\/divadlomv.cz\/cs\/vzkaznik\/\">v\u00edce&#8230;<i class=\"crycon-right-dir\"><\/i><\/a><\/p>\n","protected":false},"author":1,"featured_media":0,"parent":0,"menu_order":0,"comment_status":"closed","ping_status":"closed","template":"","meta":[],"acf":[],"_links":{"self":[{"href":"http:\/\/divadlomv.cz\/cs\/wp-json\/wp\/v2\/pages\/27"}],"collection":[{"href":"http:\/\/divadlomv.cz\/cs\/wp-json\/wp\/v2\/pages"}],"about":[{"href":"http:\/\/divadlomv.cz\/cs\/wp-json\/wp\/v2\/types\/page"}],"author":[{"embeddable":true,"href":"http:\/\/divadlomv.cz\/cs\/wp-json\/wp\/v2\/users\/1"}],"replies":[{"embeddable":true,"href":"http:\/\/divadlomv.cz\/cs\/wp-json\/wp\/v2\/comments?post=27"}],"version-history":[{"count":2,"href":"http:\/\/divadlomv.cz\/cs\/wp-json\/wp\/v2\/pages\/27\/revisions"}],"predecessor-version":[{"id":522,"href":"http:\/\/divadlomv.cz\/cs\/wp-json\/wp\/v2\/pages\/27\/revisions\/522"}],"wp:attachment":[{"href":"http:\/\/divadlomv.cz\/cs\/wp-json\/wp\/v2\/media?parent=27"}],"curies":[{"name":"wp","href":"https:\/\/api.w.org\/{rel}","templated":true}]}}