{"id":31,"date":"2015-10-26T14:28:19","date_gmt":"2015-10-26T13:28:19","guid":{"rendered":"http:\/\/divadlomv.cz\/cs\/?page_id=31"},"modified":"2016-11-08T14:12:34","modified_gmt":"2016-11-08T13:12:34","slug":"nebe-na-zemi","status":"publish","type":"page","link":"http:\/\/divadlomv.cz\/cs\/nebe-na-zemi\/","title":{"rendered":"Nebe na zemi"},"content":{"rendered":"<h3><span style=\"color: #800000;\"><strong>Nebe na zemi<\/strong><\/span><\/h3>\n<p>&nbsp;<br \/>\n<img loading=\"lazy\" class=\"alignnone wp-image-278\" src=\"http:\/\/divadlomv.cz\/cs\/wp-content\/uploads\/2015\/10\/nebe_program.jpg\" alt=\"program-nebe\" width=\"728\" height=\"290\" \/> <img loading=\"lazy\" class=\"alignnone wp-image-209\" src=\"http:\/\/divadlomv.cz\/cs\/wp-content\/uploads\/2015\/10\/infotab-Nebe.jpg\" alt=\"infotab_Nebe\" width=\"350\" height=\"290\" \/><\/p>\n<p style=\"text-align: justify;\">Hra m\u011bla premi\u00e9ru v roce 1936 v Osvobozen\u00e9m divadle v Praze. Inspirac\u00ed autor\u016fm byl motiv staroanglick\u00e9 hry Francise Beaumonta a Johna Fletchera &#8211; <i>\u0160pan\u011blsk\u00fd kn\u011bz<\/i>. D\u011bj v\u0161ak p\u0159enesli do mytologicko &#8211; renesan\u010dn\u00ed atmosf\u00e9ry. Hra se odehr\u00e1v\u00e1 na Olympu a v mal\u00e9m m\u011bst\u011b kdekoliv a kdykoliv je V\u00e1m libo, nebo\u0165 jak \u0159\u00edk\u00e1 b\u016fh Merkur ve h\u0159e \u201eNez\u00e1le\u017e\u00ed na jm\u00e9nu obce, lidi, lidi ti jsou v\u0161ude stejn\u00ed \u2026\u201c<\/p>\n<p>&nbsp;<\/p>\n<table style=\"width: 65%; background-color: #ebebeb;\">\n<col style=\"width:50%;\" \/>\n<col style=\"width:50%;\" \/>\n<tbody>\n<tr>\n<td style=\"border-color: white;\"><span style=\"color: #800000;\">Autor hry<\/span><\/td>\n<td style=\"border-color: white;\"><span style=\"color: #800000;\">Jan Werich a Ji\u0159\u00ed Voskovec<\/span><\/td>\n<\/tr>\n<tr>\n<td style=\"border-color: white;\"><span style=\"color: #800000;\">Autor hudby<\/span><\/td>\n<td style=\"border-color: white;\"><span style=\"color: #800000;\">Jaroslav Je\u017eek<\/span><\/td>\n<\/tr>\n<\/tbody>\n<\/table>\n<p>&nbsp;<\/p>\n<h5><strong><span style=\"color: #800000;\"> Hereck\u00e9 obsazen\u00ed<\/span><\/strong><\/h5>\n<p>&nbsp;<\/p>\n<table style=\"width: 65%; background-color: #ebebeb;\">\n<col style=\"width:50%;\" \/>\n<col style=\"width:50%;\" \/>\n<tbody>\n<tr>\n<td style=\"border-color: white;\">Jupiter<\/td>\n<td style=\"border-color: white;\">Karel Bobek<\/td>\n<\/tr>\n<tr>\n<td style=\"border-color: white;\">Juno, sousedka<\/td>\n<td style=\"border-color: white;\">Em\u00edlie M\u00e1cov\u00e1<\/td>\n<\/tr>\n<tr>\n<td style=\"border-color: white;\">Jupiter, Camilio<\/td>\n<td style=\"border-color: white;\">Marek Zimmermann<\/td>\n<\/tr>\n<tr>\n<td style=\"border-color: white;\">Merkur<\/td>\n<td style=\"border-color: white;\">Petr Chaloupek<\/td>\n<\/tr>\n<tr>\n<td style=\"border-color: white;\">Vittorio Bartolus (not\u00e1\u0159)<\/td>\n<td style=\"border-color: white;\">Petr Fr\u00f6mel<\/td>\n<\/tr>\n<tr>\n<td style=\"border-color: white;\">Amaranta (\u017eena Bartola)<\/td>\n<td style=\"border-color: white;\">Lucie Fu\u010d\u00edkov\u00e1<\/td>\n<\/tr>\n<tr>\n<td style=\"border-color: white;\">Catastrofa (\u017eena Caverny)<\/td>\n<td style=\"border-color: white;\">Dana Nem\u010dokov\u00e1<\/td>\n<\/tr>\n<tr>\n<td style=\"border-color: white;\">Caverna<\/td>\n<td style=\"border-color: white;\">Marek Minich<\/td>\n<\/tr>\n<tr>\n<td style=\"border-color: white;\">Camilio<\/td>\n<td style=\"border-color: white;\">Tom\u00e1\u0161 Bauer<\/td>\n<\/tr>\n<tr>\n<td style=\"border-color: white;\">Horacio Darda (kn\u011bz chr\u00e1mu Jupiterova)<\/td>\n<td style=\"border-color: white;\">Kamil Chaloupka<\/td>\n<\/tr>\n<tr>\n<td style=\"border-color: white;\">Scipio Calaber (kosteln\u00edk chr\u00e1mu Jupiterova)<\/td>\n<td style=\"border-color: white;\">Vojt\u011bch \u010cabala<\/td>\n<\/tr>\n<tr>\n<td style=\"border-color: white;\">Rakv\u00e1\u0159<\/td>\n<td style=\"border-color: white;\">Tom\u00e1\u0161 \u017dia\u010dek \/ Milan Stehl\u00edk<\/td>\n<\/tr>\n<tr>\n<td style=\"border-color: white;\">Vdova<\/td>\n<td style=\"border-color: white;\">Alena \u0160\u00e1lkov\u00e1<\/td>\n<\/tr>\n<tr>\n<td style=\"border-color: white;\">Komorn\u00e1, sousedka<\/td>\n<td style=\"border-color: white;\">Anna Marie Drozdov\u00e1<\/td>\n<\/tr>\n<tr>\n<td style=\"border-color: white;\">Sousedky<\/td>\n<td style=\"border-color: white;\">Dita Buchtov\u00e1<\/td>\n<\/tr>\n<tr>\n<td style=\"border-color: white;\"><\/td>\n<td style=\"border-color: white;\">Jana Lobpreisov\u00e1<\/td>\n<\/tr>\n<tr>\n<td style=\"border-color: white;\"><\/td>\n<td style=\"border-color: white;\">Simona Culkov\u00e1<\/td>\n<\/tr>\n<tr>\n<td style=\"border-color: white;\"><\/td>\n<td style=\"border-color: white;\">Ivana Herzigov\u00e1<\/td>\n<\/tr>\n<tr>\n<td style=\"border-color: white;\"><\/td>\n<td style=\"border-color: white;\">Jitka Bul\u00ednov\u00e1<\/td>\n<\/tr>\n<tr>\n<td style=\"border-color: white;\"><\/td>\n<td style=\"border-color: white;\">Vlasta Bastlov\u00e1<\/td>\n<\/tr>\n<\/tbody>\n<\/table>\n<p>&nbsp;<\/p>\n<h5><span style=\"color: #800000;\"><strong> Hudba<\/strong><\/span><\/h5>\n<p>&nbsp;<\/p>\n<table style=\"width: 65%; background-color: #ebebeb;\">\n<col style=\"width:50%;\" \/>\n<col style=\"width:50%;\" \/>\n<tbody>\n<tr>\n<td style=\"border-color: white;\">Piano<\/td>\n<td style=\"border-color: white;\">Michal Smr\u010dka<\/td>\n<\/tr>\n<tr>\n<td style=\"border-color: white;\">Basa<\/td>\n<td style=\"border-color: white;\">Jan Havl\u00edk<\/td>\n<\/tr>\n<tr>\n<td style=\"border-color: white;\">Bic\u00ed<\/td>\n<td style=\"border-color: white;\">Zden\u011bk Novotn\u00fd<\/td>\n<\/tr>\n<\/tbody>\n<\/table>\n<table style=\"width: 65%; background-color: #ebebeb;\">\n<col style=\"width:50%;\" \/>\n<col style=\"width:50%;\" \/>\n<tbody>\n<tr>\n<td style=\"border-color: white;\">Tane\u010dn\u00ed choreografie<\/td>\n<td style=\"border-color: white;\">Eva Lettlov\u00e1<\/td>\n<\/tr>\n<\/tbody>\n<\/table>\n<p>&nbsp;<\/p>\n<h5><span style=\"color: #800000;\"><strong> D\u00e1le spolupracuj\u00ed<\/strong><\/span><\/h5>\n<p>&nbsp;<\/p>\n<table style=\"width: 65%; background-color: #ebebeb;\">\n<col style=\"width:50%;\" \/>\n<col style=\"width:50%;\" \/>\n<tbody>\n<tr>\n<td style=\"border-color: white;\">Masky<\/td>\n<td style=\"border-color: white;\">Michala Vyhn\u00e1nkov\u00e1<\/td>\n<\/tr>\n<tr>\n<td style=\"border-color: white;\">Vl\u00e1senky<\/td>\n<td style=\"border-color: white;\">Kv\u011btoslava Turo\u0148ov\u00e1<\/td>\n<\/tr>\n<tr>\n<td style=\"border-color: white;\">Kost\u00fdmy<\/td>\n<td style=\"border-color: white;\">Alena \u0160\u00e1lkov\u00e1<\/td>\n<\/tr>\n<tr>\n<td style=\"border-color: white;\"><\/td>\n<td style=\"border-color: white;\">Eva Lettlov\u00e1<\/td>\n<\/tr>\n<tr>\n<td style=\"border-color: white;\">Um\u011bleck\u00e9 dopl\u0148ky<\/td>\n<td style=\"border-color: white;\">Um\u011bleck\u00e9 ateli\u00e9ry Pro-Artes<\/td>\n<\/tr>\n<tr>\n<td style=\"border-color: white;\">Rekvizity<\/td>\n<td style=\"border-color: white;\">Dagmar Prchalov\u00e1<\/td>\n<\/tr>\n<tr>\n<td style=\"border-color: white;\"><\/td>\n<td style=\"border-color: white;\">Barbora Lettlov\u00e1<\/td>\n<\/tr>\n<tr>\n<td style=\"border-color: white;\"><\/td>\n<td style=\"border-color: white;\">Tom\u00e1\u0161 Bauer<\/td>\n<\/tr>\n<tr>\n<td style=\"border-color: white;\">Sv\u011btla<\/td>\n<td style=\"border-color: white;\">Jan Hork\u00fd \/ Ji\u0159\u00ed Komenda<\/td>\n<\/tr>\n<\/tbody>\n<\/table>\n","protected":false},"excerpt":{"rendered":"<p>Nebe na zemi &nbsp; Hra m\u011bla premi\u00e9ru v roce 1936 v Osvobozen\u00e9m divadle v Praze. Inspirac\u00ed autor\u016fm byl motiv staroanglick\u00e9 hry Francise Beaumonta a Johna Fletchera &#8211; \u0160pan\u011blsk\u00fd kn\u011bz. D\u011bj v\u0161ak p\u0159enesli do mytologicko &#8211; renesan\u010dn\u00ed atmosf\u00e9ry. Hra se odehr\u00e1v\u00e1 na Olympu a v mal\u00e9m m\u011bst\u011b kdekoliv a kdykoliv je\u2026<\/p>\n<p class=\"continue-reading-button\"> <a class=\"continue-reading-link\" href=\"http:\/\/divadlomv.cz\/cs\/nebe-na-zemi\/\">v\u00edce&#8230;<i class=\"crycon-right-dir\"><\/i><\/a><\/p>\n","protected":false},"author":1,"featured_media":0,"parent":0,"menu_order":0,"comment_status":"closed","ping_status":"closed","template":"templates\/template-onecolumn.php","meta":[],"acf":[],"_links":{"self":[{"href":"http:\/\/divadlomv.cz\/cs\/wp-json\/wp\/v2\/pages\/31"}],"collection":[{"href":"http:\/\/divadlomv.cz\/cs\/wp-json\/wp\/v2\/pages"}],"about":[{"href":"http:\/\/divadlomv.cz\/cs\/wp-json\/wp\/v2\/types\/page"}],"author":[{"embeddable":true,"href":"http:\/\/divadlomv.cz\/cs\/wp-json\/wp\/v2\/users\/1"}],"replies":[{"embeddable":true,"href":"http:\/\/divadlomv.cz\/cs\/wp-json\/wp\/v2\/comments?post=31"}],"version-history":[{"count":23,"href":"http:\/\/divadlomv.cz\/cs\/wp-json\/wp\/v2\/pages\/31\/revisions"}],"predecessor-version":[{"id":1340,"href":"http:\/\/divadlomv.cz\/cs\/wp-json\/wp\/v2\/pages\/31\/revisions\/1340"}],"wp:attachment":[{"href":"http:\/\/divadlomv.cz\/cs\/wp-json\/wp\/v2\/media?parent=31"}],"curies":[{"name":"wp","href":"https:\/\/api.w.org\/{rel}","templated":true}]}}