{"id":35,"date":"2015-10-26T14:29:38","date_gmt":"2015-10-26T13:29:38","guid":{"rendered":"http:\/\/divadlomv.cz\/cs\/?page_id=35"},"modified":"2021-11-17T22:51:42","modified_gmt":"2021-11-17T21:51:42","slug":"o-nas","status":"publish","type":"page","link":"http:\/\/divadlomv.cz\/cs\/o-nas\/","title":{"rendered":"O n\u00e1s"},"content":{"rendered":"<h5><span style=\"color: #800000;\">Vznik Divadeln\u00edho studia MV<\/span><\/h5>\n<ul>\n<li>DSMV bylo zalo\u017eeno v roce 2013 profesion\u00e1ln\u00ed here\u010dkou pan\u00ed Martinou V\u00fdhodovou<\/li>\n<li>Studio se skl\u00e1d\u00e1 z \u0161irok\u00e9 ve\u0159ejnosti, ochotnick\u00fdch i profesion\u00e1ln\u00edch herc\u016f, sou\u010dasn\u00fdch a b\u00fdval\u00fdch \u017e\u00e1k\u016f ZU\u0160 Znojmo, hudebn\u00edk\u016f a st\u00e1le se rozr\u016fst\u00e1<\/li>\n<li>Aktu\u00e1ln\u011b m\u00e1 90 \u010dlen\u016f, 65 st\u00e1l\u00fdch, 25 hostuj\u00edc\u00edch<\/li>\n<li>DSMV vzniklo pod k\u0159\u00eddly Z\u00e1kladn\u00ed um\u011bleck\u00e9 \u0161koly Znojmo, pot\u00e9 do r. 2017 p\u016fsobilo pod St\u0159ediskem voln\u00e9ho \u010dasu Znojmo<\/li>\n<li>Od konce r. 2017 DSMV funguje samostatn\u011b<\/li>\n<li>V ka\u017ed\u00e9 inscenaci je kladen d\u016fraz na propojen\u00ed hereck\u00fdch v\u00fdkon\u016f s \u017eivou hudbou<\/li>\n<li>V roce 2014 byla uvedena historicky 1. divadeln\u00ed hra souboru &#8211; Balada z hadr\u016f (Voskovec a Werich)<\/li>\n<li>V reperto\u00e1ru DSMV naleznete aktu\u00e1ln\u011b 11 divadeln\u00edch her<\/li>\n<\/ul>\n<h5><span style=\"color: #800000;\">Na\u0161e vize<\/span><\/h5>\n<ul>\n<li>Chceme slu\u010dovat um\u011blce a spolupracovat na p\u0159edstaven\u00edch, v\u00fdstav\u00e1ch, hudebn\u00edch produkc\u00edch apod. nap\u0159\u00ed\u010d v\u0161emi um\u011bleck\u00fdmi sm\u011bry pro v\u0161echny v\u011bkov\u00e9 kategorie a propojit tak hudebn\u00ed, hereck\u00e9, tane\u010dn\u00ed a v\u00fdtvarn\u00e9 obory<\/li>\n<li>Sestavit st\u00e1lou divadeln\u00ed sc\u00e9nu, divadeln\u00ed orchestr a dal\u0161\u00ed p\u0159idru\u017een\u00e9 skupiny (kost\u00fdmy, masky, kulisy) a po\u0159\u00e1dat divadeln\u00ed p\u0159edstaven\u00ed<\/li>\n<li>Vytvo\u0159it p\u0159\u00edle\u017eitosti pro za\u010d\u00ednaj\u00edc\u00ed um\u011blce<\/li>\n<\/ul>\n","protected":false},"excerpt":{"rendered":"<p>Vznik Divadeln\u00edho studia MV DSMV bylo zalo\u017eeno v roce 2013 profesion\u00e1ln\u00ed here\u010dkou pan\u00ed Martinou V\u00fdhodovou Studio se skl\u00e1d\u00e1 z \u0161irok\u00e9 ve\u0159ejnosti, ochotnick\u00fdch i profesion\u00e1ln\u00edch herc\u016f, sou\u010dasn\u00fdch a b\u00fdval\u00fdch \u017e\u00e1k\u016f ZU\u0160 Znojmo, hudebn\u00edk\u016f a st\u00e1le se rozr\u016fst\u00e1 Aktu\u00e1ln\u011b m\u00e1 90 \u010dlen\u016f, 65 st\u00e1l\u00fdch, 25 hostuj\u00edc\u00edch DSMV vzniklo pod k\u0159\u00eddly Z\u00e1kladn\u00ed um\u011bleck\u00e9\u2026<\/p>\n<p class=\"continue-reading-button\"> <a class=\"continue-reading-link\" href=\"http:\/\/divadlomv.cz\/cs\/o-nas\/\">v\u00edce&#8230;<i class=\"crycon-right-dir\"><\/i><\/a><\/p>\n","protected":false},"author":1,"featured_media":0,"parent":0,"menu_order":0,"comment_status":"closed","ping_status":"closed","template":"","meta":[],"acf":[],"_links":{"self":[{"href":"http:\/\/divadlomv.cz\/cs\/wp-json\/wp\/v2\/pages\/35"}],"collection":[{"href":"http:\/\/divadlomv.cz\/cs\/wp-json\/wp\/v2\/pages"}],"about":[{"href":"http:\/\/divadlomv.cz\/cs\/wp-json\/wp\/v2\/types\/page"}],"author":[{"embeddable":true,"href":"http:\/\/divadlomv.cz\/cs\/wp-json\/wp\/v2\/users\/1"}],"replies":[{"embeddable":true,"href":"http:\/\/divadlomv.cz\/cs\/wp-json\/wp\/v2\/comments?post=35"}],"version-history":[{"count":11,"href":"http:\/\/divadlomv.cz\/cs\/wp-json\/wp\/v2\/pages\/35\/revisions"}],"predecessor-version":[{"id":7599,"href":"http:\/\/divadlomv.cz\/cs\/wp-json\/wp\/v2\/pages\/35\/revisions\/7599"}],"wp:attachment":[{"href":"http:\/\/divadlomv.cz\/cs\/wp-json\/wp\/v2\/media?parent=35"}],"curies":[{"name":"wp","href":"https:\/\/api.w.org\/{rel}","templated":true}]}}