{"id":388,"date":"2015-11-15T00:52:43","date_gmt":"2015-11-14T23:52:43","guid":{"rendered":"http:\/\/divadlomv.cz\/cs\/?page_id=388"},"modified":"2021-11-17T22:33:49","modified_gmt":"2021-11-17T21:33:49","slug":"umelecko-technicky-provoz","status":"publish","type":"page","link":"http:\/\/divadlomv.cz\/cs\/umelecko-technicky-provoz\/","title":{"rendered":"Um\u011blecko-technick\u00fd provoz"},"content":{"rendered":"<div id=\"pl-388\"  class=\"panel-layout\" ><div id=\"pg-388-0\"  class=\"panel-grid panel-no-style\" ><div id=\"pgc-388-0-0\"  class=\"panel-grid-cell\" ><div id=\"panel-388-0-0-0\" class=\"so-panel widget widget_black-studio-tinymce widget_black_studio_tinymce panel-first-child panel-last-child\" data-index=\"0\" ><div class=\"panel-widget-style panel-widget-style-for-388-0-0-0\" ><div class=\"textwidget\"><p style=\"text-align: center;\"><span style=\"color: #ffffff;\">TANE\u010cN\u00cd CHOREOGRAFIE<\/span><\/p>\n<\/div><\/div><\/div><\/div><div id=\"pgc-388-0-1\"  class=\"panel-grid-cell\" ><div id=\"panel-388-0-1-0\" class=\"so-panel widget widget_black-studio-tinymce widget_black_studio_tinymce panel-first-child panel-last-child\" data-index=\"1\" ><div class=\"panel-widget-style panel-widget-style-for-388-0-1-0\" ><div class=\"textwidget\"><p style=\"text-align: center;\"><span style=\"color: #ffffff;\">ASISTENTKA RE\u017dIE<\/span><\/p>\n<\/div><\/div><\/div><\/div><div id=\"pgc-388-0-2\"  class=\"panel-grid-cell\" ><div id=\"panel-388-0-2-0\" class=\"so-panel widget widget_black-studio-tinymce widget_black_studio_tinymce panel-first-child panel-last-child\" data-index=\"2\" ><div class=\"panel-widget-style panel-widget-style-for-388-0-2-0\" ><div class=\"textwidget\"><p style=\"text-align: center;\"><span style=\"color: #ffffff;\">HLASOV\u00c1 PORADKYN\u011a<\/span><\/p>\n<\/div><\/div><\/div><\/div><\/div><div id=\"pg-388-1\"  class=\"panel-grid panel-no-style\" ><div id=\"pgc-388-1-0\"  class=\"panel-grid-cell\" ><div id=\"panel-388-1-0-0\" class=\"so-panel widget widget_black-studio-tinymce widget_black_studio_tinymce panel-first-child panel-last-child\" data-index=\"3\" ><div class=\"textwidget\"><p><img src=\"http:\/\/divadlomv.cz\/cs\/wp-content\/uploads\/2015\/10\/no_photo_1-200x300.jpg\" alt=\"no_photo_1\" width=\"200\" height=\"300\" class=\"aligncenter size-medium wp-image-793\" \/><\/p>\n<p style=\"text-align: center;\"><span style=\"color: #800000;\"><strong>Krist\u00fdna K\u0159emen\u00e1kov\u00e1<\/strong><\/span><\/p>\n<\/div><\/div><\/div><div id=\"pgc-388-1-1\"  class=\"panel-grid-cell\" ><div id=\"panel-388-1-1-0\" class=\"so-panel widget widget_black-studio-tinymce widget_black_studio_tinymce panel-first-child panel-last-child\" data-index=\"4\" ><div class=\"textwidget\"><p><img src=\"http:\/\/divadlomv.cz\/cs\/wp-content\/uploads\/2015\/10\/no_photo_1-200x300.jpg\" alt=\"no_photo_1\" width=\"200\" height=\"300\" class=\"aligncenter size-medium wp-image-793\" \/><\/p>\n<p style=\"text-align: center;\"><span style=\"color: #800000;\"><strong>Krist\u00fdna Kindlerov\u00e1<\/strong><\/span><\/p>\n<\/div><\/div><\/div><div id=\"pgc-388-1-2\"  class=\"panel-grid-cell\" ><div id=\"panel-388-1-2-0\" class=\"so-panel widget widget_black-studio-tinymce widget_black_studio_tinymce panel-first-child panel-last-child\" data-index=\"5\" ><div class=\"textwidget\"><p><img src=\"http:\/\/divadlomv.cz\/cs\/wp-content\/uploads\/2015\/10\/no_photo_1-200x300.jpg\" alt=\"no_photo_1\" width=\"200\" height=\"300\" class=\"aligncenter size-medium wp-image-793\" \/><\/p>\n<p style=\"text-align: center;\"><span style=\"color: #800000;\"><strong>Sva\u0165a Jel\u00ednkov\u00e1<\/strong><\/span><\/p>\n<\/div><\/div><\/div><\/div><div id=\"pg-388-2\"  class=\"panel-grid panel-no-style\" ><div id=\"pgc-388-2-0\"  class=\"panel-grid-cell\" ><div id=\"panel-388-2-0-0\" class=\"so-panel widget widget_black-studio-tinymce widget_black_studio_tinymce panel-first-child panel-last-child\" data-index=\"6\" ><div class=\"panel-widget-style panel-widget-style-for-388-2-0-0\" ><div class=\"textwidget\"><p style=\"text-align: center;\"><span style=\"color: #ffffff;\">MASKY<\/span><\/p>\n<\/div><\/div><\/div><\/div><div id=\"pgc-388-2-1\"  class=\"panel-grid-cell\" ><div id=\"panel-388-2-1-0\" class=\"so-panel widget widget_black-studio-tinymce widget_black_studio_tinymce panel-first-child panel-last-child\" data-index=\"7\" ><div class=\"panel-widget-style panel-widget-style-for-388-2-1-0\" ><div class=\"textwidget\"><p style=\"text-align: center;\"><span style=\"color: #ffffff;\">VL\u00c1SENKY<\/span><\/p>\n<\/div><\/div><\/div><\/div><\/div><div id=\"pg-388-3\"  class=\"panel-grid panel-no-style\" ><div id=\"pgc-388-3-0\"  class=\"panel-grid-cell\" ><div id=\"panel-388-3-0-0\" class=\"so-panel widget widget_black-studio-tinymce widget_black_studio_tinymce panel-first-child panel-last-child\" data-index=\"8\" ><div class=\"textwidget\"><p><img src=\"http:\/\/divadlomv.cz\/cs\/wp-content\/uploads\/2015\/11\/vyhnankova_mini-200x300.jpg\" alt=\"vyhnankova\" width=\"200\" height=\"300\" class=\"aligncenter size-medium wp-image-1129\" \/><\/p>\n<p style=\"text-align: center;\"><span style=\"color: #800000;\"><strong>Michala Vyhn\u00e1nkov\u00e1<\/strong><\/span><\/p>\n<\/div><\/div><\/div><div id=\"pgc-388-3-1\"  class=\"panel-grid-cell\" ><div id=\"panel-388-3-1-0\" class=\"so-panel widget widget_black-studio-tinymce widget_black_studio_tinymce panel-first-child panel-last-child\" data-index=\"9\" ><div class=\"textwidget\"><p><img src=\"http:\/\/divadlomv.cz\/cs\/wp-content\/uploads\/2015\/10\/no_photo_1-200x300.jpg\" alt=\"no_photo_1\" width=\"200\" height=\"300\" class=\"aligncenter size-medium wp-image-793\" \/><\/p>\n<p style=\"text-align: center;\"><span style=\"color: #800000;\"><strong>Pavl\u00edna Raabov\u00e1<\/strong><\/span><\/p>\n<\/div><\/div><\/div><div id=\"pgc-388-3-2\"  class=\"panel-grid-cell\" ><div id=\"panel-388-3-2-0\" class=\"so-panel widget widget_black-studio-tinymce widget_black_studio_tinymce panel-first-child panel-last-child\" data-index=\"10\" ><div class=\"textwidget\"><p><img src=\"http:\/\/divadlomv.cz\/cs\/wp-content\/uploads\/2015\/11\/turonova_mini-200x300.jpg\" alt=\"turonova\" width=\"200\" height=\"300\" class=\"aligncenter size-medium wp-image-1128\" \/><\/p>\n<p style=\"text-align: center;\"><span style=\"color: #800000;\"><strong>Kv\u011btoslava Turo\u0148ov\u00e1<\/strong><\/span><\/p>\n<\/div><\/div><\/div><\/div><div id=\"pg-388-4\"  class=\"panel-grid panel-no-style\" ><div id=\"pgc-388-4-0\"  class=\"panel-grid-cell\" ><div id=\"panel-388-4-0-0\" class=\"so-panel widget widget_black-studio-tinymce widget_black_studio_tinymce panel-first-child panel-last-child\" data-index=\"11\" ><div class=\"panel-widget-style panel-widget-style-for-388-4-0-0\" ><div class=\"textwidget\"><p style=\"text-align: center;\"><span style=\"color: #ffffff;\">JEVI\u0160TN\u00cd TECHNIKA<\/span><\/p>\n<\/div><\/div><\/div><\/div><div id=\"pgc-388-4-1\"  class=\"panel-grid-cell\" ><div id=\"panel-388-4-1-0\" class=\"so-panel widget widget_black-studio-tinymce widget_black_studio_tinymce panel-first-child panel-last-child\" data-index=\"12\" ><div class=\"panel-widget-style panel-widget-style-for-388-4-1-0\" ><div class=\"textwidget\"><p style=\"text-align: center;\"><span style=\"color: #ffffff;\">SV\u011aTLA<\/span><\/p>\n<\/div><\/div><\/div><\/div><div id=\"pgc-388-4-2\"  class=\"panel-grid-cell\" ><div id=\"panel-388-4-2-0\" class=\"so-panel widget widget_black-studio-tinymce widget_black_studio_tinymce panel-first-child panel-last-child\" data-index=\"13\" ><div class=\"panel-widget-style panel-widget-style-for-388-4-2-0\" ><div class=\"textwidget\"><p style=\"text-align: center;\"><span style=\"color: #ffffff;\">ZVUK<\/span><\/p>\n<\/div><\/div><\/div><\/div><\/div><div id=\"pg-388-5\"  class=\"panel-grid panel-no-style\" ><div id=\"pgc-388-5-0\"  class=\"panel-grid-cell\" ><div id=\"panel-388-5-0-0\" class=\"so-panel widget widget_black-studio-tinymce widget_black_studio_tinymce panel-first-child panel-last-child\" data-index=\"14\" ><div class=\"textwidget\"><p><img class=\" aligncenter\" src=\"http:\/\/divadlomv.cz\/cs\/wp-content\/uploads\/2015\/11\/vyhoda_mini.jpg\" alt=\"vyhoda\" \/><\/p>\n<p style=\"text-align: center;\"><span style=\"color: #800000;\"><strong>Boris V\u00fdhoda<\/strong><\/span><\/p>\n<\/div><\/div><\/div><div id=\"pgc-388-5-1\"  class=\"panel-grid-cell\" ><div id=\"panel-388-5-1-0\" class=\"so-panel widget widget_black-studio-tinymce widget_black_studio_tinymce panel-first-child panel-last-child\" data-index=\"15\" ><div class=\"textwidget\"><p><img src=\"http:\/\/divadlomv.cz\/cs\/wp-content\/uploads\/2015\/10\/no_photo_1-200x300.jpg\" alt=\"no_photo_1\" width=\"200\" height=\"300\" class=\"aligncenter size-medium wp-image-793\" \/><\/p>\n<p style=\"text-align: center;\"><span style=\"color: #800000;\"><strong>Ji\u0159\u00ed Komenda<\/strong><\/span><\/p>\n<\/div><\/div><\/div><div id=\"pgc-388-5-2\"  class=\"panel-grid-cell\" ><div id=\"panel-388-5-2-0\" class=\"so-panel widget widget_black-studio-tinymce widget_black_studio_tinymce panel-first-child panel-last-child\" data-index=\"16\" ><div class=\"textwidget\"><p><img src=\"http:\/\/divadlomv.cz\/cs\/wp-content\/uploads\/2015\/10\/no_photo_1-200x300.jpg\" alt=\"no_photo_1\" width=\"200\" height=\"300\" class=\"aligncenter size-medium wp-image-793\" \/><\/p>\n<p style=\"text-align: center;\"><span style=\"color: #800000;\"><strong>Jan Je\u0159\u00e1bek, ml.<\/strong><\/span><\/p>\n<\/div><\/div><\/div><\/div><div id=\"pg-388-6\"  class=\"panel-grid panel-no-style\" ><div id=\"pgc-388-6-0\"  class=\"panel-grid-cell\" ><div id=\"panel-388-6-0-0\" class=\"so-panel widget widget_black-studio-tinymce widget_black_studio_tinymce panel-first-child panel-last-child\" data-index=\"17\" ><div class=\"panel-widget-style panel-widget-style-for-388-6-0-0\" ><div class=\"textwidget\"><p style=\"text-align: center;\"><span style=\"color: #ffffff;\">KOST\u00ddMY A UM\u011aLECK\u00c9 DOPL\u0147KY<\/span><\/p>\n<\/div><\/div><\/div><\/div><\/div><div id=\"pg-388-7\"  class=\"panel-grid panel-no-style\" ><div id=\"pgc-388-7-0\"  class=\"panel-grid-cell\" ><div id=\"panel-388-7-0-0\" class=\"so-panel widget widget_black-studio-tinymce widget_black_studio_tinymce panel-first-child panel-last-child\" data-index=\"18\" ><div class=\"textwidget\"><p><img src=\"http:\/\/divadlomv.cz\/cs\/wp-content\/uploads\/2015\/10\/no_photo_1-200x300.jpg\" alt=\"no_photo_1\" width=\"200\" height=\"300\" class=\"aligncenter size-medium wp-image-793\" \/><\/p>\n<p style=\"text-align: center;\"><span style=\"color: #800000;\"><strong>Alena Schweda<\/strong><\/span><\/p>\n<\/div><\/div><\/div><div id=\"pgc-388-7-1\"  class=\"panel-grid-cell panel-grid-cell-mobile-last\" ><div id=\"panel-388-7-1-0\" class=\"so-panel widget widget_black-studio-tinymce widget_black_studio_tinymce panel-first-child panel-last-child\" data-index=\"19\" ><div class=\"textwidget\"><p><img src=\"http:\/\/divadlomv.cz\/cs\/wp-content\/uploads\/2015\/10\/no_photo_1-200x300.jpg\" alt=\"no_photo_1\" width=\"200\" height=\"300\" class=\"aligncenter size-medium wp-image-793\" \/><\/p>\n<p style=\"text-align: center;\"><span style=\"color: #800000;\"><strong>Hana Bobkov\u00e1<\/strong><\/span><\/p>\n<\/div><\/div><\/div><div id=\"pgc-388-7-2\"  class=\"panel-grid-cell panel-grid-cell-empty\" ><\/div><\/div><div id=\"pg-388-8\"  class=\"panel-grid panel-no-style\" ><div id=\"pgc-388-8-0\"  class=\"panel-grid-cell\" ><div id=\"panel-388-8-0-0\" class=\"so-panel widget widget_black-studio-tinymce widget_black_studio_tinymce panel-first-child panel-last-child\" data-index=\"20\" ><div class=\"panel-widget-style panel-widget-style-for-388-8-0-0\" ><div class=\"textwidget\"><p style=\"text-align: center;\"><span style=\"color: #ffffff;\">TVORBA A SPR\u00c1VA WWW<\/span><\/p>\n<\/div><\/div><\/div><\/div><\/div><div id=\"pg-388-9\"  class=\"panel-grid panel-no-style\" ><div id=\"pgc-388-9-0\"  class=\"panel-grid-cell\" ><div id=\"panel-388-9-0-0\" class=\"so-panel widget widget_black-studio-tinymce widget_black_studio_tinymce panel-first-child panel-last-child\" data-index=\"21\" ><div class=\"textwidget\"><p style=\"text-align: center;\"><span style=\"color: #800000;\"><strong>Lucie Fu\u010d\u00edkov\u00e1<\/strong><\/span><\/p>\n<\/div><\/div><\/div><div id=\"pgc-388-9-1\"  class=\"panel-grid-cell\" ><div id=\"panel-388-9-1-0\" class=\"so-panel widget widget_black-studio-tinymce widget_black_studio_tinymce panel-first-child panel-last-child\" data-index=\"22\" ><div class=\"textwidget\"><p style=\"text-align: center;\"><span style=\"color: #800000;\"><strong>Marek Vod\u00e1k<\/strong><\/span><\/p>\n<\/div><\/div><\/div><\/div><\/div>","protected":false},"excerpt":{"rendered":"<p>TANE\u010cN\u00cd CHOREOGRAFIE ASISTENTKA RE\u017dIE HLASOV\u00c1 PORADKYN\u011a Krist\u00fdna K\u0159emen\u00e1kov\u00e1 Krist\u00fdna Kindlerov\u00e1 Sva\u0165a Jel\u00ednkov\u00e1<\/p>\n<p class=\"continue-reading-button\"> <a class=\"continue-reading-link\" href=\"http:\/\/divadlomv.cz\/cs\/umelecko-technicky-provoz\/\">v\u00edce&#8230;<i class=\"crycon-right-dir\"><\/i><\/a><\/p>\n","protected":false},"author":2,"featured_media":0,"parent":0,"menu_order":0,"comment_status":"closed","ping_status":"closed","template":"","meta":[],"acf":[],"_links":{"self":[{"href":"http:\/\/divadlomv.cz\/cs\/wp-json\/wp\/v2\/pages\/388"}],"collection":[{"href":"http:\/\/divadlomv.cz\/cs\/wp-json\/wp\/v2\/pages"}],"about":[{"href":"http:\/\/divadlomv.cz\/cs\/wp-json\/wp\/v2\/types\/page"}],"author":[{"embeddable":true,"href":"http:\/\/divadlomv.cz\/cs\/wp-json\/wp\/v2\/users\/2"}],"replies":[{"embeddable":true,"href":"http:\/\/divadlomv.cz\/cs\/wp-json\/wp\/v2\/comments?post=388"}],"version-history":[{"count":12,"href":"http:\/\/divadlomv.cz\/cs\/wp-json\/wp\/v2\/pages\/388\/revisions"}],"predecessor-version":[{"id":7591,"href":"http:\/\/divadlomv.cz\/cs\/wp-json\/wp\/v2\/pages\/388\/revisions\/7591"}],"wp:attachment":[{"href":"http:\/\/divadlomv.cz\/cs\/wp-json\/wp\/v2\/media?parent=388"}],"curies":[{"name":"wp","href":"https:\/\/api.w.org\/{rel}","templated":true}]}}