{"id":400,"date":"2015-11-15T01:52:20","date_gmt":"2015-11-15T00:52:20","guid":{"rendered":"http:\/\/divadlomv.cz\/cs\/?page_id=400"},"modified":"2017-03-20T11:19:07","modified_gmt":"2017-03-20T10:19:07","slug":"zaskok","status":"publish","type":"page","link":"http:\/\/divadlomv.cz\/cs\/zaskok\/","title":{"rendered":"Z\u00e1skok"},"content":{"rendered":"<h3><span style=\"color: #800000;\"><strong>Z\u00e1skok<\/strong><\/span><\/h3>\n<p>&nbsp;<br \/>\n<img loading=\"lazy\" class=\"alignnone  wp-image-421\" src=\"http:\/\/divadlomv.cz\/cs\/wp-content\/uploads\/2015\/11\/zaskok.png\" alt=\"zaskok\" width=\"633\" height=\"290\" srcset=\"http:\/\/divadlomv.cz\/cs\/wp-content\/uploads\/2015\/11\/zaskok.png 613w, http:\/\/divadlomv.cz\/cs\/wp-content\/uploads\/2015\/11\/zaskok-300x138.png 300w, http:\/\/divadlomv.cz\/cs\/wp-content\/uploads\/2015\/11\/zaskok-250x115.png 250w, http:\/\/divadlomv.cz\/cs\/wp-content\/uploads\/2015\/11\/zaskok-150x69.png 150w\" sizes=\"(max-width: 633px) 100vw, 633px\" \/>\u00a0<img loading=\"lazy\" class=\"alignnone wp-image-423\" src=\"http:\/\/divadlomv.cz\/cs\/wp-content\/uploads\/2015\/10\/infotab-Z\u00e1skok.jpg\" alt=\"infotab_zaskok\" width=\"345\" height=\"290\" \/><\/p>\n<p style=\"text-align: justify;\">Hra J\u00e1ry Cimrmana o ne\u0161\u0165astn\u00e9 premi\u00e9\u0159e hry \u201eVlasta\u201d<\/p>\n<p>&nbsp;<\/p>\n<table style=\"width: 65%; background-color: #ebebeb;\">\n<col style=\"width:50%;\" \/>\n<col style=\"width:50%;\" \/>\n<tbody>\n<tr>\n<td style=\"border-color: white;\"><span style=\"color: #800000;\">Autor hry<\/span><\/td>\n<td style=\"border-color: white;\"><span style=\"color: #800000;\">Zden\u011bk Sv\u011br\u00e1k a Ladislav Smoljak<\/span><\/td>\n<\/tr>\n<\/tbody>\n<\/table>\n<p>&nbsp;<\/p>\n<h5><strong><span style=\"color: #800000;\"> Hereck\u00e9 obsazen\u00ed<\/span><\/strong><\/h5>\n<p>&nbsp;<\/p>\n<table style=\"width: 65%; background-color: #ebebeb;\">\n<col style=\"width:50%;\" \/>\n<col style=\"width:50%;\" \/>\n<tbody>\n<tr>\n<td style=\"border-color: white;\">Princip\u00e1l<\/td>\n<td style=\"border-color: white;\">Daniel Rube\u0161<\/td>\n<\/tr>\n<tr>\n<td style=\"border-color: white;\">Karel Infeld Pr\u00e1che\u0148sk\u00fd v roli Vavrocha<\/td>\n<td style=\"border-color: white;\">V\u00e1clav Vislous<\/td>\n<\/tr>\n<tr>\n<td style=\"border-color: white;\">Doktor Vypich<\/td>\n<td style=\"border-color: white;\">Petr Fr\u00f6mel<\/td>\n<\/tr>\n<tr>\n<td style=\"border-color: white;\">Vlasta<\/td>\n<td style=\"border-color: white;\">Ond\u0159ej Pyrochta<\/td>\n<\/tr>\n<tr>\n<td style=\"border-color: white;\">B\u00e1rta<\/td>\n<td style=\"border-color: white;\">Kamil Chaloupka<\/td>\n<\/tr>\n<tr>\n<td style=\"border-color: white;\">\u0160ikovatel Vogeltanz<\/td>\n<td style=\"border-color: white;\">Vladim\u00edr Dole\u017eal \/ Jakub Krainer<\/td>\n<\/tr>\n<\/tbody>\n<\/table>\n<p>&nbsp;<\/p>\n<h5><span style=\"color: #800000;\"><strong> D\u00e1le spolupracuj\u00ed<\/strong><\/span><\/h5>\n<p>&nbsp;<\/p>\n<table style=\"width: 65%; background-color: #ebebeb;\">\n<col style=\"width:50%;\" \/>\n<col style=\"width:50%;\" \/>\n<tbody>\n<tr>\n<td style=\"border-color: white;\">Masky<\/td>\n<td style=\"border-color: white;\">Michala Vyhn\u00e1nkov\u00e1<\/td>\n<\/tr>\n<tr>\n<td style=\"border-color: white;\">Sv\u011btla<\/td>\n<td style=\"border-color: white;\">Josef Mach<\/td>\n<\/tr>\n<\/tbody>\n<\/table>\n","protected":false},"excerpt":{"rendered":"<p>Z\u00e1skok &nbsp; \u00a0 Hra J\u00e1ry Cimrmana o ne\u0161\u0165astn\u00e9 premi\u00e9\u0159e hry \u201eVlasta\u201d &nbsp; Autor hry Zden\u011bk Sv\u011br\u00e1k a Ladislav Smoljak &nbsp; Hereck\u00e9 obsazen\u00ed &nbsp; Princip\u00e1l Daniel Rube\u0161 Karel Infeld Pr\u00e1che\u0148sk\u00fd v roli Vavrocha V\u00e1clav Vislous Doktor Vypich Petr Fr\u00f6mel Vlasta Ond\u0159ej Pyrochta B\u00e1rta Kamil Chaloupka \u0160ikovatel Vogeltanz Vladim\u00edr Dole\u017eal \/ Jakub\u2026<\/p>\n<p class=\"continue-reading-button\"> <a class=\"continue-reading-link\" href=\"http:\/\/divadlomv.cz\/cs\/zaskok\/\">v\u00edce&#8230;<i class=\"crycon-right-dir\"><\/i><\/a><\/p>\n","protected":false},"author":2,"featured_media":0,"parent":0,"menu_order":0,"comment_status":"closed","ping_status":"closed","template":"","meta":[],"acf":[],"_links":{"self":[{"href":"http:\/\/divadlomv.cz\/cs\/wp-json\/wp\/v2\/pages\/400"}],"collection":[{"href":"http:\/\/divadlomv.cz\/cs\/wp-json\/wp\/v2\/pages"}],"about":[{"href":"http:\/\/divadlomv.cz\/cs\/wp-json\/wp\/v2\/types\/page"}],"author":[{"embeddable":true,"href":"http:\/\/divadlomv.cz\/cs\/wp-json\/wp\/v2\/users\/2"}],"replies":[{"embeddable":true,"href":"http:\/\/divadlomv.cz\/cs\/wp-json\/wp\/v2\/comments?post=400"}],"version-history":[{"count":15,"href":"http:\/\/divadlomv.cz\/cs\/wp-json\/wp\/v2\/pages\/400\/revisions"}],"predecessor-version":[{"id":7408,"href":"http:\/\/divadlomv.cz\/cs\/wp-json\/wp\/v2\/pages\/400\/revisions\/7408"}],"wp:attachment":[{"href":"http:\/\/divadlomv.cz\/cs\/wp-json\/wp\/v2\/media?parent=400"}],"curies":[{"name":"wp","href":"https:\/\/api.w.org\/{rel}","templated":true}]}}