{"id":409,"date":"2015-11-15T02:07:43","date_gmt":"2015-11-15T01:07:43","guid":{"rendered":"http:\/\/divadlomv.cz\/cs\/?page_id=409"},"modified":"2016-10-12T11:10:45","modified_gmt":"2016-10-12T10:10:45","slug":"dobyti-severniho-polu","status":"publish","type":"page","link":"http:\/\/divadlomv.cz\/cs\/dobyti-severniho-polu\/","title":{"rendered":"Dobyt\u00ed severn\u00edho p\u00f3lu"},"content":{"rendered":"<h3><span style=\"color: #800000;\"><strong>Dobyt\u00ed severn\u00edho p\u00f3lu<\/strong><\/span><\/h3>\n<p>&nbsp;<br \/>\n<img loading=\"lazy\" class=\"alignnone wp-image-1414\" src=\"http:\/\/divadlomv.cz\/cs\/wp-content\/uploads\/2015\/11\/slide_dobyti.jpg\" alt=\"program-dobyti\" width=\"636\" height=\"290\" srcset=\"http:\/\/divadlomv.cz\/cs\/wp-content\/uploads\/2015\/11\/slide_dobyti.jpg 636w, http:\/\/divadlomv.cz\/cs\/wp-content\/uploads\/2015\/11\/slide_dobyti-300x137.jpg 300w, http:\/\/divadlomv.cz\/cs\/wp-content\/uploads\/2015\/11\/slide_dobyti-250x114.jpg 250w, http:\/\/divadlomv.cz\/cs\/wp-content\/uploads\/2015\/11\/slide_dobyti-150x68.jpg 150w\" sizes=\"(max-width: 636px) 100vw, 636px\" \/> <img loading=\"lazy\" class=\"alignnone wp-image-209\" src=\"http:\/\/divadlomv.cz\/cs\/wp-content\/uploads\/2015\/10\/infotab-Dobyt\u00ed.jpg\" alt=\"infotab_dobyti\" width=\"348\" height=\"290\" \/><\/p>\n<p style=\"text-align: justify;\">Hra J\u00e1ry Cimrmana o dobyt\u00ed severn\u00edho p\u00f3lu \u010cechem Karlem N\u011bmcem 5. dubna 1909 &#8211; seversk\u00e9 drama<\/p>\n<p>&nbsp;<\/p>\n<table style=\"width: 65%; background-color: #ebebeb;\">\n<col style=\"width:50%;\" \/>\n<col style=\"width:50%;\" \/>\n<tbody>\n<tr>\n<td style=\"border-color: white;\"><span style=\"color: #800000;\">Autor hry<\/span><\/td>\n<td style=\"border-color: white;\"><span style=\"color: #800000;\">Zden\u011bk Sv\u011br\u00e1k a Ladislav Smoljak<\/span><\/td>\n<\/tr>\n<\/tbody>\n<\/table>\n<p>&nbsp;<\/p>\n<h5><strong><span style=\"color: #800000;\"> Hereck\u00e9 obsazen\u00ed<\/span><\/strong><\/h5>\n<p>&nbsp;<\/p>\n<table style=\"width: 65%; background-color: #ebebeb;\">\n<col style=\"width:50%;\" \/>\n<col style=\"width:50%;\" \/>\n<tbody>\n<tr>\n<td style=\"border-color: white;\">Karel N\u011bmec- n\u00e1\u010deln\u00edk<\/td>\n<td style=\"border-color: white;\">Martin \u0160ufajzl<\/td>\n<\/tr>\n<tr>\n<td style=\"border-color: white;\">Vojt\u011bch \u0160ofr &#8211; l\u00e9k\u00e1rn\u00edk<\/td>\n<td style=\"border-color: white;\">Kamil chaloupka<\/td>\n<\/tr>\n<tr>\n<td style=\"border-color: white;\">V\u00e1clav Poustka &#8211; pomocn\u00fd u\u010ditel<\/td>\n<td style=\"border-color: white;\">Petr Fr\u00f6mel<\/td>\n<\/tr>\n<tr>\n<td style=\"border-color: white;\">Varel Fry\u0161tensk\u00fd<\/td>\n<td style=\"border-color: white;\">Marek Minich \/ V\u00e1clav Vislous<\/td>\n<\/tr>\n<tr>\n<td style=\"border-color: white;\">Americk\u00fd \u010cech<\/td>\n<td style=\"border-color: white;\">Vojt\u011bch \u010cabala<\/td>\n<\/tr>\n<\/tbody>\n<\/table>\n<p>&nbsp;<\/p>\n<h5><span style=\"color: #800000;\"><strong> D\u00e1le spolupracuj\u00ed<\/strong><\/span><\/h5>\n<p>&nbsp;<\/p>\n<table style=\"width: 65%; background-color: #ebebeb;\">\n<col style=\"width:50%;\" \/>\n<col style=\"width:50%;\" \/>\n<tbody>\n<tr>\n<td style=\"border-color: white;\">Masky<\/td>\n<td style=\"border-color: white;\">Michala Vyhn\u00e1nkov\u00e1<\/td>\n<\/tr>\n<tr>\n<td style=\"border-color: white;\">Sv\u011btla<\/td>\n<td style=\"border-color: white;\">Josef Mach<\/td>\n<\/tr>\n<\/tbody>\n<\/table>\n","protected":false},"excerpt":{"rendered":"<p>Dobyt\u00ed severn\u00edho p\u00f3lu &nbsp; Hra J\u00e1ry Cimrmana o dobyt\u00ed severn\u00edho p\u00f3lu \u010cechem Karlem N\u011bmcem 5. dubna 1909 &#8211; seversk\u00e9 drama &nbsp; Autor hry Zden\u011bk Sv\u011br\u00e1k a Ladislav Smoljak &nbsp; Hereck\u00e9 obsazen\u00ed &nbsp; Karel N\u011bmec- n\u00e1\u010deln\u00edk Martin \u0160ufajzl Vojt\u011bch \u0160ofr &#8211; l\u00e9k\u00e1rn\u00edk Kamil chaloupka V\u00e1clav Poustka &#8211; pomocn\u00fd u\u010ditel Petr Fr\u00f6mel\u2026<\/p>\n<p class=\"continue-reading-button\"> <a class=\"continue-reading-link\" href=\"http:\/\/divadlomv.cz\/cs\/dobyti-severniho-polu\/\">v\u00edce&#8230;<i class=\"crycon-right-dir\"><\/i><\/a><\/p>\n","protected":false},"author":2,"featured_media":0,"parent":0,"menu_order":0,"comment_status":"closed","ping_status":"closed","template":"","meta":[],"acf":[],"_links":{"self":[{"href":"http:\/\/divadlomv.cz\/cs\/wp-json\/wp\/v2\/pages\/409"}],"collection":[{"href":"http:\/\/divadlomv.cz\/cs\/wp-json\/wp\/v2\/pages"}],"about":[{"href":"http:\/\/divadlomv.cz\/cs\/wp-json\/wp\/v2\/types\/page"}],"author":[{"embeddable":true,"href":"http:\/\/divadlomv.cz\/cs\/wp-json\/wp\/v2\/users\/2"}],"replies":[{"embeddable":true,"href":"http:\/\/divadlomv.cz\/cs\/wp-json\/wp\/v2\/comments?post=409"}],"version-history":[{"count":10,"href":"http:\/\/divadlomv.cz\/cs\/wp-json\/wp\/v2\/pages\/409\/revisions"}],"predecessor-version":[{"id":1359,"href":"http:\/\/divadlomv.cz\/cs\/wp-json\/wp\/v2\/pages\/409\/revisions\/1359"}],"wp:attachment":[{"href":"http:\/\/divadlomv.cz\/cs\/wp-json\/wp\/v2\/media?parent=409"}],"curies":[{"name":"wp","href":"https:\/\/api.w.org\/{rel}","templated":true}]}}