{"id":45,"date":"2015-10-26T14:31:23","date_gmt":"2015-10-26T13:31:23","guid":{"rendered":"http:\/\/divadlomv.cz\/cs\/?page_id=45"},"modified":"2025-11-30T23:16:30","modified_gmt":"2025-11-30T22:16:30","slug":"podporuji-nas","status":"publish","type":"page","link":"http:\/\/divadlomv.cz\/cs\/podporuji-nas\/","title":{"rendered":"Podporuj\u00ed n\u00e1s"},"content":{"rendered":"<div id=\"pl-45\"  class=\"panel-layout\" ><div id=\"pg-45-0\"  class=\"panel-grid panel-no-style\" ><div id=\"pgc-45-0-0\"  class=\"panel-grid-cell\" ><div id=\"panel-45-0-0-0\" class=\"so-panel widget widget_black-studio-tinymce widget_black_studio_tinymce panel-first-child\" data-index=\"0\" ><div class=\"textwidget\"><p style=\"text-align: center;\"><span style=\"color: #000000;\"><strong>D\u011bkujeme na\u0161im sponzor\u016fm a partner\u016fm. Mnoh\u00e9 z toho, co se na\u0161emu Divadeln\u00edmu studiu\u00a0poda\u0159ilo, by nevzniklo bez jejich podpory.<\/strong><\/span><\/p>\n<\/div><\/div><div id=\"panel-45-0-0-1\" class=\"so-panel widget widget_black-studio-tinymce widget_black_studio_tinymce panel-last-child\" data-index=\"1\" ><div class=\"textwidget\"><p><img class=\"wp-image-7840 aligncenter\" src=\"http:\/\/divadlomv.cz\/cs\/wp-content\/uploads\/2025\/03\/Navrh-bez-nazvu-26.png\" alt=\"\" width=\"492\" height=\"696\" \/><img class=\" wp-image-7856 aligncenter\" src=\"http:\/\/divadlomv.cz\/cs\/wp-content\/uploads\/2025\/11\/logo_PE-motors-1.pdf.png\" alt=\"\" width=\"303\" height=\"97\" \/><\/p>\n<p><a href=\"http:\/\/www.kudyznudy.cz\"><img class=\"size-full wp-image-7836 aligncenter\" src=\"http:\/\/divadlomv.cz\/cs\/wp-content\/uploads\/2025\/03\/Kudy-z-nudy-barevne.png\" alt=\"\" width=\"370\" height=\"84\" \/><\/a><\/p>\n<\/div><\/div><\/div><\/div><\/div>","protected":false},"excerpt":{"rendered":"<p>D\u011bkujeme na\u0161im sponzor\u016fm a partner\u016fm. Mnoh\u00e9 z toho, co se na\u0161emu Divadeln\u00edmu studiu\u00a0poda\u0159ilo, by nevzniklo bez jejich podpory.<\/p>\n<p class=\"continue-reading-button\"> <a class=\"continue-reading-link\" href=\"http:\/\/divadlomv.cz\/cs\/podporuji-nas\/\">v\u00edce&#8230;<i class=\"crycon-right-dir\"><\/i><\/a><\/p>\n","protected":false},"author":1,"featured_media":0,"parent":0,"menu_order":0,"comment_status":"closed","ping_status":"closed","template":"","meta":[],"acf":[],"_links":{"self":[{"href":"http:\/\/divadlomv.cz\/cs\/wp-json\/wp\/v2\/pages\/45"}],"collection":[{"href":"http:\/\/divadlomv.cz\/cs\/wp-json\/wp\/v2\/pages"}],"about":[{"href":"http:\/\/divadlomv.cz\/cs\/wp-json\/wp\/v2\/types\/page"}],"author":[{"embeddable":true,"href":"http:\/\/divadlomv.cz\/cs\/wp-json\/wp\/v2\/users\/1"}],"replies":[{"embeddable":true,"href":"http:\/\/divadlomv.cz\/cs\/wp-json\/wp\/v2\/comments?post=45"}],"version-history":[{"count":24,"href":"http:\/\/divadlomv.cz\/cs\/wp-json\/wp\/v2\/pages\/45\/revisions"}],"predecessor-version":[{"id":7810,"href":"http:\/\/divadlomv.cz\/cs\/wp-json\/wp\/v2\/pages\/45\/revisions\/7810"}],"wp:attachment":[{"href":"http:\/\/divadlomv.cz\/cs\/wp-json\/wp\/v2\/media?parent=45"}],"curies":[{"name":"wp","href":"https:\/\/api.w.org\/{rel}","templated":true}]}}