{"id":51,"date":"2015-10-26T14:32:26","date_gmt":"2015-10-26T13:32:26","guid":{"rendered":"http:\/\/divadlomv.cz\/cs\/?page_id=51"},"modified":"2023-02-06T17:09:34","modified_gmt":"2023-02-06T16:09:34","slug":"soubor","status":"publish","type":"page","link":"http:\/\/divadlomv.cz\/cs\/soubor\/","title":{"rendered":"Soubor"},"content":{"rendered":"<div id=\"pl-51\"  class=\"panel-layout\" ><div id=\"pg-51-0\"  class=\"panel-grid panel-no-style\" ><div id=\"pgc-51-0-0\"  class=\"panel-grid-cell panel-grid-cell-empty\" ><\/div><div id=\"pgc-51-0-1\"  class=\"panel-grid-cell\" ><div id=\"panel-51-0-1-0\" class=\"so-panel widget widget_black-studio-tinymce widget_black_studio_tinymce panel-first-child panel-last-child\" data-index=\"0\" ><div class=\"textwidget\"><p><a href=\"http:\/\/divadlomv.cz\/cs\/vyhodova\/\"><img class=\" aligncenter\" src=\"http:\/\/divadlomv.cz\/cs\/wp-content\/uploads\/2015\/10\/Vyhodova-Martina_1.jpg\" alt=\"vyhodova\" width=\"150\" height=\"225\" \/><\/a><\/p>\n<p style=\"text-align: center;\"><span style=\"color: #582707;\"><strong><span style=\"color: http:\/\/divadlomv.cz\/cs\/wp-content\/uploads\/2023\/02\/Pikolova.png;\">Martina V\u00fdhodov\u00e1 Val\u00edkov\u00e1, dipl. um.<\/span><\/strong><\/span><\/p>\n<p style=\"text-align: center;\"><span style=\"color: #333333;\"><strong>UM\u011aLECK\u00c1 VEDOUC\u00cd DSMV<\/strong><\/span><\/p>\n<h6 style=\"text-align: center;\"><span style=\"color: #808080;\"><em><strong>Re\u017eie \/ Dramaturgie<\/strong><\/em><\/span><\/h6>\n<h6 style=\"text-align: center;\"><strong>Lektorka<\/strong><\/h6>\n<\/div><\/div><\/div><div id=\"pgc-51-0-2\"  class=\"panel-grid-cell panel-grid-cell-empty\" ><\/div><div id=\"pgc-51-0-3\"  class=\"panel-grid-cell panel-grid-cell-mobile-last\" ><div id=\"panel-51-0-3-0\" class=\"so-panel widget widget_black-studio-tinymce widget_black_studio_tinymce panel-first-child panel-last-child\" data-index=\"1\" ><div class=\"textwidget\"><p><img class=\"aligncenter wp-image-7578 size-full\" src=\"http:\/\/divadlomv.cz\/cs\/wp-content\/uploads\/2023\/02\/Pikolova.png\" alt=\"\" width=\"150\" height=\"225\" \/><\/p>\n<p style=\"text-align: center;\"><span style=\"color: #000000;\"><strong><span style=\"color: #582707;\">Lucie Pikolov\u00e1 (Fu\u010d\u00edkov\u00e1)<\/span><\/strong><\/span><\/p>\n<p style=\"text-align: center;\"><span style=\"color: #000000;\"><strong>MANA\u017dERKA<\/strong><\/span><\/p>\n<h6 style=\"text-align: center;\"><span style=\"color: #808080;\"><strong>Tajemnice \/ <\/strong><\/span><span style=\"color: #808080;\"><strong>Hl. ekonomka<\/strong><\/span><\/h6>\n<h6 style=\"text-align: center;\"><span style=\"color: #000000;\"><strong>Here\u010dka<\/strong><\/span><\/h6>\n<\/div><\/div><\/div><div id=\"pgc-51-0-4\"  class=\"panel-grid-cell panel-grid-cell-empty\" ><\/div><\/div><div id=\"pg-51-1\"  class=\"panel-grid panel-no-style\" ><div id=\"pgc-51-1-0\"  class=\"panel-grid-cell panel-grid-cell-empty panel-grid-cell-mobile-last\" ><\/div><div id=\"pgc-51-1-1\"  class=\"panel-grid-cell panel-grid-cell-empty\" ><\/div><\/div><div id=\"pg-51-2\"  class=\"panel-grid panel-no-style\" ><div id=\"pgc-51-2-0\"  class=\"panel-grid-cell panel-grid-cell-empty\" ><\/div><div id=\"pgc-51-2-1\"  class=\"panel-grid-cell\" ><div id=\"panel-51-2-1-0\" class=\"so-panel widget widget_black-studio-tinymce widget_black_studio_tinymce panel-first-child panel-last-child\" data-index=\"2\" ><div class=\"textwidget\"><p style=\"text-align: center;\"><span class=\"\" style=\"display:block;clear:both;height: 0px;padding-top: 20px;border-top-width:0px;border-bottom-width:0px;\"><\/span><br \/>\n<a href=\"http:\/\/divadlomv.cz\/cs\/?p=207\" class='button'>Hereck\u00fd soubor<\/a><\/p>\n<style>\n.button {\n   border: 1px solid #080000;\n   background: #080000;\n   background: -webkit-gradient(linear, left top, left bottom, from(#800000), to(#080000));\n   background: -webkit-linear-gradient(top, #800000, #080000);\n   background: -moz-linear-gradient(top, #800000, #080000);\n   background: -ms-linear-gradient(top, #800000, #080000);\n   background: -o-linear-gradient(top, #800000, #080000);\n   background-image: -ms-linear-gradient(top, #800000 0%, #080000 100%);\n   padding: 12px 24px;\n   -webkit-border-radius: 0px;\n   -moz-border-radius: 0px;\n   border-radius: 0px;\n   -webkit-box-shadow: rgba(255,255,255,0.4) 0 1px 0, inset rgba(255,255,255,0.4) 0 1px 0;\n   -moz-box-shadow: rgba(255,255,255,0.4) 0 1px 0, inset rgba(255,255,255,0.4) 0 1px 0;\n   box-shadow: rgba(255,255,255,0.4) 0 1px 0, inset rgba(255,255,255,0.4) 0 1px 0;\n   text-shadow: #995a5a 0 1px 0;\n   color: #fcfeff;\n   font-size: 14px;\n   font-family: helvetica, serif;\n   text-decoration: none;\n   vertical-align: middle;\n   }\n.button:hover {\n   border: 1px solid #000000;\n   text-shadow: #995a5a 0 1px 0;\n   background: #525252;\n   background: -webkit-gradient(linear, left top, left bottom, from(#800000), to(#525252));\n   background: -webkit-linear-gradient(top, #800000, #525252);\n   background: -moz-linear-gradient(top, #800000, #525252);\n   background: -ms-linear-gradient(top, #800000, #525252);\n   background: -o-linear-gradient(top, #800000, #525252);\n   background-image: -ms-linear-gradient(top, #800000 0%, #525252 100%);\n   color: #fff;\n   }\n.button:active {\n   text-shadow: #995a5a 0 1px 0;\n   border: 1px solid #000000;\n   background: #b3b3b3;\n   background: -webkit-gradient(linear, left top, left bottom, from(#800000), to(#525252));\n   background: -webkit-linear-gradient(top, #800000, #b3b3b3);\n   background: -moz-linear-gradient(top, #800000, #b3b3b3);\n   background: -ms-linear-gradient(top, #800000, #b3b3b3);\n   background: -o-linear-gradient(top, #800000, #b3b3b3);\n   background-image: -ms-linear-gradient(top, #800000 0%, #b3b3b3 100%);\n   color: #fff;\n   }\n<\/style>\n<\/div><\/div><\/div><div id=\"pgc-51-2-2\"  class=\"panel-grid-cell\" ><div id=\"panel-51-2-2-0\" class=\"so-panel widget widget_black-studio-tinymce widget_black_studio_tinymce panel-first-child panel-last-child\" data-index=\"3\" ><div class=\"textwidget\"><p style=\"text-align: center;\"><span class=\"\" style=\"display:block;clear:both;height: 0px;padding-top: 20px;border-top-width:0px;border-bottom-width:0px;\"><\/span><br \/>\n<a href=\"http:\/\/divadlomv.cz\/cs\/?p=14\" class='button'>Kapela DSMV<\/a><\/p>\n<style>\n.button {\n   border: 1px solid #080000;\n   background: #080000;\n   background: -webkit-gradient(linear, left top, left bottom, from(#800000), to(#080000));\n   background: -webkit-linear-gradient(top, #800000, #080000);\n   background: -moz-linear-gradient(top, #800000, #080000);\n   background: -ms-linear-gradient(top, #800000, #080000);\n   background: -o-linear-gradient(top, #800000, #080000);\n   background-image: -ms-linear-gradient(top, #800000 0%, #080000 100%);\n   padding: 12px 24px;\n   -webkit-border-radius: 0px;\n   -moz-border-radius: 0px;\n   border-radius: 0px;\n   -webkit-box-shadow: rgba(255,255,255,0.4) 0 1px 0, inset rgba(255,255,255,0.4) 0 1px 0;\n   -moz-box-shadow: rgba(255,255,255,0.4) 0 1px 0, inset rgba(255,255,255,0.4) 0 1px 0;\n   box-shadow: rgba(255,255,255,0.4) 0 1px 0, inset rgba(255,255,255,0.4) 0 1px 0;\n   text-shadow: #995a5a 0 1px 0;\n   color: #fcfeff;\n   font-size: 14px;\n   font-family: helvetica, serif;\n   text-decoration: none;\n   vertical-align: middle;\n   }\n.button:hover {\n   border: 1px solid #000000;\n   text-shadow: #995a5a 0 1px 0;\n   background: #525252;\n   background: -webkit-gradient(linear, left top, left bottom, from(#800000), to(#525252));\n   background: -webkit-linear-gradient(top, #800000, #525252);\n   background: -moz-linear-gradient(top, #800000, #525252);\n   background: -ms-linear-gradient(top, #800000, #525252);\n   background: -o-linear-gradient(top, #800000, #525252);\n   background-image: -ms-linear-gradient(top, #800000 0%, #525252 100%);\n   color: #fff;\n   }\n.button:active {\n   text-shadow: #995a5a 0 1px 0;\n   border: 1px solid #000000;\n   background: #b3b3b3;\n   background: -webkit-gradient(linear, left top, left bottom, from(#800000), to(#525252));\n   background: -webkit-linear-gradient(top, #800000, #b3b3b3);\n   background: -moz-linear-gradient(top, #800000, #b3b3b3);\n   background: -ms-linear-gradient(top, #800000, #b3b3b3);\n   background: -o-linear-gradient(top, #800000, #b3b3b3);\n   background-image: -ms-linear-gradient(top, #800000 0%, #b3b3b3 100%);\n   color: #fff;\n   }\n<\/style>\n<\/div><\/div><\/div><div id=\"pgc-51-2-3\"  class=\"panel-grid-cell\" ><div id=\"panel-51-2-3-0\" class=\"so-panel widget widget_black-studio-tinymce widget_black_studio_tinymce panel-first-child panel-last-child\" data-index=\"4\" ><div class=\"textwidget\"><p style=\"text-align: center;\"><span class=\"\" style=\"display:block;clear:both;height: 0px;padding-top: 20px;border-top-width:0px;border-bottom-width:0px;\"><\/span><br \/>\n<a href=\"http:\/\/divadlomv.cz\/cs\/?p=388\" class='button'>Um\u011blecko - technick\u00fd provoz<\/a><\/p>\n<style>\n.button {\n   border: 1px solid #080000;\n   background: #080000;\n   background: -webkit-gradient(linear, left top, left bottom, from(#800000), to(#080000));\n   background: -webkit-linear-gradient(top, #800000, #080000);\n   background: -moz-linear-gradient(top, #800000, #080000);\n   background: -ms-linear-gradient(top, #800000, #080000);\n   background: -o-linear-gradient(top, #800000, #080000);\n   background-image: -ms-linear-gradient(top, #800000 0%, #080000 100%);\n   padding: 12px 24px;\n   -webkit-border-radius: 0px;\n   -moz-border-radius: 0px;\n   border-radius: 0px;\n   -webkit-box-shadow: rgba(255,255,255,0.4) 0 1px 0, inset rgba(255,255,255,0.4) 0 1px 0;\n   -moz-box-shadow: rgba(255,255,255,0.4) 0 1px 0, inset rgba(255,255,255,0.4) 0 1px 0;\n   box-shadow: rgba(255,255,255,0.4) 0 1px 0, inset rgba(255,255,255,0.4) 0 1px 0;\n   text-shadow: #995a5a 0 1px 0;\n   color: #fcfeff;\n   font-size: 14px;\n   font-family: helvetica, serif;\n   text-decoration: none;\n   vertical-align: middle;\n   }\n.button:hover {\n   border: 1px solid #000000;\n   text-shadow: #995a5a 0 1px 0;\n   background: #525252;\n   background: -webkit-gradient(linear, left top, left bottom, from(#800000), to(#525252));\n   background: -webkit-linear-gradient(top, #800000, #525252);\n   background: -moz-linear-gradient(top, #800000, #525252);\n   background: -ms-linear-gradient(top, #800000, #525252);\n   background: -o-linear-gradient(top, #800000, #525252);\n   background-image: -ms-linear-gradient(top, #800000 0%, #525252 100%);\n   color: #fff;\n   }\n.button:active {\n   text-shadow: #995a5a 0 1px 0;\n   border: 1px solid #000000;\n   background: #b3b3b3;\n   background: -webkit-gradient(linear, left top, left bottom, from(#800000), to(#525252));\n   background: -webkit-linear-gradient(top, #800000, #b3b3b3);\n   background: -moz-linear-gradient(top, #800000, #b3b3b3);\n   background: -ms-linear-gradient(top, #800000, #b3b3b3);\n   background: -o-linear-gradient(top, #800000, #b3b3b3);\n   background-image: -ms-linear-gradient(top, #800000 0%, #b3b3b3 100%);\n   color: #fff;\n   }\n<\/style>\n<\/div><\/div><\/div><div id=\"pgc-51-2-4\"  class=\"panel-grid-cell panel-grid-cell-mobile-last\" ><div id=\"panel-51-2-4-0\" class=\"so-panel widget widget_black-studio-tinymce widget_black_studio_tinymce panel-first-child panel-last-child\" data-index=\"5\" ><div class=\"textwidget\"><p style=\"text-align: center;\"><span class=\"\" style=\"display:block;clear:both;height: 0px;padding-top: 20px;border-top-width:0px;border-bottom-width:0px;\"><\/span><br \/>\n<a href=\"http:\/\/divadlomv.cz\/cs\/hoste\/\" class='button'>Host\u00e9<\/a><\/p>\n<style>\n.button {\n   border: 1px solid #080000;\n   background: #080000;\n   background: -webkit-gradient(linear, left top, left bottom, from(#800000), to(#080000));\n   background: -webkit-linear-gradient(top, #800000, #080000);\n   background: -moz-linear-gradient(top, #800000, #080000);\n   background: -ms-linear-gradient(top, #800000, #080000);\n   background: -o-linear-gradient(top, #800000, #080000);\n   background-image: -ms-linear-gradient(top, #800000 0%, #080000 100%);\n   padding: 12px 24px;\n   -webkit-border-radius: 0px;\n   -moz-border-radius: 0px;\n   border-radius: 0px;\n   -webkit-box-shadow: rgba(255,255,255,0.4) 0 1px 0, inset rgba(255,255,255,0.4) 0 1px 0;\n   -moz-box-shadow: rgba(255,255,255,0.4) 0 1px 0, inset rgba(255,255,255,0.4) 0 1px 0;\n   box-shadow: rgba(255,255,255,0.4) 0 1px 0, inset rgba(255,255,255,0.4) 0 1px 0;\n   text-shadow: #995a5a 0 1px 0;\n   color: #fcfeff;\n   font-size: 14px;\n   font-family: helvetica, serif;\n   text-decoration: none;\n   vertical-align: middle;\n   }\n.button:hover {\n   border: 1px solid #000000;\n   text-shadow: #995a5a 0 1px 0;\n   background: #525252;\n   background: -webkit-gradient(linear, left top, left bottom, from(#800000), to(#525252));\n   background: -webkit-linear-gradient(top, #800000, #525252);\n   background: -moz-linear-gradient(top, #800000, #525252);\n   background: -ms-linear-gradient(top, #800000, #525252);\n   background: -o-linear-gradient(top, #800000, #525252);\n   background-image: -ms-linear-gradient(top, #800000 0%, #525252 100%);\n   color: #fff;\n   }\n.button:active {\n   text-shadow: #995a5a 0 1px 0;\n   border: 1px solid #000000;\n   background: #b3b3b3;\n   background: -webkit-gradient(linear, left top, left bottom, from(#800000), to(#525252));\n   background: -webkit-linear-gradient(top, #800000, #b3b3b3);\n   background: -moz-linear-gradient(top, #800000, #b3b3b3);\n   background: -ms-linear-gradient(top, #800000, #b3b3b3);\n   background: -o-linear-gradient(top, #800000, #b3b3b3);\n   background-image: -ms-linear-gradient(top, #800000 0%, #b3b3b3 100%);\n   color: #fff;\n   }\n<\/style>\n<\/div><\/div><\/div><div id=\"pgc-51-2-5\"  class=\"panel-grid-cell panel-grid-cell-empty\" ><\/div><\/div><\/div>","protected":false},"excerpt":{"rendered":"<p>Martina V\u00fdhodov\u00e1 Val\u00edkov\u00e1, dipl. um. UM\u011aLECK\u00c1 VEDOUC\u00cd DSMV Re\u017eie \/ Dramaturgie Lektorka Lucie Pikolov\u00e1 (Fu\u010d\u00edkov\u00e1) MANA\u017dERKA Tajemnice \/ Hl. ekonomka Here\u010dka<\/p>\n<p class=\"continue-reading-button\"> <a class=\"continue-reading-link\" href=\"http:\/\/divadlomv.cz\/cs\/soubor\/\">v\u00edce&#8230;<i class=\"crycon-right-dir\"><\/i><\/a><\/p>\n","protected":false},"author":1,"featured_media":0,"parent":0,"menu_order":0,"comment_status":"closed","ping_status":"closed","template":"","meta":[],"acf":[],"_links":{"self":[{"href":"http:\/\/divadlomv.cz\/cs\/wp-json\/wp\/v2\/pages\/51"}],"collection":[{"href":"http:\/\/divadlomv.cz\/cs\/wp-json\/wp\/v2\/pages"}],"about":[{"href":"http:\/\/divadlomv.cz\/cs\/wp-json\/wp\/v2\/types\/page"}],"author":[{"embeddable":true,"href":"http:\/\/divadlomv.cz\/cs\/wp-json\/wp\/v2\/users\/1"}],"replies":[{"embeddable":true,"href":"http:\/\/divadlomv.cz\/cs\/wp-json\/wp\/v2\/comments?post=51"}],"version-history":[{"count":20,"href":"http:\/\/divadlomv.cz\/cs\/wp-json\/wp\/v2\/pages\/51\/revisions"}],"predecessor-version":[{"id":7721,"href":"http:\/\/divadlomv.cz\/cs\/wp-json\/wp\/v2\/pages\/51\/revisions\/7721"}],"wp:attachment":[{"href":"http:\/\/divadlomv.cz\/cs\/wp-json\/wp\/v2\/media?parent=51"}],"curies":[{"name":"wp","href":"https:\/\/api.w.org\/{rel}","templated":true}]}}