{"id":569,"date":"2015-11-16T13:09:41","date_gmt":"2015-11-16T12:09:41","guid":{"rendered":"http:\/\/divadlomv.cz\/cs\/?page_id=569"},"modified":"2016-05-12T13:32:49","modified_gmt":"2016-05-12T12:32:49","slug":"fromel-role","status":"publish","type":"page","link":"http:\/\/divadlomv.cz\/cs\/fromel-role\/","title":{"rendered":"Petr Fr\u00f6mel &#8211; divadeln\u00ed role"},"content":{"rendered":"<div id=\"pl-569\"  class=\"panel-layout\" ><div id=\"pg-569-0\"  class=\"panel-grid panel-no-style\" ><div id=\"pgc-569-0-0\"  class=\"panel-grid-cell\" ><div id=\"panel-569-0-0-0\" class=\"so-panel widget widget_black-studio-tinymce widget_black_studio_tinymce panel-first-child\" data-index=\"0\" ><div class=\"textwidget\"><table style=\"width: 100%; background-color: #5e5e5e;\">\n<tbody>\n<tr>\n<td style=\"border-color: white;\" align=\"center\"><span style=\"color: #ffffff;\"><strong>DIVADELN\u00cd ROLE<\/strong><\/span><\/td>\n<\/tr>\n<\/tbody>\n<\/table>\n<\/div><\/div><div id=\"panel-569-0-0-1\" class=\"so-panel widget widget_black-studio-tinymce widget_black_studio_tinymce\" data-index=\"1\" ><div class=\"textwidget\"><p><span style=\"color: #800000;\"><strong>Divadeln\u00ed studio MV<\/strong><\/span><\/p>\n<table style=\"width: 100%; background-color: #ebebeb;\">\n<col style=\"width:50%;\" \/>\n<col style=\"width:50%;\" \/>\n<tbody>\n<tr>\n<td style=\"border-color: white;\"><span style=\"color: #000000;\"><a href= \"http:\/\/divadlomv.cz\/cs\/nebe-na-zemi\/\">Nebe na zemi<\/strong><\/td>\n<p><\/a><\/p>\n<td style=\"border-color: white;\"><span style=\"color: #000000;\">Bartolus (not\u00e1\u0159)<\/span><\/td>\n<\/tr>\n<tr>\n<td style=\"border-color: white;\"><span style=\"color: #000000;\"><a href= \"http:\/\/divadlomv.cz\/cs\/balada-z-hadru\/\">Balada z Hadr\u016f<\/span><\/td>\n<p><\/a><\/p>\n<td style=\"border-color: white;\"><span style=\"color: #000000;\">Hl\u00edda\u010d \/ Filip Sermoise \/ Fel\u010dar<\/span><\/td>\n<\/tr>\n<\/tbody>\n<p><\/span><\/table>\n<\/div><\/div><div id=\"panel-569-0-0-2\" class=\"so-panel widget widget_black-studio-tinymce widget_black_studio_tinymce\" data-index=\"2\" ><div class=\"textwidget\"><p><span style=\"color: #800000;\"><strong><a href= \"http:\/\/dobsicke-narodni.webnode.cz\/\">Dob\u0161ick\u00e9 n\u00e1rodn\u00ed divadlo<\/strong><\/span><\/a><\/p>\n<table style=\"width: 100%; background-color: #ebebeb;\">\n<col style=\"width:50%;\" \/>\n<col style=\"width:50%;\" \/>\n<tbody>\n<tr>\n<td style=\"border-color: white;\" valign= \"middle\"><span style=\"color: #000000;\">Jak za\u010dala a skon\u010dila trojsk\u00e1 v\u00e1lka aneb Konec ku\u0159\u00edch ok na Olympu<\/span><\/td>\n<td style=\"border-color: white;\" valign= \"middle\"><span style=\"color: #000000;\">Zeus<\/span><\/td>\n<\/tr>\n<tr>\n<td style=\"border-color: white;\"><span style=\"color: #000000;\">O stra\u0161idlu Bublifuk<\/span><\/td>\n<td style=\"border-color: white;\"><span style=\"color: #000000;\">Stra\u0161idlo Bublifuk<\/span><\/td>\n<\/tr>\n<tr>\n<td style=\"border-color: white;\"><span style=\"color: #000000;\">Bludi\u010dka<\/span><\/td>\n<td style=\"border-color: white;\"><span style=\"color: #000000;\">Poutn\u00edk<\/span><\/td>\n<\/tr>\n<tr>\n<td style=\"border-color: white;\"><span style=\"color: #000000;\">Zlat\u00fd kolovrat<\/strong><\/td>\n<td style=\"border-color: white;\"><span style=\"color: #000000;\">Poustevn\u00edk<\/span><\/td>\n<\/tr>\n<\/tbody>\n<p><\/span><\/table>\n<\/div><\/div><div id=\"panel-569-0-0-3\" class=\"so-panel widget widget_black-studio-tinymce widget_black_studio_tinymce panel-last-child\" data-index=\"3\" ><div class=\"textwidget\"><p><span style=\"color: #800000;\"><strong>Z\u00e1kladn\u00ed um\u011bleck\u00e1 \u0161kola<\/strong><\/span><\/p>\n<table style=\"width: 100%; background-color: #ebebeb;\">\n<col style=\"width:50%;\" \/>\n<col style=\"width:50%;\" \/>\n<tbody>\n<tr>\n<td style=\"border-color: white;\"><span style=\"color: #000000;\"><a href= \"http:\/\/divadlomv.cz\/cs\/dobyti-severniho-polu\/\">Dobyt\u00ed severn\u00edho p\u00f3lu<\/span><\/td>\n<p><\/a><\/p>\n<td style=\"border-color: white;\"><span style=\"color: #000000;\">U\u010ditel V\u00e1clav Poustka<\/span><\/td>\n<\/tr>\n<tr>\n<td style=\"border-color: white;\"><span style=\"color: #000000;\">Mary\u0161<\/span><\/td>\n<td style=\"border-color: white;\"><span style=\"color: #000000;\">L\u00edzal \/ R\u00e9pal<\/span><\/td>\n<\/tr>\n<tr>\n<td style=\"border-color: white;\"><span style=\"color: #000000;\">Vra\u017eda v salonn\u00edm kup\u00e9<\/strong><\/td>\n<td style=\"border-color: white;\"><span style=\"color: #000000;\">Stevard<\/span><\/td>\n<\/tr>\n<tr>\n<td style=\"border-color: white;\"><span style=\"color: #000000;\">Liter\u00e1rn\u00ed kombinace<\/strong><\/td>\n<td style=\"border-color: white;\"><span style=\"color: #000000;\">Harpagon<\/span><\/td>\n<\/tr>\n<tr>\n<td style=\"border-color: white;\"><span style=\"color: #000000;\">Jak se d\u011bl\u00e1 divadlo<\/strong><\/td>\n<td style=\"border-color: white;\"><span style=\"color: #000000;\">U\u010ditel Nov\u00e1k<\/span><\/td>\n<\/tr>\n<tr>\n<td style=\"border-color: white;\"><span style=\"color: #000000;\"><a href= \"http:\/\/divadlomv.cz\/cs\/zaskok\/\">Z\u00e1skok<\/strong><\/td>\n<p><\/a><\/p>\n<td style=\"border-color: white;\"><span style=\"color: #000000;\">Doktor Vypich<\/span><\/td>\n<\/tr>\n<tr>\n<td style=\"border-color: white;\"><span style=\"color: #000000;\">Zlat\u00fd kolovrat<\/strong><\/td>\n<td style=\"border-color: white;\"><span style=\"color: #000000;\">Baletka<\/span><\/td>\n<\/tr>\n<tr>\n<td style=\"border-color: white;\"><span style=\"color: #000000;\">\u010cerven\u00e1 Sn\u011bhurka<\/strong><\/td>\n<td style=\"border-color: white;\"><span style=\"color: #000000;\">Trpasl\u00edk \/ D\u011bd V\u0161ev\u011bd<\/span><\/td>\n<\/tr>\n<tr>\n<td style=\"border-color: white;\"><span style=\"color: #000000;\">Vizion\u00e1\u0159<\/strong><\/td>\n<td style=\"border-color: white;\"><span style=\"color: #000000;\">Vizion\u00e1\u0159 Hlavsa<\/span><\/td>\n<\/tr>\n<tr>\n<td style=\"border-color: white;\"><span style=\"color: #000000;\">\u0160vanda dud\u00e1k<\/strong><\/td>\n<td style=\"border-color: white;\"><span style=\"color: #000000;\">Kalafuna \/ Otec Trnka<\/span><\/td>\n<\/tr>\n<\/tbody>\n<p><\/span><\/table>\n<\/div><\/div><\/div><div id=\"pgc-569-0-1\"  class=\"panel-grid-cell\" ><div id=\"panel-569-0-1-0\" class=\"so-panel widget widget_black-studio-tinymce widget_black_studio_tinymce panel-first-child\" data-index=\"4\" ><div class=\"textwidget\"><p><img src=\"http:\/\/divadlomv.cz\/cs\/wp-content\/uploads\/2015\/11\/fromel_m2.jpg\" alt=\"fromel_m2\" width=\"235\" height=\"313\" class=\"aligncenter size-full wp-image-1085\" \/><\/p>\n<\/div><\/div><div id=\"panel-569-0-1-1\" class=\"so-panel widget widget_black-studio-tinymce widget_black_studio_tinymce\" data-index=\"5\" ><div class=\"textwidget\"><p><img src=\"http:\/\/divadlomv.cz\/cs\/wp-content\/uploads\/2015\/11\/fromel_m1.jpg\" alt=\"fromel_m1\" width=\"235\" height=\"313\" class=\"aligncenter size-full wp-image-1084\" \/><\/p>\n<\/div><\/div><div id=\"panel-569-0-1-2\" class=\"so-panel widget widget_black-studio-tinymce widget_black_studio_tinymce panel-last-child\" data-index=\"6\" ><div class=\"textwidget\"><p><img src=\"http:\/\/divadlomv.cz\/cs\/wp-content\/uploads\/2015\/11\/fromel_m3.jpg\" alt=\"fromel_m3\" width=\"235\" height=\"313\" class=\"aligncenter size-full wp-image-1086\" \/><\/p>\n<\/div><\/div><\/div><\/div><\/div>","protected":false},"excerpt":{"rendered":"<p>DIVADELN\u00cd ROLE Divadeln\u00ed studio MV Nebe na zemi Bartolus (not\u00e1\u0159) Balada z Hadr\u016f Hl\u00edda\u010d \/ Filip Sermoise \/ Fel\u010dar Dob\u0161ick\u00e9 n\u00e1rodn\u00ed divadlo Jak za\u010dala a skon\u010dila trojsk\u00e1 v\u00e1lka aneb Konec ku\u0159\u00edch ok na Olympu Zeus O stra\u0161idlu Bublifuk Stra\u0161idlo Bublifuk Bludi\u010dka Poutn\u00edk Zlat\u00fd kolovrat Poustevn\u00edk Z\u00e1kladn\u00ed um\u011bleck\u00e1 \u0161kola Dobyt\u00ed severn\u00edho\u2026<\/p>\n<p class=\"continue-reading-button\"> <a class=\"continue-reading-link\" href=\"http:\/\/divadlomv.cz\/cs\/fromel-role\/\">v\u00edce&#8230;<i class=\"crycon-right-dir\"><\/i><\/a><\/p>\n","protected":false},"author":2,"featured_media":0,"parent":0,"menu_order":0,"comment_status":"closed","ping_status":"closed","template":"","meta":[],"acf":[],"_links":{"self":[{"href":"http:\/\/divadlomv.cz\/cs\/wp-json\/wp\/v2\/pages\/569"}],"collection":[{"href":"http:\/\/divadlomv.cz\/cs\/wp-json\/wp\/v2\/pages"}],"about":[{"href":"http:\/\/divadlomv.cz\/cs\/wp-json\/wp\/v2\/types\/page"}],"author":[{"embeddable":true,"href":"http:\/\/divadlomv.cz\/cs\/wp-json\/wp\/v2\/users\/2"}],"replies":[{"embeddable":true,"href":"http:\/\/divadlomv.cz\/cs\/wp-json\/wp\/v2\/comments?post=569"}],"version-history":[{"count":37,"href":"http:\/\/divadlomv.cz\/cs\/wp-json\/wp\/v2\/pages\/569\/revisions"}],"predecessor-version":[{"id":1113,"href":"http:\/\/divadlomv.cz\/cs\/wp-json\/wp\/v2\/pages\/569\/revisions\/1113"}],"wp:attachment":[{"href":"http:\/\/divadlomv.cz\/cs\/wp-json\/wp\/v2\/media?parent=569"}],"curies":[{"name":"wp","href":"https:\/\/api.w.org\/{rel}","templated":true}]}}