{"id":57,"date":"2015-10-26T14:33:20","date_gmt":"2015-10-26T13:33:20","guid":{"rendered":"http:\/\/divadlomv.cz\/cs\/?page_id=57"},"modified":"2023-05-02T14:39:38","modified_gmt":"2023-05-02T12:39:38","slug":"vstupenky","status":"publish","type":"page","link":"http:\/\/divadlomv.cz\/cs\/vstupenky\/","title":{"rendered":"Vstupenky"},"content":{"rendered":"<p>Vstupenky na v\u0161echna na\u0161e p\u0159edstaven\u00ed si <strong>m\u016f\u017eete rezervovat zasl\u00e1n\u00edm zpr\u00e1vy<\/strong> na n\u00ed\u017ee uvedenou<\/p>\n<p>e-mailovou adresu. Rezervovan\u00e9 vstupenky pro V\u00e1s pak budou p\u0159ipraveny k vyzvednut\u00ed na pokladn\u011b M\u011bstsk\u00e9ho divadla ve Znojm\u011b cca p\u016fl hodiny p\u0159ed za\u010d\u00e1tkem dan\u00e9ho p\u0159edstaven\u00ed.<\/p>\n<p><em><strong>E-mail:<\/strong> vstupenky@dsmv.cz<\/em><\/p>\n","protected":false},"excerpt":{"rendered":"<p>Vstupenky na v\u0161echna na\u0161e p\u0159edstaven\u00ed si m\u016f\u017eete rezervovat zasl\u00e1n\u00edm zpr\u00e1vy na n\u00ed\u017ee uvedenou e-mailovou adresu. Rezervovan\u00e9 vstupenky pro V\u00e1s pak budou p\u0159ipraveny k vyzvednut\u00ed na pokladn\u011b M\u011bstsk\u00e9ho divadla ve Znojm\u011b cca p\u016fl hodiny p\u0159ed za\u010d\u00e1tkem dan\u00e9ho p\u0159edstaven\u00ed. E-mail: vstupenky@dsmv.cz<\/p>\n<p class=\"continue-reading-button\"> <a class=\"continue-reading-link\" href=\"http:\/\/divadlomv.cz\/cs\/vstupenky\/\">v\u00edce&#8230;<i class=\"crycon-right-dir\"><\/i><\/a><\/p>\n","protected":false},"author":1,"featured_media":0,"parent":0,"menu_order":0,"comment_status":"closed","ping_status":"closed","template":"","meta":[],"acf":[],"_links":{"self":[{"href":"http:\/\/divadlomv.cz\/cs\/wp-json\/wp\/v2\/pages\/57"}],"collection":[{"href":"http:\/\/divadlomv.cz\/cs\/wp-json\/wp\/v2\/pages"}],"about":[{"href":"http:\/\/divadlomv.cz\/cs\/wp-json\/wp\/v2\/types\/page"}],"author":[{"embeddable":true,"href":"http:\/\/divadlomv.cz\/cs\/wp-json\/wp\/v2\/users\/1"}],"replies":[{"embeddable":true,"href":"http:\/\/divadlomv.cz\/cs\/wp-json\/wp\/v2\/comments?post=57"}],"version-history":[{"count":7,"href":"http:\/\/divadlomv.cz\/cs\/wp-json\/wp\/v2\/pages\/57\/revisions"}],"predecessor-version":[{"id":7743,"href":"http:\/\/divadlomv.cz\/cs\/wp-json\/wp\/v2\/pages\/57\/revisions\/7743"}],"wp:attachment":[{"href":"http:\/\/divadlomv.cz\/cs\/wp-json\/wp\/v2\/media?parent=57"}],"curies":[{"name":"wp","href":"https:\/\/api.w.org\/{rel}","templated":true}]}}