{"id":625,"date":"2015-11-18T16:29:10","date_gmt":"2015-11-18T15:29:10","guid":{"rendered":"http:\/\/divadlomv.cz\/cs\/?page_id=625"},"modified":"2016-06-09T13:41:25","modified_gmt":"2016-06-09T12:41:25","slug":"vyhodova-role","status":"publish","type":"page","link":"http:\/\/divadlomv.cz\/cs\/vyhodova-role\/","title":{"rendered":"Martina V\u00fdhodov\u00e1 Val\u00edkov\u00e1 &#8211; divadeln\u00ed role"},"content":{"rendered":"<div id=\"pl-625\"  class=\"panel-layout\" ><div id=\"pg-625-0\"  class=\"panel-grid panel-no-style\" ><div id=\"pgc-625-0-0\"  class=\"panel-grid-cell\" ><div id=\"panel-625-0-0-0\" class=\"so-panel widget widget_black-studio-tinymce widget_black_studio_tinymce panel-first-child\" data-index=\"0\" ><div class=\"textwidget\"><table style=\"width: 100%; background-color: #5e5e5e;\">\n<tbody>\n<tr>\n<td style=\"border-color: white;\" align=\"center\"><span style=\"color: #ffffff;\"><strong>DIVADELN\u00cd ROLE<\/strong><\/span><\/td>\n<\/tr>\n<\/tbody>\n<\/table>\n<\/div><\/div><div id=\"panel-625-0-0-1\" class=\"so-panel widget widget_black-studio-tinymce widget_black_studio_tinymce\" data-index=\"1\" ><div class=\"textwidget\"><p><span style=\"color: #800000;\"><strong>Satirick\u00e9 divadlo Ve\u010dern\u00ed Brno<\/strong><\/span><\/p>\n<table style=\"width: 100%; background-color: #ebebeb;\">\n<col style=\"width:34%;\" \/>\n<col style=\"width:33%;\" \/>\n<col style=\"width:33%;\" \/>\n<tbody>\n<tr>\n<td style=\"border-color: white;\"><span style=\"color: #000000;\">Gaudeamus igitur<\/strong><\/td>\n<td style=\"border-color: white;\"><span style=\"color: #000000;\">re\u017e. Pavel Harv\u00e1nek<\/span><\/td>\n<td style=\"border-color: white;\"><span style=\"color: #000000;\">Otylka<\/span><\/td>\n<\/tr>\n<tr>\n<td style=\"border-color: white;\"><span style=\"color: #000000;\">Kr\u00e1l Ubu<\/span><\/td>\n<td style=\"border-color: white;\"><span style=\"color: #000000;\">re\u017e. Josef Mor\u00e1vek<\/span><\/td>\n<td style=\"border-color: white;\"><span style=\"color: #000000;\">Eleuthesie<\/span><\/td>\n<\/tr>\n<tr>\n<td style=\"border-color: white;\"><span style=\"color: #000000;\">My se vlka neboj\u00edme<\/span><\/td>\n<td style=\"border-color: white;\"><span style=\"color: #000000;\">re\u017e. Petr Posp\u00ed\u0161il<\/span><\/td>\n<td style=\"border-color: white;\"><span style=\"color: #000000;\">Pras\u00e1tko Brumlajda<\/span><\/td>\n<\/tr>\n<tr>\n<td style=\"border-color: white;\"><span style=\"color: #000000;\">Gener\u00e1ln\u00ed z\u00e1zrak<\/span><\/td>\n<td style=\"border-color: white;\"><span style=\"color: #000000;\">re\u017e. Pavel Harv\u00e1nek<\/span><\/td>\n<td style=\"border-color: white;\"><span style=\"color: #000000;\">Ivana<\/span><\/td>\n<\/tr>\n<tr>\n<td style=\"border-color: white;\"><span style=\"color: #000000;\">Rodina T\u00f3th\u016f<\/span><\/td>\n<td style=\"border-color: white;\"><span style=\"color: #000000;\">re\u017e. Pavel Harv\u00e1nek<\/span><\/td>\n<td style=\"border-color: white;\"><span style=\"color: #000000;\">Agika<\/span><\/td>\n<\/tr>\n<tr>\n<td style=\"border-color: white;\" valign= \"middle\"><span style=\"color: #000000;\">Sebevrah<\/span><\/td>\n<td style=\"border-color: white;\" valign= \"middle\"><span style=\"color: #000000;\">re\u017e. Josef Jan\u00edk<\/span><\/td>\n<td style=\"border-color: white;\" valign= \"middle\"><span style=\"color: #000000;\">Mark\u00e9ta Ivanovna Peresv\u011btovov\u00e1<\/span><\/td>\n<\/tr>\n<tr>\n<td style=\"border-color: white;\"><span style=\"color: #000000;\">Einstein nebo Fellini<\/span><\/td>\n<td style=\"border-color: white;\"><span style=\"color: #000000;\">re\u017e. Ji\u0159\u00ed Svoboda<\/span><\/td>\n<td style=\"border-color: white;\"><span style=\"color: #000000;\">Of\u00e9lie<\/span><\/td>\n<\/tr>\n<tr>\n<td style=\"border-color: white;\"><span style=\"color: #000000;\">Bertoldo<\/span><\/td>\n<td style=\"border-color: white;\"><span style=\"color: #000000;\">re\u017e. Pavel Harv\u00e1nek<\/span><\/td>\n<td style=\"border-color: white;\"><span style=\"color: #000000;\">Kr\u00e1lovna<\/span><\/td>\n<\/tr>\n<tr>\n<td style=\"border-color: white;\"><span style=\"color: #000000;\">Velk\u00fd kombin\u00e1tor kon\u010d\u00ed<\/span><\/td>\n<td style=\"border-color: white;\"><span style=\"color: #000000;\">re\u017e. Vladim\u00edr Mor\u00e1vek<\/span><\/td>\n<td style=\"border-color: white;\"><span style=\"color: #000000;\">Vedouc\u00ed v\u00fddejny<\/span><\/td>\n<\/tr>\n<\/tbody>\n<tr>\n<td style=\"border-color: white;\"><span style=\"color: #000000;\">Balada z\u00a0hadr\u016f<\/span><\/td>\n<td style=\"border-color: white;\"><span style=\"color: #000000;\">re\u017e. Pavel Dost\u00e1l<\/span><\/td>\n<td style=\"border-color: white;\"><span style=\"color: #000000;\">Cik\u00e1nka \/ Kate\u0159ina<\/span><\/td>\n<\/tr>\n<tr>\n<td style=\"border-color: white;\"><span style=\"color: #000000;\">Mamzelle Nitouche<\/span><\/td>\n<td style=\"border-color: white;\"><span style=\"color: #000000;\"><\/span><\/td>\n<td style=\"border-color: white;\"><span style=\"color: #000000;\">Jepti\u0161ka<\/span><\/td>\n<\/tr>\n<tr>\n<td style=\"border-color: white;\" valign= \"middle\"><span style=\"color: #000000;\">Jak se stal Rumcajs loupe\u017en\u00edkem<\/span><\/td>\n<td style=\"border-color: white;\" valign= \"middle\"><span style=\"color: #000000;\"><\/span>re\u017e. Jaroslav Fert<\/td>\n<td style=\"border-color: white;\" valign= \"middle\"><span style=\"color: #000000;\">Anka<\/span><\/td>\n<\/tr>\n<tr>\n<td style=\"border-color: white;\"><span style=\"color: #000000;\">A co \u017eeny pane dvorn\u00ed rado<\/span><\/td>\n<td style=\"border-color: white;\"><span style=\"color: #000000;\"><\/span>re\u017e. Miroslav Horn\u00ed\u010dek<\/td>\n<td style=\"border-color: white;\"><span style=\"color: #000000;\">Charlotte<\/span><\/td>\n<\/tr>\n<\/tbody>\n<p><\/span><\/table>\n<\/div><\/div><div id=\"panel-625-0-0-2\" class=\"so-panel widget widget_black-studio-tinymce widget_black_studio_tinymce panel-last-child\" data-index=\"2\" ><div class=\"textwidget\"><p><span style=\"color: #800000;\"><strong>Za dob studi\u00ed na konzervato\u0159i v Brn\u011b<\/strong><\/span><br \/>\n<span style=\"color: #000000;\"><strong>Bernarda<\/strong> - D\u016fm doni Bernardy (absolventsk\u00e1 role)<\/span><br \/>\n<span style=\"color: #000000;\">D\u00e1le u\u010dinkovala v po\u0159adech brn\u011bnsk\u00e9ho studia.<\/span><br \/>\n&nbsp;<br \/>\n<span style=\"color: #800000;\"><strong><strong>P\u011bveck\u00e9 role<\/strong><\/strong><\/span><br \/>\nZp\u00edvala v po\u0159adech V\u0161ichni se ptaj\u00ed , komu to hraj\u00ed, Nejlep\u0161\u00ed z\u00a0Moravy atd.<br \/>\nZp\u011bva\u010dka v kapele sv\u00e9ho otce, pana Val\u00edka, <span style=\"color: #000000;\"><strong>Znojemsk\u00e1 10.<\/strong><\/span><\/p>\n<\/div><\/div><\/div><div id=\"pgc-625-0-1\"  class=\"panel-grid-cell\" ><div id=\"panel-625-0-1-0\" class=\"so-panel widget widget_black-studio-tinymce widget_black_studio_tinymce panel-first-child panel-last-child\" data-index=\"3\" ><div class=\"textwidget\"><p><img class=\"aligncenter wp-image-377\" src=\"http:\/\/divadlomv.cz\/cs\/wp-content\/uploads\/2015\/10\/vyhodova_mini.png\" alt=\"vyhodova_mini\" width=\"167\" height=\"250\" \/><\/p>\n<\/div><\/div><\/div><\/div><\/div>","protected":false},"excerpt":{"rendered":"<p>DIVADELN\u00cd ROLE Satirick\u00e9 divadlo Ve\u010dern\u00ed Brno Gaudeamus igitur re\u017e. Pavel Harv\u00e1nek Otylka Kr\u00e1l Ubu re\u017e. Josef Mor\u00e1vek Eleuthesie My se vlka neboj\u00edme re\u017e. Petr Posp\u00ed\u0161il Pras\u00e1tko Brumlajda Gener\u00e1ln\u00ed z\u00e1zrak re\u017e. Pavel Harv\u00e1nek Ivana Rodina T\u00f3th\u016f re\u017e. Pavel Harv\u00e1nek Agika Sebevrah re\u017e. Josef Jan\u00edk Mark\u00e9ta Ivanovna Peresv\u011btovov\u00e1 Einstein nebo Fellini re\u017e.\u2026<\/p>\n<p class=\"continue-reading-button\"> <a class=\"continue-reading-link\" href=\"http:\/\/divadlomv.cz\/cs\/vyhodova-role\/\">v\u00edce&#8230;<i class=\"crycon-right-dir\"><\/i><\/a><\/p>\n","protected":false},"author":2,"featured_media":0,"parent":0,"menu_order":0,"comment_status":"closed","ping_status":"closed","template":"","meta":[],"acf":[],"_links":{"self":[{"href":"http:\/\/divadlomv.cz\/cs\/wp-json\/wp\/v2\/pages\/625"}],"collection":[{"href":"http:\/\/divadlomv.cz\/cs\/wp-json\/wp\/v2\/pages"}],"about":[{"href":"http:\/\/divadlomv.cz\/cs\/wp-json\/wp\/v2\/types\/page"}],"author":[{"embeddable":true,"href":"http:\/\/divadlomv.cz\/cs\/wp-json\/wp\/v2\/users\/2"}],"replies":[{"embeddable":true,"href":"http:\/\/divadlomv.cz\/cs\/wp-json\/wp\/v2\/comments?post=625"}],"version-history":[{"count":20,"href":"http:\/\/divadlomv.cz\/cs\/wp-json\/wp\/v2\/pages\/625\/revisions"}],"predecessor-version":[{"id":1250,"href":"http:\/\/divadlomv.cz\/cs\/wp-json\/wp\/v2\/pages\/625\/revisions\/1250"}],"wp:attachment":[{"href":"http:\/\/divadlomv.cz\/cs\/wp-json\/wp\/v2\/media?parent=625"}],"curies":[{"name":"wp","href":"https:\/\/api.w.org\/{rel}","templated":true}]}}