{"id":745,"date":"2016-02-03T14:26:28","date_gmt":"2016-02-03T13:26:28","guid":{"rendered":"http:\/\/divadlomv.cz\/cs\/?page_id=745"},"modified":"2021-11-17T22:19:58","modified_gmt":"2021-11-17T21:19:58","slug":"hoste","status":"publish","type":"page","link":"http:\/\/divadlomv.cz\/cs\/hoste\/","title":{"rendered":"Host\u00e9"},"content":{"rendered":"<div id=\"pl-745\"  class=\"panel-layout\" ><div id=\"pg-745-0\"  class=\"panel-grid panel-no-style\" ><div id=\"pgc-745-0-0\"  class=\"panel-grid-cell\" ><div id=\"panel-745-0-0-0\" class=\"so-panel widget widget_black-studio-tinymce widget_black_studio_tinymce panel-first-child panel-last-child\" data-index=\"0\" ><div class=\"panel-widget-style panel-widget-style-for-745-0-0-0\" ><div class=\"textwidget\"><p style=\"text-align: center;\"><span style=\"color: #ffffff;\">\u010cESTN\u00dd \u010cLEN DIVADELN\u00cdHO STUDIA MV<\/span><\/p>\n<\/div><\/div><\/div><\/div><\/div><div id=\"pg-745-1\"  class=\"panel-grid panel-no-style\" ><div id=\"pgc-745-1-0\"  class=\"panel-grid-cell panel-grid-cell-empty\" ><\/div><div id=\"pgc-745-1-1\"  class=\"panel-grid-cell panel-grid-cell-mobile-last\" ><div id=\"panel-745-1-1-0\" class=\"so-panel widget widget_black-studio-tinymce widget_black_studio_tinymce panel-first-child panel-last-child\" data-index=\"1\" ><div class=\"textwidget\"><p><a href= \"http:\/\/divadlomv.cz\/cs\/petr-florian\"><img class=\" aligncenter\" src=\"http:\/\/divadlomv.cz\/cs\/wp-content\/uploads\/2016\/02\/Petr-Florian_1.jpg\" alt=\"florian\" \/><\/a><\/p>\n<p style=\"text-align: center;\"><span style=\"color: #800000;\"><strong>Petr Flori\u00e1n<\/strong><\/span><\/p>\n<\/div><\/div><\/div><div id=\"pgc-745-1-2\"  class=\"panel-grid-cell panel-grid-cell-empty\" ><\/div><\/div><div id=\"pg-745-2\"  class=\"panel-grid panel-no-style\" ><div id=\"pgc-745-2-0\"  class=\"panel-grid-cell\" ><div id=\"panel-745-2-0-0\" class=\"so-panel widget widget_black-studio-tinymce widget_black_studio_tinymce panel-first-child panel-last-child\" data-index=\"2\" ><div class=\"panel-widget-style panel-widget-style-for-745-2-0-0\" ><div class=\"textwidget\"><p style=\"text-align: center;\"><span style=\"color: #ffffff;\">HERCI A HERE\u010cKY<\/span><\/p>\n<\/div><\/div><\/div><\/div><\/div><div id=\"pg-745-3\"  class=\"panel-grid panel-no-style\" ><div id=\"pgc-745-3-0\"  class=\"panel-grid-cell\" ><div id=\"panel-745-3-0-0\" class=\"so-panel widget widget_black-studio-tinymce widget_black_studio_tinymce panel-first-child panel-last-child\" data-index=\"3\" ><div class=\"textwidget\"><p><a href=\"http:\/\/divadlomv.cz\/cs\/buchtova\/\" target=\"_blank\" rel=\"noopener\"><img class=\" aligncenter\" src=\"http:\/\/divadlomv.cz\/cs\/wp-content\/uploads\/2015\/10\/Buchtova-Dita_1.jpg\" alt=\"buchtova\" \/><\/a><\/p>\n<p style=\"text-align: center;\"><span style=\"color: #800000;\"><strong>Dita Buchtov\u00e1<\/strong><\/span><\/p>\n<\/div><\/div><\/div><div id=\"pgc-745-3-1\"  class=\"panel-grid-cell\" ><div id=\"panel-745-3-1-0\" class=\"so-panel widget widget_black-studio-tinymce widget_black_studio_tinymce panel-first-child panel-last-child\" data-index=\"4\" ><div class=\"textwidget\"><p><img class=\" aligncenter\" src=\"http:\/\/divadlomv.cz\/cs\/wp-content\/uploads\/2015\/10\/no_photo_1.jpg\" alt=\"drapal\" width=\"120\" height=\"180\" \/><\/p>\n<p style=\"text-align: center;\"><span style=\"color: #800000;\"><strong>Adam Dr\u00e1pal<\/strong><\/span><\/p>\n<\/div><\/div><\/div><div id=\"pgc-745-3-2\"  class=\"panel-grid-cell\" ><div id=\"panel-745-3-2-0\" class=\"so-panel widget widget_black-studio-tinymce widget_black_studio_tinymce panel-first-child panel-last-child\" data-index=\"5\" ><div class=\"textwidget\"><p><img class=\" aligncenter\" src=\"http:\/\/divadlomv.cz\/cs\/wp-content\/uploads\/2015\/10\/Herich-Vojtech_1.jpg\" alt=\"herich\" \/><\/p>\n<p style=\"text-align: center;\"><span style=\"color: #800000;\"><strong>Vojt\u011bch Herich<\/strong><\/span><\/p>\n<\/div><\/div><\/div><div id=\"pgc-745-3-3\"  class=\"panel-grid-cell\" ><div id=\"panel-745-3-3-0\" class=\"so-panel widget widget_black-studio-tinymce widget_black_studio_tinymce panel-first-child panel-last-child\" data-index=\"6\" ><div class=\"textwidget\"><p><img class=\" aligncenter\" src=\"http:\/\/divadlomv.cz\/cs\/wp-content\/uploads\/2015\/10\/no_photo_1.jpg\" alt=\"herichova\" width=\"120\" height=\"180\" \/><\/p>\n<p style=\"text-align: center;\"><span style=\"color: #800000;\"><strong>Amalie Herichov\u00e1<\/strong><\/span><\/p>\n<\/div><\/div><\/div><div id=\"pgc-745-3-4\"  class=\"panel-grid-cell\" ><div id=\"panel-745-3-4-0\" class=\"so-panel widget widget_black-studio-tinymce widget_black_studio_tinymce panel-first-child panel-last-child\" data-index=\"7\" ><div class=\"textwidget\"><p><img class=\" aligncenter\" src=\"http:\/\/divadlomv.cz\/cs\/wp-content\/uploads\/2015\/10\/no_photo_1.jpg\" alt=\"herz\" width=\"120\" height=\"180\" \/><\/p>\n<p style=\"text-align: center;\"><span style=\"color: #800000;\"><strong>Franti\u0161ek Herz<\/strong><\/span><\/p>\n<\/div><\/div><\/div><\/div><div id=\"pg-745-4\"  class=\"panel-grid panel-no-style\" ><div id=\"pgc-745-4-0\"  class=\"panel-grid-cell\" ><div id=\"panel-745-4-0-0\" class=\"so-panel widget widget_black-studio-tinymce widget_black_studio_tinymce panel-first-child panel-last-child\" data-index=\"8\" ><div class=\"textwidget\"><p><img class=\"&quot; aligncenter\" src=\"http:\/\/divadlomv.cz\/cs\/wp-content\/uploads\/2015\/10\/Herzigova-Ivana_1.jpg\" alt=\"herzigova\" \/><\/p>\n<p style=\"text-align: center;\"><span style=\"color: #800000;\"><strong>Ivana Herzigov\u00e1<\/strong><\/span><\/p>\n<\/div><\/div><\/div><div id=\"pgc-745-4-1\"  class=\"panel-grid-cell\" ><div id=\"panel-745-4-1-0\" class=\"so-panel widget widget_black-studio-tinymce widget_black_studio_tinymce panel-first-child panel-last-child\" data-index=\"9\" ><div class=\"textwidget\"><p><img class=\" aligncenter\" src=\"http:\/\/divadlomv.cz\/cs\/wp-content\/uploads\/2015\/10\/Klikova-Eva_1.jpg\" alt=\"klikova\" \/><\/p>\n<p style=\"text-align: center;\"><span style=\"color: #800000;\"><strong>Eva Klikov\u00e1<\/strong><\/span><\/p>\n<\/div><\/div><\/div><div id=\"pgc-745-4-2\"  class=\"panel-grid-cell\" ><div id=\"panel-745-4-2-0\" class=\"so-panel widget widget_black-studio-tinymce widget_black_studio_tinymce panel-first-child panel-last-child\" data-index=\"10\" ><div class=\"textwidget\"><p><img class=\" aligncenter\" src=\"http:\/\/divadlomv.cz\/cs\/wp-content\/uploads\/2015\/10\/no_photo_1.jpg\" alt=\"kubackova\" width=\"120\" height=\"180\" \/><\/p>\n<p style=\"text-align: center;\"><span style=\"color: #800000;\"><strong>Kristina Kuba\u010dkov\u00e1<\/strong><\/span><\/p>\n<\/div><\/div><\/div><div id=\"pgc-745-4-3\"  class=\"panel-grid-cell\" ><div id=\"panel-745-4-3-0\" class=\"so-panel widget widget_black-studio-tinymce widget_black_studio_tinymce panel-first-child panel-last-child\" data-index=\"11\" ><div class=\"textwidget\"><p><img class=\" aligncenter\" src=\"http:\/\/divadlomv.cz\/cs\/wp-content\/uploads\/2015\/10\/Lobpreisova-Jana_1.jpg\" alt=\"lobpreisova\" \/><\/p>\n<p style=\"text-align: center;\"><span style=\"color: #800000;\"><strong>Jana Lobpreisov\u00e1<\/strong><\/span><\/p>\n<\/div><\/div><\/div><div id=\"pgc-745-4-4\"  class=\"panel-grid-cell\" ><div id=\"panel-745-4-4-0\" class=\"so-panel widget widget_black-studio-tinymce widget_black_studio_tinymce panel-first-child panel-last-child\" data-index=\"12\" ><div class=\"textwidget\"><p><img class=\" aligncenter\" src=\"http:\/\/divadlomv.cz\/cs\/wp-content\/uploads\/2015\/10\/no_photo_1.jpg\" alt=\"ludva\" width=\"120\" height=\"180\" \/><\/p>\n<p style=\"text-align: center;\"><span style=\"color: #800000;\"><strong>Jan Ludva<\/strong><\/span><\/p>\n<\/div><\/div><\/div><\/div><div id=\"pg-745-5\"  class=\"panel-grid panel-no-style\" ><div id=\"pgc-745-5-0\"  class=\"panel-grid-cell\" ><div id=\"panel-745-5-0-0\" class=\"so-panel widget widget_black-studio-tinymce widget_black_studio_tinymce panel-first-child panel-last-child\" data-index=\"13\" ><div class=\"textwidget\"><p><img class=\" aligncenter\" src=\"http:\/\/divadlomv.cz\/cs\/wp-content\/uploads\/2015\/10\/no_photo_1.jpg\" alt=\"no_photo\" width=\"120\" height=\"180\" \/><\/p>\n<p style=\"text-align: center;\"><span style=\"color: #800000;\"><strong>Ond\u0159ej Pyrochta<\/strong><\/span><\/p>\n<\/div><\/div><\/div><div id=\"pgc-745-5-1\"  class=\"panel-grid-cell\" ><div id=\"panel-745-5-1-0\" class=\"so-panel widget widget_black-studio-tinymce widget_black_studio_tinymce panel-first-child panel-last-child\" data-index=\"14\" ><div class=\"textwidget\"><p><img class=\" aligncenter\" src=\"http:\/\/divadlomv.cz\/cs\/wp-content\/uploads\/2015\/10\/Rubes-Daniel_1.jpg\" alt=\"rubes\" width=\"120\" height=\"180\" \/><\/p>\n<p style=\"text-align: center;\"><span style=\"color: #800000;\"><strong>Daniel Rube\u0161<\/strong><\/span><\/p>\n<\/div><\/div><\/div><div id=\"pgc-745-5-2\"  class=\"panel-grid-cell\" ><div id=\"panel-745-5-2-0\" class=\"so-panel widget widget_black-studio-tinymce widget_black_studio_tinymce panel-first-child panel-last-child\" data-index=\"15\" ><div class=\"textwidget\"><p><img class=\" aligncenter\" src=\"http:\/\/divadlomv.cz\/cs\/wp-content\/uploads\/2015\/10\/no_photo_1.jpg\" alt=\"strakova\" width=\"120\" height=\"180\" \/><\/p>\n<p style=\"text-align: center;\"><span style=\"color: #800000;\"><strong>Marie Strakov\u00e1<\/strong><\/span><\/p>\n<\/div><\/div><\/div><div id=\"pgc-745-5-3\"  class=\"panel-grid-cell\" ><div id=\"panel-745-5-3-0\" class=\"so-panel widget widget_black-studio-tinymce widget_black_studio_tinymce panel-first-child panel-last-child\" data-index=\"16\" ><div class=\"textwidget\"><p><img class=\" aligncenter\" src=\"http:\/\/divadlomv.cz\/cs\/wp-content\/uploads\/2015\/10\/Salkova-Alena_1.jpg\" alt=\"salkova\" \/><\/p>\n<p style=\"text-align: center;\"><span style=\"color: #800000;\"><strong>Alena \u0160\u00e1lkov\u00e1<\/strong><\/span><\/p>\n<\/div><\/div><\/div><div id=\"pgc-745-5-4\"  class=\"panel-grid-cell\" ><div id=\"panel-745-5-4-0\" class=\"so-panel widget widget_black-studio-tinymce widget_black_studio_tinymce panel-first-child panel-last-child\" data-index=\"17\" ><div class=\"textwidget\"><p><img class=\" aligncenter\" src=\"http:\/\/divadlomv.cz\/cs\/wp-content\/uploads\/2015\/10\/no_photo_1.jpg\" alt=\"sima\" width=\"120\" height=\"180\" \/><\/p>\n<p style=\"text-align: center;\"><span style=\"color: #800000;\"><strong>J\u00e1chym \u0160\u00edma<\/strong><\/span><\/p>\n<\/div><\/div><\/div><\/div><div id=\"pg-745-6\"  class=\"panel-grid panel-no-style\" ><div id=\"pgc-745-6-0\"  class=\"panel-grid-cell\" ><div id=\"panel-745-6-0-0\" class=\"so-panel widget widget_black-studio-tinymce widget_black_studio_tinymce panel-first-child panel-last-child\" data-index=\"18\" ><div class=\"textwidget\"><p><a href=\"\" target=\"_blank\"><img class=\" aligncenter\" src=\"http:\/\/divadlomv.cz\/cs\/wp-content\/uploads\/2015\/10\/no_photo_1.jpg\" alt=\"stavova\" width=\"120\" height=\"180\" \/><\/a><\/p>\n<p style=\"text-align: center;\"><span style=\"color: #800000;\"><strong>Lenka \u0160\u0165\u00e1vov\u00e1<\/strong><\/span><\/p>\n<\/div><\/div><\/div><div id=\"pgc-745-6-1\"  class=\"panel-grid-cell\" ><div id=\"panel-745-6-1-0\" class=\"so-panel widget widget_black-studio-tinymce widget_black_studio_tinymce panel-first-child panel-last-child\" data-index=\"19\" ><div class=\"textwidget\"><p><img class=\" aligncenter\" src=\"http:\/\/divadlomv.cz\/cs\/wp-content\/uploads\/2015\/10\/no_photo_1.jpg\" alt=\"sup\" width=\"120\" height=\"180\" \/><\/p>\n<p style=\"text-align: center;\"><span style=\"color: #800000;\"><strong>Ji\u0159\u00ed \u0160up<\/strong><\/span><\/p>\n<\/div><\/div><\/div><div id=\"pgc-745-6-2\"  class=\"panel-grid-cell\" ><div id=\"panel-745-6-2-0\" class=\"so-panel widget widget_black-studio-tinymce widget_black_studio_tinymce panel-first-child panel-last-child\" data-index=\"20\" ><div class=\"textwidget\"><p><a href=\"http:\/\/divadlomv.cz\/cs\/trochta\/\" target=\"_blank\"><img class=\" aligncenter\" src=\"http:\/\/divadlomv.cz\/cs\/wp-content\/uploads\/2015\/10\/Trochta-Pavel_1.jpg\" alt=\"trochta\" \/><\/a><\/p>\n<p style=\"text-align: center;\"><span style=\"color: #800000;\"><strong>Pavel Trochta<\/strong><\/span><\/p>\n<\/div><\/div><\/div><div id=\"pgc-745-6-3\"  class=\"panel-grid-cell\" ><div id=\"panel-745-6-3-0\" class=\"so-panel widget widget_black-studio-tinymce widget_black_studio_tinymce panel-first-child panel-last-child\" data-index=\"21\" ><div class=\"textwidget\"><p><img class=\" aligncenter\" src=\"http:\/\/divadlomv.cz\/cs\/wp-content\/uploads\/2015\/10\/no_photo_1.jpg\" alt=\"no_photo\" width=\"120\" height=\"180\" \/><\/p>\n<p style=\"text-align: center;\"><span style=\"color: #800000;\"><strong>V\u00e1clav Vislous<\/strong><\/span><\/p>\n<\/div><\/div><\/div><div id=\"pgc-745-6-4\"  class=\"panel-grid-cell\" ><div id=\"panel-745-6-4-0\" class=\"so-panel widget widget_black-studio-tinymce widget_black_studio_tinymce panel-first-child panel-last-child\" data-index=\"22\" ><div class=\"textwidget\"><p><img class=\" aligncenter\" src=\"http:\/\/divadlomv.cz\/cs\/wp-content\/uploads\/2015\/10\/Zimmermann-Marek_1.jpg\" alt=\"zimmermann\" \/><\/p>\n<p style=\"text-align: center;\"><span style=\"color: #800000;\"><strong>Marek Zimmermann<\/strong><\/span><\/p>\n<\/div><\/div><\/div><\/div><\/div>","protected":false},"excerpt":{"rendered":"<p>\u010cESTN\u00dd \u010cLEN DIVADELN\u00cdHO STUDIA MV Petr Flori\u00e1n<\/p>\n<p class=\"continue-reading-button\"> <a class=\"continue-reading-link\" href=\"http:\/\/divadlomv.cz\/cs\/hoste\/\">v\u00edce&#8230;<i class=\"crycon-right-dir\"><\/i><\/a><\/p>\n","protected":false},"author":2,"featured_media":0,"parent":0,"menu_order":0,"comment_status":"closed","ping_status":"closed","template":"","meta":[],"acf":[],"_links":{"self":[{"href":"http:\/\/divadlomv.cz\/cs\/wp-json\/wp\/v2\/pages\/745"}],"collection":[{"href":"http:\/\/divadlomv.cz\/cs\/wp-json\/wp\/v2\/pages"}],"about":[{"href":"http:\/\/divadlomv.cz\/cs\/wp-json\/wp\/v2\/types\/page"}],"author":[{"embeddable":true,"href":"http:\/\/divadlomv.cz\/cs\/wp-json\/wp\/v2\/users\/2"}],"replies":[{"embeddable":true,"href":"http:\/\/divadlomv.cz\/cs\/wp-json\/wp\/v2\/comments?post=745"}],"version-history":[{"count":14,"href":"http:\/\/divadlomv.cz\/cs\/wp-json\/wp\/v2\/pages\/745\/revisions"}],"predecessor-version":[{"id":1803,"href":"http:\/\/divadlomv.cz\/cs\/wp-json\/wp\/v2\/pages\/745\/revisions\/1803"}],"wp:attachment":[{"href":"http:\/\/divadlomv.cz\/cs\/wp-json\/wp\/v2\/media?parent=745"}],"curies":[{"name":"wp","href":"https:\/\/api.w.org\/{rel}","templated":true}]}}